{"id":6290,"date":"2025-12-05T15:55:49","date_gmt":"2025-12-05T14:55:49","guid":{"rendered":"https:\/\/www.ifsi-clermont60.fr\/site\/?page_id=6290"},"modified":"2025-12-05T16:06:35","modified_gmt":"2025-12-05T15:06:35","slug":"formation-pssm","status":"publish","type":"page","link":"https:\/\/www.ifsi-clermont60.fr\/site\/index.php\/formation-pssm\/","title":{"rendered":"Formation PSSM"},"content":{"rendered":"\n<p class=\"has-text-align-center\">A l&rsquo;institut de formation \u00ab\u00a0Lucien Floury\u00a0\u00bb, <strong>nous r\u00e9alisons la formation Premier Secours en Sant\u00e9 Mentale (PSSM).<\/strong><\/p>\n\n\n\n<p class=\"has-text-align-center\">Deux de nos formatrices sont accr\u00e9dit\u00e9es pour cette formation \ud83d\udc4d<\/p>\n\n\n\n<figure class=\"wp-block-table\"><table class=\"has-fixed-layout\"><thead><tr><th class=\"has-text-align-center\" data-align=\"center\">Public concern\u00e9<\/th><th class=\"has-text-align-center\" data-align=\"center\">Pr\u00e9 requis<\/th><th class=\"has-text-align-center\" data-align=\"center\">Dur\u00e9e<\/th><\/tr><\/thead><tbody><tr><td class=\"has-text-align-center\" data-align=\"center\">\u25ba Tout public<\/td><td class=\"has-text-align-center\" data-align=\"center\">\u25ba Aucun<\/td><td class=\"has-text-align-center\" data-align=\"center\">\u25ba 2 jours<\/td><\/tr><\/tbody><\/table><\/figure>\n\n\n\n<h3 class=\"wp-block-heading\">Objectifs p\u00e9dagogiques :<\/h3>\n\n\n\n<ul class=\"wp-block-list\">\n<li>Acqu\u00e9rir des connaissances de base concernant les troubles de sant\u00e9 mentale<\/li>\n\n\n\n<li>Mieux appr\u00e9hender les diff\u00e9rents types de crises en sant\u00e9 mentale<\/li>\n\n\n\n<li>D\u00e9velopper des comp\u00e9tences relationnelles : \u00e9couter sans jugement, rassurer et donner de l\u2019information.<\/li>\n\n\n\n<li>Mieux faire face aux comportements agressif<\/li>\n<\/ul>\n\n\n\n<p>Les Premiers Secours en Sant\u00e9 Mentale constituent l\u2019aide qui est apport\u00e9e \u00e0 une personne qui subit le d\u00e9but d\u2019un trouble de sant\u00e9 mentale, une d\u00e9t\u00e9rioration d\u2019un trouble de sant\u00e9 mentale, ou qui est dans une phase de crise de sant\u00e9 mentale.<\/p>\n\n\n\n<p>Les premiers secours sont donn\u00e9s jusqu\u2019\u00e0 ce qu\u2019une aide professionnelle puisse \u00eatre apport\u00e9e, ou jusqu\u2019\u00e0 ce que la crise soit r\u00e9solue. Ils sont l\u2019\u00e9quivalent en sant\u00e9 mentale, des gestes de premier secours qui apportent une aide physique \u00e0 une personne en difficult\u00e9.<\/p>\n\n\n\n<div class=\"wp-block-buttons is-content-justification-center is-layout-flex wp-container-core-buttons-is-layout-16018d1d wp-block-buttons-is-layout-flex\">\n<div class=\"wp-block-button\"><a class=\"wp-block-button__link has-text-align-center wp-element-button\" href=\"https:\/\/www.ifsi-clermont60.fr\/site\/index.php\/catalogue\/\" style=\"border-top-left-radius:0px;border-top-right-radius:0px;border-bottom-left-radius:0px;border-bottom-right-radius:0px\" target=\"_blank\" rel=\"noreferrer noopener\">Voir notre catalogue ici<\/a><\/div>\n<\/div>\n\n\n\n<figure class=\"wp-block-embed is-type-video is-provider-youtube wp-block-embed-youtube wp-embed-aspect-16-9 wp-has-aspect-ratio\"><div class=\"wp-block-embed__wrapper\">\n<iframe title=\"Et si vous deveniez secouriste en sant\u00e9 mentale?\" width=\"500\" height=\"281\" src=\"https:\/\/www.youtube.com\/embed\/JvbYsg2eRrg?feature=oembed\" frameborder=\"0\" allow=\"accelerometer; autoplay; clipboard-write; encrypted-media; gyroscope; picture-in-picture; web-share\" referrerpolicy=\"strict-origin-when-cross-origin\" allowfullscreen><\/iframe>\n<\/div><\/figure>\n","protected":false},"excerpt":{"rendered":"<p>A l&rsquo;institut de formation \u00ab\u00a0Lucien Floury\u00a0\u00bb, nous r\u00e9alisons la formation Premier Secours en Sant\u00e9 Mentale (PSSM). Deux de nos formatrices sont accr\u00e9dit\u00e9es pour cette formation \ud83d\udc4d Public concern\u00e9 Pr\u00e9 requis&hellip;<\/p>\n","protected":false},"author":2,"featured_media":0,"parent":0,"menu_order":0,"comment_status":"closed","ping_status":"closed","template":"","meta":{"footnotes":""},"class_list":["post-6290","page","type-page","status-publish","hentry"],"jetpack_sharing_enabled":true,"_links":{"self":[{"href":"https:\/\/www.ifsi-clermont60.fr\/site\/index.php\/wp-json\/wp\/v2\/pages\/6290","targetHints":{"allow":["GET"]}}],"collection":[{"href":"https:\/\/www.ifsi-clermont60.fr\/site\/index.php\/wp-json\/wp\/v2\/pages"}],"about":[{"href":"https:\/\/www.ifsi-clermont60.fr\/site\/index.php\/wp-json\/wp\/v2\/types\/page"}],"author":[{"embeddable":true,"href":"https:\/\/www.ifsi-clermont60.fr\/site\/index.php\/wp-json\/wp\/v2\/users\/2"}],"replies":[{"embeddable":true,"href":"https:\/\/www.ifsi-clermont60.fr\/site\/index.php\/wp-json\/wp\/v2\/comments?post=6290"}],"version-history":[{"count":6,"href":"https:\/\/www.ifsi-clermont60.fr\/site\/index.php\/wp-json\/wp\/v2\/pages\/6290\/revisions"}],"predecessor-version":[{"id":6299,"href":"https:\/\/www.ifsi-clermont60.fr\/site\/index.php\/wp-json\/wp\/v2\/pages\/6290\/revisions\/6299"}],"wp:attachment":[{"href":"https:\/\/www.ifsi-clermont60.fr\/site\/index.php\/wp-json\/wp\/v2\/media?parent=6290"}],"curies":[{"name":"wp","href":"https:\/\/api.w.org\/{rel}","templated":true}]}}