{"id":6158,"date":"2025-10-31T15:01:18","date_gmt":"2025-10-31T14:01:18","guid":{"rendered":"https:\/\/www.ifsi-clermont60.fr\/site\/?page_id=6158"},"modified":"2025-10-31T15:01:19","modified_gmt":"2025-10-31T14:01:19","slug":"gouvernance-et-instances","status":"publish","type":"page","link":"https:\/\/www.ifsi-clermont60.fr\/site\/index.php\/gouvernance-et-instances\/","title":{"rendered":"Gouvernance et instances"},"content":{"rendered":"\n<p><strong>en construction<\/strong><\/p>\n\n\n\n<p>L&rsquo;IFSI\/IFAS est rattach\u00e9s \u00e0 l&rsquo;EPSM de l&rsquo;Oise.<br>L&rsquo;institut assure des formations r\u00e9pondant aux besoins en comp\u00e9tences des futurs professionnels de sant\u00e9 en vue d&rsquo;accompagner les besoins en sant\u00e9 de la population.<\/p>\n\n\n\n<p>Chaque institut de formation pr\u00e9parant \u00e0 l&rsquo;un des dipl\u00f4mes vis\u00e9es \u00e0 l&rsquo;article 1er sont constitu\u00e9es d&rsquo;une:<\/p>\n\n\n\n<details class=\"wp-block-details is-layout-flow wp-block-details-is-layout-flow\"><summary>&#8211; Instance Comp\u00e9tente pour les Orientations G\u00e9n\u00e9rales de l&rsquo;institut. (Lire la suite)<mark><br><\/mark><\/summary>\n<p><\/p>\n<\/details>\n\n\n\n<details class=\"wp-block-details is-layout-flow wp-block-details-is-layout-flow\"><summary>&#8211; Section comp\u00e9tente pour le traitement p\u00e9dagogique des situations individuelles des \u00e9tudiants.(Lire la suite)<mark><br><\/mark><\/summary>\n<p><\/p>\n<\/details>\n\n\n\n<details class=\"wp-block-details is-layout-flow wp-block-details-is-layout-flow\"><summary>&#8211; Section comp\u00e9tente pour le traitement des situations disciplinaires.(Lire la suite)<mark><br><\/mark><\/summary>\n<p><\/p>\n<\/details>\n\n\n\n<details class=\"wp-block-details is-layout-flow wp-block-details-is-layout-flow\"><summary>&#8211; Section relative \u00e0 la vie \u00e9tudiante. (Lire la suite)<mark><br><\/mark><\/summary>\n<p><\/p>\n<\/details>\n\n\n\n<p>La coordination et l&rsquo;information entre l&rsquo;instance et les sections sont assur\u00e9es par le directeur de l&rsquo;institut de formation.<\/p>\n","protected":false},"excerpt":{"rendered":"<p>en construction L&rsquo;IFSI\/IFAS est rattach\u00e9s \u00e0 l&rsquo;EPSM de l&rsquo;Oise.L&rsquo;institut assure des formations r\u00e9pondant aux besoins en comp\u00e9tences des futurs professionnels de sant\u00e9 en vue d&rsquo;accompagner les besoins en sant\u00e9 de&hellip;<\/p>\n","protected":false},"author":2,"featured_media":0,"parent":0,"menu_order":0,"comment_status":"closed","ping_status":"closed","template":"","meta":{"footnotes":""},"class_list":["post-6158","page","type-page","status-publish","hentry"],"jetpack_sharing_enabled":true,"_links":{"self":[{"href":"https:\/\/www.ifsi-clermont60.fr\/site\/index.php\/wp-json\/wp\/v2\/pages\/6158","targetHints":{"allow":["GET"]}}],"collection":[{"href":"https:\/\/www.ifsi-clermont60.fr\/site\/index.php\/wp-json\/wp\/v2\/pages"}],"about":[{"href":"https:\/\/www.ifsi-clermont60.fr\/site\/index.php\/wp-json\/wp\/v2\/types\/page"}],"author":[{"embeddable":true,"href":"https:\/\/www.ifsi-clermont60.fr\/site\/index.php\/wp-json\/wp\/v2\/users\/2"}],"replies":[{"embeddable":true,"href":"https:\/\/www.ifsi-clermont60.fr\/site\/index.php\/wp-json\/wp\/v2\/comments?post=6158"}],"version-history":[{"count":1,"href":"https:\/\/www.ifsi-clermont60.fr\/site\/index.php\/wp-json\/wp\/v2\/pages\/6158\/revisions"}],"predecessor-version":[{"id":6160,"href":"https:\/\/www.ifsi-clermont60.fr\/site\/index.php\/wp-json\/wp\/v2\/pages\/6158\/revisions\/6160"}],"wp:attachment":[{"href":"https:\/\/www.ifsi-clermont60.fr\/site\/index.php\/wp-json\/wp\/v2\/media?parent=6158"}],"curies":[{"name":"wp","href":"https:\/\/api.w.org\/{rel}","templated":true}]}}