{"id":6116,"date":"2025-10-31T13:37:22","date_gmt":"2025-10-31T12:37:22","guid":{"rendered":"https:\/\/www.ifsi-clermont60.fr\/site\/?page_id=6116"},"modified":"2025-10-31T13:37:23","modified_gmt":"2025-10-31T12:37:23","slug":"laide-a-la-reussite","status":"publish","type":"page","link":"https:\/\/www.ifsi-clermont60.fr\/site\/index.php\/laide-a-la-reussite\/","title":{"rendered":"L&rsquo;Aide \u00e0 la r\u00e9ussite"},"content":{"rendered":"\n<p class=\"has-drop-cap has-background\" style=\"background-color:#e0e7ed\">Au-del\u00e0 des actions d\u00e9j\u00e0 mises en \u0153uvre depuis plusieurs ann\u00e9es pour favoriser vos apprentissages professionnels (voir ci-dessous) et ainsi favoriser votre r\u00e9ussite pour devenir infirmier ou aide-soignant, <strong>nous portons un focus tout particuliers sur l\u2019entr\u00e9e en formation des L1 et des \u00e9l\u00e8ves aide soignants.<\/strong><\/p>\n\n\n\n<p class=\"has-text-align-center\">Les moyens mis en \u0153uvre par l\u2019ensemble de l\u2019\u00e9quipe p\u00e9dagogique ont pour objectifs de vous permettre de :<\/p>\n\n\n\n<figure class=\"wp-block-table is-style-stripes\"><table class=\"has-background has-fixed-layout\" style=\"background:linear-gradient(135deg,rgb(255,245,203) 24%,rgb(182,227,212) 63%,rgb(51,167,181) 100%)\"><tbody><tr><td>Vous entra\u00eener (\u00e0 la prise de notes efficace, \u00e0 la r\u00e9alisation de supports pour vos apprentissages, \u00e0 vous auto\u00e9valuer et \u00e0 r\u00e9ussir vos apprentissages).<\/td><td>Vous organiser devant toutes les mati\u00e8res nouvelles, le grand nombre de connaissances, d\u2019attitudes, d\u2019habilet\u00e9s \u00e0 acqu\u00e9rir et d\u2019\u00e9valuations \u00e0 valider (r\u00e9aliser un planning de travail, g\u00e9rer son temps efficacement)<\/td><\/tr><tr><td>\u2022D\u00e9velopper et am\u00e9liorer vos capacit\u00e9s d\u2019apprentissages, de m\u00e9morisation \u00e0 long terme dans le contexte de la formation \u00e0 l IFSI grade licence et de l IFAS (apprendre \u00e0 apprendre)<\/td><td>Prendre conscience de l\u2019importance de prendre soin de soi (manger correctement, dormir suffisamment, faire du sport, g\u00e9rer le stress\u2026)<\/td><\/tr><tr><td>\u2022Soutenir votre motivation, en vous faisant vous projeter dans votre projet de formation pour un devenir d\u2019infirmier\/aide-soignant<\/td><td>Comprendre ce que sont nos attendus en mati\u00e8re de connaissances essentielles, d\u2019habilet\u00e9s relationnelles et techniques<\/td><\/tr><tr><td>\u2022D\u00e9couvrir votre m\u00e9tier d\u2019\u00e9tudiant \/\u00e9l\u00e8ve en formation professionnelle<\/td><td>Vous d\u00e9veloppez en termes de r\u00e9flexion professionnelle et d\u2019autonomie en vous appuyant <strong>sur votre \u00ab&nbsp;bon sens&nbsp;\u00bb<\/strong><\/td><\/tr><\/tbody><\/table><\/figure>\n\n\n\n<p class=\"has-text-align-center has-white-color has-text-color has-background\" style=\"background-color:#277228\">CEPENDANT TOUS CES MOYENS PROPOS\u00c9S ET MIS EN OEUVRE POUR VOUS ACCOMPAGNER VERS VOTRE R\u00c9USSITE NE SERONT JAMAIS SUFFISANTS SANS <strong>VOTRE IMPLICATION, VOTRE ENGAGEMENT ET VOTRE TRAVAIL.<\/strong><\/p>\n\n\n<div class=\"wp-block-image is-style-default\">\n<figure class=\"aligncenter is-resized\"><img decoding=\"async\" src=\"https:\/\/media.istockphoto.com\/photos\/together-we-can-do-anything-picture-id639336742?k=20&amp;m=639336742&amp;s=612x612&amp;w=0&amp;h=euJcT7NhlSXhCP7a6rPg_zKIaLdVOoIsxXPoCr3ETiE=\" alt=\"ensemble, nous pouvons faire quoi que ce soit  - r\u00e9ussite photos et images de collection\" style=\"width:366px;height:250px\"\/><figcaption class=\"wp-element-caption\"><strong><mark style=\"background-color:rgba(0, 0, 0, 0)\" class=\"has-inline-color has-luminous-vivid-orange-color\">VOTRE R\u00c9USSITE VOUS APPARTIENT !!<\/mark><\/strong> <\/figcaption><\/figure>\n<\/div>\n\n<p><span style=\"color: #3366ff;\"><strong>Quelques uns des dispositifs d\u00e9velopp\u00e9s par l\u2019\u00e9quipe p\u00e9dagogique :<\/strong><\/span><\/p>\n\n\n<div class=\"alignnormal\"><div id=\"metaslider-id-5491\" style=\"width: 100%;\" class=\"ml-slider-3-108-0 metaslider metaslider-flex metaslider-5491 ml-slider has-dots-nav ms-theme-default-base\" role=\"region\" aria-label=\"Aide \u00e0 la r\u00e9ussi partie th\u00e9orique et clinique\" data-height=\"300\" data-width=\"700\">\n    <div id=\"metaslider_container_5491\">\n        <div id=\"metaslider_5491\">\n            <ul class='slides'>\n                <li style=\"display: block; width: 100%;\" class=\"slide-5498 ms-image \" aria-roledescription=\"slide\" data-date=\"2025-08-19 14:56:12\" data-filename=\"Diapositive4-2.jpg\" data-slide-type=\"image\"><img fetchpriority=\"high\" decoding=\"async\" width=\"1280\" height=\"720\" src=\"https:\/\/www.ifsi-clermont60.fr\/site\/wp-content\/uploads\/2025\/08\/Diapositive4-2.jpg\" class=\"slider-5491 slide-5498 msDefaultImage\" alt=\"\" rel=\"\" title=\"Diapositive4\" srcset=\"https:\/\/www.ifsi-clermont60.fr\/site\/wp-content\/uploads\/2025\/08\/Diapositive4-2.jpg 1280w, https:\/\/www.ifsi-clermont60.fr\/site\/wp-content\/uploads\/2025\/08\/Diapositive4-2-300x169.jpg 300w, https:\/\/www.ifsi-clermont60.fr\/site\/wp-content\/uploads\/2025\/08\/Diapositive4-2-1024x576.jpg 1024w, https:\/\/www.ifsi-clermont60.fr\/site\/wp-content\/uploads\/2025\/08\/Diapositive4-2-768x432.jpg 768w\" sizes=\"(max-width: 1280px) 100vw, 1280px\" \/><\/li>\n                <li style=\"display: none; width: 100%;\" class=\"slide-5499 ms-image \" aria-roledescription=\"slide\" data-date=\"2025-08-19 14:56:13\" data-filename=\"Diapositive5-2.jpg\" data-slide-type=\"image\"><img decoding=\"async\" width=\"1280\" height=\"720\" src=\"https:\/\/www.ifsi-clermont60.fr\/site\/wp-content\/uploads\/2025\/08\/Diapositive5-2.jpg\" class=\"slider-5491 slide-5499 msDefaultImage\" alt=\"\" rel=\"\" title=\"Diapositive5\" srcset=\"https:\/\/www.ifsi-clermont60.fr\/site\/wp-content\/uploads\/2025\/08\/Diapositive5-2.jpg 1280w, https:\/\/www.ifsi-clermont60.fr\/site\/wp-content\/uploads\/2025\/08\/Diapositive5-2-300x169.jpg 300w, https:\/\/www.ifsi-clermont60.fr\/site\/wp-content\/uploads\/2025\/08\/Diapositive5-2-1024x576.jpg 1024w, https:\/\/www.ifsi-clermont60.fr\/site\/wp-content\/uploads\/2025\/08\/Diapositive5-2-768x432.jpg 768w\" sizes=\"(max-width: 1280px) 100vw, 1280px\" \/><\/li>\n                <li style=\"display: none; width: 100%;\" class=\"slide-5500 ms-image \" aria-roledescription=\"slide\" data-date=\"2025-08-19 14:56:13\" data-filename=\"Diapositive6-2.jpg\" data-slide-type=\"image\"><img decoding=\"async\" width=\"1280\" height=\"720\" src=\"https:\/\/www.ifsi-clermont60.fr\/site\/wp-content\/uploads\/2025\/08\/Diapositive6-2.jpg\" class=\"slider-5491 slide-5500 msDefaultImage\" alt=\"\" rel=\"\" title=\"Diapositive6\" srcset=\"https:\/\/www.ifsi-clermont60.fr\/site\/wp-content\/uploads\/2025\/08\/Diapositive6-2.jpg 1280w, https:\/\/www.ifsi-clermont60.fr\/site\/wp-content\/uploads\/2025\/08\/Diapositive6-2-300x169.jpg 300w, https:\/\/www.ifsi-clermont60.fr\/site\/wp-content\/uploads\/2025\/08\/Diapositive6-2-1024x576.jpg 1024w, https:\/\/www.ifsi-clermont60.fr\/site\/wp-content\/uploads\/2025\/08\/Diapositive6-2-768x432.jpg 768w\" sizes=\"(max-width: 1280px) 100vw, 1280px\" \/><\/li>\n                <li style=\"display: none; width: 100%;\" class=\"slide-5501 ms-image \" aria-roledescription=\"slide\" data-date=\"2025-08-19 14:56:13\" data-filename=\"Diapositive7-2.jpg\" data-slide-type=\"image\"><img loading=\"lazy\" decoding=\"async\" width=\"1280\" height=\"720\" src=\"https:\/\/www.ifsi-clermont60.fr\/site\/wp-content\/uploads\/2025\/08\/Diapositive7-2.jpg\" class=\"slider-5491 slide-5501 msDefaultImage\" alt=\"\" rel=\"\" title=\"Diapositive7\" srcset=\"https:\/\/www.ifsi-clermont60.fr\/site\/wp-content\/uploads\/2025\/08\/Diapositive7-2.jpg 1280w, https:\/\/www.ifsi-clermont60.fr\/site\/wp-content\/uploads\/2025\/08\/Diapositive7-2-300x169.jpg 300w, https:\/\/www.ifsi-clermont60.fr\/site\/wp-content\/uploads\/2025\/08\/Diapositive7-2-1024x576.jpg 1024w, https:\/\/www.ifsi-clermont60.fr\/site\/wp-content\/uploads\/2025\/08\/Diapositive7-2-768x432.jpg 768w\" sizes=\"(max-width: 1280px) 100vw, 1280px\" \/><\/li>\n                <li style=\"display: none; width: 100%;\" class=\"slide-5502 ms-image \" aria-roledescription=\"slide\" data-date=\"2025-08-19 14:56:13\" data-filename=\"Diapositive8-2.jpg\" data-slide-type=\"image\"><img loading=\"lazy\" decoding=\"async\" width=\"1280\" height=\"720\" src=\"https:\/\/www.ifsi-clermont60.fr\/site\/wp-content\/uploads\/2025\/08\/Diapositive8-2.jpg\" class=\"slider-5491 slide-5502 msDefaultImage\" alt=\"\" rel=\"\" title=\"Diapositive8\" srcset=\"https:\/\/www.ifsi-clermont60.fr\/site\/wp-content\/uploads\/2025\/08\/Diapositive8-2.jpg 1280w, https:\/\/www.ifsi-clermont60.fr\/site\/wp-content\/uploads\/2025\/08\/Diapositive8-2-300x169.jpg 300w, https:\/\/www.ifsi-clermont60.fr\/site\/wp-content\/uploads\/2025\/08\/Diapositive8-2-1024x576.jpg 1024w, https:\/\/www.ifsi-clermont60.fr\/site\/wp-content\/uploads\/2025\/08\/Diapositive8-2-768x432.jpg 768w\" sizes=\"(max-width: 1280px) 100vw, 1280px\" \/><\/li>\n                <li style=\"display: none; width: 100%;\" class=\"slide-5503 ms-image \" aria-roledescription=\"slide\" data-date=\"2025-08-19 14:56:13\" data-filename=\"Diapositive9-1.jpg\" data-slide-type=\"image\"><img loading=\"lazy\" decoding=\"async\" width=\"1280\" height=\"720\" src=\"https:\/\/www.ifsi-clermont60.fr\/site\/wp-content\/uploads\/2025\/08\/Diapositive9-1.jpg\" class=\"slider-5491 slide-5503 msDefaultImage\" alt=\"\" rel=\"\" title=\"Diapositive9\" srcset=\"https:\/\/www.ifsi-clermont60.fr\/site\/wp-content\/uploads\/2025\/08\/Diapositive9-1.jpg 1280w, https:\/\/www.ifsi-clermont60.fr\/site\/wp-content\/uploads\/2025\/08\/Diapositive9-1-300x169.jpg 300w, https:\/\/www.ifsi-clermont60.fr\/site\/wp-content\/uploads\/2025\/08\/Diapositive9-1-1024x576.jpg 1024w, https:\/\/www.ifsi-clermont60.fr\/site\/wp-content\/uploads\/2025\/08\/Diapositive9-1-768x432.jpg 768w\" sizes=\"(max-width: 1280px) 100vw, 1280px\" \/><\/li>\n            <\/ul>\n        <\/div>\n        \n    <\/div>\n<\/div><\/div>\n\n\n\n<figure class=\"wp-block-table is-style-stripes\"><table><thead><tr><th><strong>D\u2019autres actions pour les ESI et EAS :<\/strong><\/th><\/tr><\/thead><tbody><tr><td> D\u00e9pistage au plus vite des ESI en difficult\u00e9 et mise en \u0153uvre d&rsquo;un dispositif d\u2019accompagnement&nbsp;et de soutien<\/td><\/tr><tr><td>Un dispositif d\u2019accompagnement psycho social formalis\u00e9&nbsp;s\u2019appuyant sur un dispositif r\u00e9gional d\u2019aide aux \u00e9tudiants et sur les ressources du CHI (psychologue et assistante sociale du CHI)<\/td><\/tr><\/tbody><\/table><\/figure>\n","protected":false},"excerpt":{"rendered":"<p>Au-del\u00e0 des actions d\u00e9j\u00e0 mises en \u0153uvre depuis plusieurs ann\u00e9es pour favoriser vos apprentissages professionnels (voir ci-dessous) et ainsi favoriser votre r\u00e9ussite pour devenir infirmier ou aide-soignant, nous portons un&hellip;<\/p>\n","protected":false},"author":2,"featured_media":0,"parent":0,"menu_order":0,"comment_status":"closed","ping_status":"closed","template":"","meta":{"footnotes":""},"class_list":["post-6116","page","type-page","status-publish","hentry"],"jetpack_sharing_enabled":true,"_links":{"self":[{"href":"https:\/\/www.ifsi-clermont60.fr\/site\/index.php\/wp-json\/wp\/v2\/pages\/6116","targetHints":{"allow":["GET"]}}],"collection":[{"href":"https:\/\/www.ifsi-clermont60.fr\/site\/index.php\/wp-json\/wp\/v2\/pages"}],"about":[{"href":"https:\/\/www.ifsi-clermont60.fr\/site\/index.php\/wp-json\/wp\/v2\/types\/page"}],"author":[{"embeddable":true,"href":"https:\/\/www.ifsi-clermont60.fr\/site\/index.php\/wp-json\/wp\/v2\/users\/2"}],"replies":[{"embeddable":true,"href":"https:\/\/www.ifsi-clermont60.fr\/site\/index.php\/wp-json\/wp\/v2\/comments?post=6116"}],"version-history":[{"count":1,"href":"https:\/\/www.ifsi-clermont60.fr\/site\/index.php\/wp-json\/wp\/v2\/pages\/6116\/revisions"}],"predecessor-version":[{"id":6118,"href":"https:\/\/www.ifsi-clermont60.fr\/site\/index.php\/wp-json\/wp\/v2\/pages\/6116\/revisions\/6118"}],"wp:attachment":[{"href":"https:\/\/www.ifsi-clermont60.fr\/site\/index.php\/wp-json\/wp\/v2\/media?parent=6116"}],"curies":[{"name":"wp","href":"https:\/\/api.w.org\/{rel}","templated":true}]}}