{"id":6038,"date":"2025-10-29T14:17:43","date_gmt":"2025-10-29T13:17:43","guid":{"rendered":"https:\/\/www.ifsi-clermont60.fr\/site\/?page_id=6038"},"modified":"2025-10-29T14:17:44","modified_gmt":"2025-10-29T13:17:44","slug":"service-sanitaire","status":"publish","type":"page","link":"https:\/\/www.ifsi-clermont60.fr\/site\/index.php\/service-sanitaire\/","title":{"rendered":"Service Sanitaire"},"content":{"rendered":"\n<p>Le service sanitaire des \u00e9tudiants en sant\u00e9 (SSES) est un dispositif obligatoire, mis en place en 2018 et int\u00e9gr\u00e9 \u00e0 la formation des \u00e9tudiants en sant\u00e9. Il s\u2019inscrit dans la strat\u00e9gie nationale de sant\u00e9 et son axe pr\u00e9ventif et est pilot\u00e9, \u00e0 l\u2019\u00e9chelle r\u00e9gionale, par l\u2019ARS Hauts-de-France et le Recteur de la r\u00e9gion acad\u00e9mique. Le service sanitaire consiste en la r\u00e9alisation d\u2019une action concr\u00e8te de pr\u00e9vention primaire et de promotion de la<br>sant\u00e9 \u00e0 destination d\u2019un public cible au sein d\u2019une structure volontaire pour accueillir en stage un groupe d\u2019\u00e9tudiants.<\/p>\n\n\n\n<div class=\"wp-block-buttons is-layout-flex wp-block-buttons-is-layout-flex\">\n<div class=\"wp-block-button\"><a class=\"wp-block-button__link wp-element-button\" href=\"https:\/\/www.ifsi-clermont60.fr\/site\/wp-content\/uploads\/2024\/11\/PPT-SESA.pdf\" style=\"border-radius:0px\">Explications &#8211; Plaquette SESA UPJV Picardie<\/a><\/div>\n<\/div>\n\n\n\n<figure class=\"wp-block-embed is-type-video is-provider-youtube wp-block-embed-youtube wp-embed-aspect-16-9 wp-has-aspect-ratio\"><div class=\"wp-block-embed__wrapper\">\n<iframe title=\"Le service sanitaire, les formations en sant\u00e9 au service de la pr\u00e9vention\" width=\"500\" height=\"281\" src=\"https:\/\/www.youtube.com\/embed\/Ap3kw8cpcy0?feature=oembed\" frameborder=\"0\" allow=\"accelerometer; autoplay; clipboard-write; encrypted-media; gyroscope; picture-in-picture; web-share\" referrerpolicy=\"strict-origin-when-cross-origin\" allowfullscreen><\/iframe>\n<\/div><\/figure>\n\n\n\n<p><\/p>\n","protected":false},"excerpt":{"rendered":"<p>Le service sanitaire des \u00e9tudiants en sant\u00e9 (SSES) est un dispositif obligatoire, mis en place en 2018 et int\u00e9gr\u00e9 \u00e0 la formation des \u00e9tudiants en sant\u00e9. Il s\u2019inscrit dans la&hellip;<\/p>\n","protected":false},"author":2,"featured_media":0,"parent":0,"menu_order":0,"comment_status":"closed","ping_status":"closed","template":"","meta":{"footnotes":""},"class_list":["post-6038","page","type-page","status-publish","hentry"],"jetpack_sharing_enabled":true,"_links":{"self":[{"href":"https:\/\/www.ifsi-clermont60.fr\/site\/index.php\/wp-json\/wp\/v2\/pages\/6038","targetHints":{"allow":["GET"]}}],"collection":[{"href":"https:\/\/www.ifsi-clermont60.fr\/site\/index.php\/wp-json\/wp\/v2\/pages"}],"about":[{"href":"https:\/\/www.ifsi-clermont60.fr\/site\/index.php\/wp-json\/wp\/v2\/types\/page"}],"author":[{"embeddable":true,"href":"https:\/\/www.ifsi-clermont60.fr\/site\/index.php\/wp-json\/wp\/v2\/users\/2"}],"replies":[{"embeddable":true,"href":"https:\/\/www.ifsi-clermont60.fr\/site\/index.php\/wp-json\/wp\/v2\/comments?post=6038"}],"version-history":[{"count":1,"href":"https:\/\/www.ifsi-clermont60.fr\/site\/index.php\/wp-json\/wp\/v2\/pages\/6038\/revisions"}],"predecessor-version":[{"id":6041,"href":"https:\/\/www.ifsi-clermont60.fr\/site\/index.php\/wp-json\/wp\/v2\/pages\/6038\/revisions\/6041"}],"wp:attachment":[{"href":"https:\/\/www.ifsi-clermont60.fr\/site\/index.php\/wp-json\/wp\/v2\/media?parent=6038"}],"curies":[{"name":"wp","href":"https:\/\/api.w.org\/{rel}","templated":true}]}}