{"id":6012,"date":"2025-10-29T13:08:42","date_gmt":"2025-10-29T12:08:42","guid":{"rendered":"https:\/\/www.ifsi-clermont60.fr\/site\/?page_id=6012"},"modified":"2025-10-29T13:16:08","modified_gmt":"2025-10-29T12:16:08","slug":"conditions-generales-de-vente","status":"publish","type":"page","link":"https:\/\/www.ifsi-clermont60.fr\/site\/index.php\/conditions-generales-de-vente\/","title":{"rendered":"Conditions g\u00e9n\u00e9rales de vente"},"content":{"rendered":"\n<p>L\u2019institut de formation du Centre Hospitalier Isarien &#8211; EPSM de l\u2019Oise propose des actions de formation continue. A ce titre, il est un organisme de formation professionnelle dont l\u2019adresse est :<\/p>\n\n\n\n<p class=\"has-text-align-center\"><strong>Institut de formation \u00ab\u00a0Lucien Floury<\/strong><br>2 Rue des Finets-60600 Clermont<br>Adresse GPS : Rue Guy Boulet &#8211; 60600 Fitz James<br>Num\u00e9ro SIREN : 26600711100138 &#8211; Code APE : 8559B<br>Mail : <a href=\"mailto:ifsi@chi-clermont.fr\">ifsi.formationcontinue@chi-clermont.fr<\/a><\/p>\n\n\n\n<p>L\u2019institut de formation dispense des formations en inter \u00e9tablissement au sein de ses locaux et peut organiser sur demande des formations sur le site de l\u2019organisme b\u00e9n\u00e9ficiaire<br><br><strong>D\u00e9finitions :<\/strong><br>Organisme b\u00e9n\u00e9ficiaire : est le signataire de la convention.<br>Apprenant : Personne qui suit la formation.<br><br><strong>Objet et champ d\u2019application :<\/strong><br>Les pr\u00e9sentes Conditions G\u00e9n\u00e9rales de Vente d\u00e9terminent les conditions applicables aux prestations de formation effectu\u00e9es par l\u2019institut de formation pour le compte d\u2019un organisme b\u00e9n\u00e9ficiaire. Toute commande de formation implique l\u2019acceptation sans r\u00e9serve des pr\u00e9sentes Conditions G\u00e9n\u00e9rales de Vente.<br><br><strong>Convention de Formation et attestation :<\/strong><br>Pour chaque formation, l\u2019institut de formation adresse une convention de formation \u00e0 l\u2019organisme b\u00e9n\u00e9ficiaire. Ce dernier est tenu de retourner \u00e0 l\u2019institut de formation un mois avant le d\u00e9but de la formation un exemplaire dat\u00e9, sign\u00e9 et tamponn\u00e9, ainsi que la liste des apprenants. Une attestation de pr\u00e9sence ou de fin de formation sera remise aux apprenants et un exemplaire sera adress\u00e9 \u00e0 l\u2019employeur.<br><br><strong>Modalit\u00e9s de paiement et prise en charge :<\/strong><br>Le paiement est \u00e0 effectuer apr\u00e8s ex\u00e9cution de la prestation, \u00e0 la r\u00e9ception du titre de recettes \u00e9mis par le service des Finances du Centre Hospitalier Isarien \u00e0 l\u2019organisme b\u00e9n\u00e9ficiaire.<br><br><strong>Conditions d\u2019annulation et de report de l\u2019action de formation :<\/strong><br>Toute formation commenc\u00e9e est due en totalit\u00e9, de m\u00eame si l\u2019apprenant ne s\u2019est pas pr\u00e9sent\u00e9.<br>Une indemnisation sera per\u00e7ue par l\u2019institut de formation selon le bar\u00e8me suivant, en cas de d\u00e9sistement de la part de l\u2019organisme b\u00e9n\u00e9ficiaire :<br>\u25ba De 1 mois \u00e0 15 jours avant le d\u00e9but de la formation : 50 %<br>\u25ba A moins de deux semaines : 100 %<br>L\u2019institut de formation se r\u00e9serve le droit de reporter ou d\u2019annuler une formation, de modifier le lieu de son d\u00e9roulement ou le choix des animateurs, si des circonstances ind\u00e9pendantes de sa volont\u00e9 l\u2019y obligent. L\u2019annulation de la formation par l\u2019institut de formation entraine une nouvelle programmation en concertation avec l\u2019organisme b\u00e9n\u00e9ficiaire.<br><br><strong>Obligation de l\u2019apprenant :<\/strong><br>Si la formation est organis\u00e9e par l\u2019organisme b\u00e9n\u00e9ficiaire dans ses locaux, le stagiaire reste soumis au pouvoir de discipline de l\u2019employeur.<br>Si la formation est assur\u00e9e dans les locaux de l\u2019institut de formation, l\u2019apprenant doit respecter le r\u00e8glement int\u00e9rieur de l\u2019institut de formation. Il doit imp\u00e9rativement signer la feuille d\u2019\u00e9margement mise \u00e0 sa disposition.<br><br><strong>Programme de formation :<\/strong><br>S\u2019il le juge n\u00e9cessaire, l\u2019intervenant pourra modifier les contenus des formations selon les dynamiques du groupe ou les besoins des participants.<br><br><strong>Politique d\u2019inclusion :<\/strong><br>Les supports papiers de formation peuvent \u00eatre adapt\u00e9s en fonction des besoins des personnes en situation de<br>handicap dits invisibles. Cette information est \u00e0 pr\u00e9ciser par l\u2019organisme b\u00e9n\u00e9ficiaire lors de la signature de la<br>convention.<br><br><strong>Propri\u00e9t\u00e9 intellectuelle et droit d\u2019auteur :<\/strong><br>Les supports de formation, quelle qu\u2019en soit la forme (papier, num\u00e9rique), sont prot\u00e9g\u00e9s par la propri\u00e9t\u00e9 intellectuelle et le droit d\u2019auteur. Leur reproduction, partielle ou totale, ne peut \u00eatre effectu\u00e9e sans l\u2019accord expr\u00e8s de l\u2019institut de formation. L\u2019organisme b\u00e9n\u00e9ficiaire s\u2019engage \u00e0 ne pas utiliser, transmettre ou reproduire tout ou en partie les documents remis aux apprenants sous peine de sanction dans le cadre de l\u2019article L335-2 du code de la propri\u00e9t\u00e9 intellectuelle.<br><br><strong>Donn\u00e9es personnelles :<br><\/strong>Les donn\u00e9es personnelles communiqu\u00e9es sont utiles pour le traitement de l\u2019inscription et la gestion administrative de la prestation.<br>Les donn\u00e9es collect\u00e9es font l\u2019objet d\u2019un traitement conforme aux obligations applicables en la mati\u00e8re notamment pr\u00e9vues par le R\u00e8glement europ\u00e9en sur la protection des donn\u00e9es personnelles du 27 avril 2016 et la Loi Informatique et Libert\u00e9s du 6 janvier 1978 modifi\u00e9e.<br>Pour toute question \u00e0 ce sujet ou pour exercer les droits susvis\u00e9s, le D\u00e9l\u00e9gu\u00e9 \u00e0 la protection des donn\u00e9es peut \u00eatre contact\u00e9 (en joignant la copie d\u2019une carte d\u2019identit\u00e9):<br>\u25ba Par courriel \u00e0 l\u2019adresse suivante : dpo@chi-clermont.fr<br>\u25ba Par courrier \u00e0 l\u2019adresse suivante : <br>Centre Hospitalier Isarien &#8211; D\u00e9l\u00e9gu\u00e9 \u00e0 la Protection des Donn\u00e9es &#8211; 2 rue des Finets &#8211; 60600 Clermont de l\u2019Oise<br>L\u2019organisme b\u00e9n\u00e9ficiaire dispose en tout \u00e9tat de cause, du droit d\u2019introduire une r\u00e9clamation aupr\u00e8s de l\u2019autorit\u00e9 de contr\u00f4le. En France, l\u2019autorit\u00e9 de contr\u00f4le est la Commission Nationale de l\u2019Informatique et des Libert\u00e9s (adresse postale : 3 place de Fontenoy \u2013 TSA 80715 -75334 Paris Cedex 07, t\u00e9l\u00e9phone: 01 53 73 22 22, site : www.cnil.fr).<\/p>\n\n\n\n<div class=\"wp-block-buttons is-layout-flex wp-block-buttons-is-layout-flex\">\n<div class=\"wp-block-button has-custom-width wp-block-button__width-50 is-style-outline is-style-outline--1\"><a class=\"wp-block-button__link has-pale-cyan-blue-background-color has-background wp-element-button\" href=\"https:\/\/www.ifsi-clermont60.fr\/site\/wp-content\/uploads\/2025\/09\/Conditions-Generales-de-Vente-v2.pdf\" style=\"padding-top:0;padding-right:0;padding-bottom:0;padding-left:0\" target=\"_blank\" rel=\"noreferrer noopener\">Voir CGV<\/a><\/div>\n<\/div>\n","protected":false},"excerpt":{"rendered":"<p>L\u2019institut de formation du Centre Hospitalier Isarien &#8211; EPSM de l\u2019Oise propose des actions de formation continue. A ce titre, il est un organisme de formation professionnelle dont l\u2019adresse est&hellip;<\/p>\n","protected":false},"author":2,"featured_media":0,"parent":0,"menu_order":0,"comment_status":"closed","ping_status":"closed","template":"","meta":{"footnotes":""},"class_list":["post-6012","page","type-page","status-publish","hentry"],"jetpack_sharing_enabled":true,"_links":{"self":[{"href":"https:\/\/www.ifsi-clermont60.fr\/site\/index.php\/wp-json\/wp\/v2\/pages\/6012","targetHints":{"allow":["GET"]}}],"collection":[{"href":"https:\/\/www.ifsi-clermont60.fr\/site\/index.php\/wp-json\/wp\/v2\/pages"}],"about":[{"href":"https:\/\/www.ifsi-clermont60.fr\/site\/index.php\/wp-json\/wp\/v2\/types\/page"}],"author":[{"embeddable":true,"href":"https:\/\/www.ifsi-clermont60.fr\/site\/index.php\/wp-json\/wp\/v2\/users\/2"}],"replies":[{"embeddable":true,"href":"https:\/\/www.ifsi-clermont60.fr\/site\/index.php\/wp-json\/wp\/v2\/comments?post=6012"}],"version-history":[{"count":2,"href":"https:\/\/www.ifsi-clermont60.fr\/site\/index.php\/wp-json\/wp\/v2\/pages\/6012\/revisions"}],"predecessor-version":[{"id":6020,"href":"https:\/\/www.ifsi-clermont60.fr\/site\/index.php\/wp-json\/wp\/v2\/pages\/6012\/revisions\/6020"}],"wp:attachment":[{"href":"https:\/\/www.ifsi-clermont60.fr\/site\/index.php\/wp-json\/wp\/v2\/media?parent=6012"}],"curies":[{"name":"wp","href":"https:\/\/api.w.org\/{rel}","templated":true}]}}