{"id":5864,"date":"2025-10-23T16:21:46","date_gmt":"2025-10-23T14:21:46","guid":{"rendered":"https:\/\/www.ifsi-clermont60.fr\/site\/?page_id=5864"},"modified":"2026-02-25T12:25:15","modified_gmt":"2026-02-25T11:25:15","slug":"cordee-de-la-reussite","status":"publish","type":"page","link":"https:\/\/www.ifsi-clermont60.fr\/site\/index.php\/cordee-de-la-reussite\/","title":{"rendered":"Cord\u00e9e de la R\u00e9ussite"},"content":{"rendered":"\n<p><strong>Dispositif Cord\u00e9e de la r\u00e9ussite et nos lyc\u00e9es partenaires<br><\/strong><\/p>\n\n\n<div class=\"wp-block-image\">\n<figure class=\"aligncenter size-full\"><img fetchpriority=\"high\" decoding=\"async\" width=\"730\" height=\"156\" src=\"https:\/\/www.ifsi-clermont60.fr\/site\/wp-content\/uploads\/2025\/09\/image-3.png\" alt=\"\" class=\"wp-image-5662\" srcset=\"https:\/\/www.ifsi-clermont60.fr\/site\/wp-content\/uploads\/2025\/09\/image-3.png 730w, https:\/\/www.ifsi-clermont60.fr\/site\/wp-content\/uploads\/2025\/09\/image-3-300x64.png 300w\" sizes=\"(max-width: 730px) 100vw, 730px\" \/><\/figure>\n<\/div>\n\n<div class=\"wp-block-image\">\n<figure class=\"aligncenter size-large is-resized\"><img decoding=\"async\" width=\"1024\" height=\"273\" src=\"https:\/\/www.ifsi-clermont60.fr\/site\/wp-content\/uploads\/2026\/02\/image-1024x273.png\" alt=\"\" class=\"wp-image-6491\" style=\"aspect-ratio:3.7510466089868824;width:405px;height:auto\" srcset=\"https:\/\/www.ifsi-clermont60.fr\/site\/wp-content\/uploads\/2026\/02\/image-1024x273.png 1024w, https:\/\/www.ifsi-clermont60.fr\/site\/wp-content\/uploads\/2026\/02\/image-300x80.png 300w, https:\/\/www.ifsi-clermont60.fr\/site\/wp-content\/uploads\/2026\/02\/image-768x205.png 768w, https:\/\/www.ifsi-clermont60.fr\/site\/wp-content\/uploads\/2026\/02\/image-1536x410.png 1536w, https:\/\/www.ifsi-clermont60.fr\/site\/wp-content\/uploads\/2026\/02\/image.png 1667w\" sizes=\"(max-width: 1024px) 100vw, 1024px\" \/><figcaption class=\"wp-element-caption\">Avec le soutien du minist\u00e8re charg\u00e9 de la ville<\/figcaption><\/figure>\n<\/div>\n\n\n<p>En tant qu\u2019\u00e9tablissement de l\u2019enseignement sup\u00e9rieur, l\u2019Institut de Formation \u00abLucien Floury\u00bb est reconnu \u00abT\u00eate de cord\u00e9e\u00bb de la r\u00e9ussite \u00abDevenir infirmier ou aide-soignant, choisir le bon parcours\u00bb avec trois lyc\u00e9es dits \u00abencord\u00e9s\u00bb.<\/p>\n\n\n<div id=\"metaslider-id-5667\" style=\"width: 100%;\" class=\"ml-slider-3-108-0 metaslider metaslider-flex metaslider-5667 ml-slider has-dots-nav has-carousel-mode ms-theme-clarity\" role=\"region\" aria-label=\"Lyc\u00e9es\" data-height=\"400\" data-width=\"300\">\n    <div id=\"metaslider_container_5667\">\n        <div id=\"metaslider_5667\">\n            <ul aria-live='off' class='slides'>\n                <li style=\"display: none; width: 100%;\" class=\"slide-5668 ms-image \" aria-roledescription=\"slide\" data-date=\"2025-09-16 13:22:53\" data-filename=\"Lycee-jules-uhry-222x297.jpg\" data-slide-type=\"image\"><a href=\"https:\/\/cite-jules-uhry-creil.60.ac-amiens.fr\/\" target=\"_blank\" aria-label=\"Voir les d\u00e9tails de la diapositive\" class=\"metaslider_image_link\"><img decoding=\"async\" src=\"https:\/\/www.ifsi-clermont60.fr\/site\/wp-content\/uploads\/2025\/09\/Lycee-jules-uhry-222x297.jpg\" height=\"400\" width=\"300\" alt=\"\" class=\"slider-5667 slide-5668 msDefaultImage\" title=\"Lycee jules uhry\" \/><\/a><div class=\"caption-wrap\"><div class=\"caption\"><div>Lyc\u00e9e Jules Uhry - CREIL<\/div><\/div><\/div><\/li>\n                <li style=\"display: none; width: 100%;\" class=\"slide-5670 ms-image \" aria-roledescription=\"slide\" data-date=\"2025-09-16 13:22:53\" data-filename=\"Lycee-roberval-200x267.jpg\" data-slide-type=\"image\"><a href=\"https:\/\/lycee-des-metiers-roberval-breuil-le-vert.60.ac-amiens.fr\/\" target=\"_blank\" aria-label=\"Voir les d\u00e9tails de la diapositive\" class=\"metaslider_image_link\"><img loading=\"lazy\" decoding=\"async\" src=\"https:\/\/www.ifsi-clermont60.fr\/site\/wp-content\/uploads\/2025\/09\/Lycee-roberval-200x267.jpg\" height=\"400\" width=\"300\" alt=\"\" class=\"slider-5667 slide-5670 msDefaultImage\" title=\"Lycee roberval\" \/><\/a><div class=\"caption-wrap\"><div class=\"caption\"><div>Lyc\u00e9e Roberval - Breuil Le Vert<\/div><\/div><\/div><\/li>\n                <li style=\"display: none; width: 100%;\" class=\"slide-5689 ms-image \" aria-roledescription=\"slide\" data-date=\"2025-09-16 14:50:54\" data-filename=\"image-4-195x260.png\" data-slide-type=\"image\"><a href=\"https:\/\/lgt-andre-malraux-montataire.60.ac-amiens.fr\/\" target=\"_blank\" aria-label=\"Voir les d\u00e9tails de la diapositive\" class=\"metaslider_image_link\"><img loading=\"lazy\" decoding=\"async\" src=\"https:\/\/www.ifsi-clermont60.fr\/site\/wp-content\/uploads\/2025\/09\/image-4-195x260.png\" height=\"400\" width=\"300\" alt=\"\" class=\"slider-5667 slide-5689 msDefaultImage\" title=\"image\" \/><\/a><div class=\"caption-wrap\"><div class=\"caption\"><div>Lyc\u00e9e Andr\u00e9 Malraux - MONTATAIRE<\/div><\/div><\/div><\/li>\n            <\/ul>\n        <\/div>\n        \n    <\/div>\n<\/div>\n\n\n\n<p>Les Cord\u00e9es de la r\u00e9ussite sont un dispositif national qui permet d&rsquo;accompagner les \u00e9l\u00e8ves dans leur projet d&rsquo;orientation.<br>Dans la prolongation des actions d\u00e9j\u00e0 entreprises depuis de nombreuses ann\u00e9es, il nous parait important pour les jeunes de pouvoir se projeter dans l\u2019enseignement sup\u00e9rieur vers les m\u00e9tiers de la sant\u00e9 avec <strong>la bonne orientation de fili\u00e8re au bon moment<\/strong> (IFSI \/ IFAS) et avec des m\u00e9thodes de travail adapt\u00e9es pour r\u00e9ussir. <br>Avec le soutien de l\u2019acad\u00e9mie d\u2019Amiens , le partenariat entre lyc\u00e9es et institut se concr\u00e9tise par un ensemble d&rsquo;actions d&rsquo;accompagnement con\u00e7ues conjointement entre l\u2019IFSI-IFAS et les lyc\u00e9es \u00ab encord\u00e9s \u00bb en faveur des \u00e9l\u00e8ves inscrits dans le dispositif avec des \u00e9tudiants volontaires de l\u2019Institut, des professionnels de sant\u00e9 (tutorat, journ\u00e9e d&rsquo;immersion\u2026).<br><strong>Ces actions men\u00e9es s&rsquo;inscrivent dans la politique d\u2019aide \u00e0 la r\u00e9ussite de l\u2019institut de formation \u00ab\u00a0Lucien Floury\u00a0\u00bb<\/strong><\/p>\n\n\n<div class=\"wp-block-image\">\n<figure class=\"aligncenter size-full is-resized\"><img loading=\"lazy\" decoding=\"async\" width=\"759\" height=\"860\" src=\"https:\/\/www.ifsi-clermont60.fr\/site\/wp-content\/uploads\/2025\/09\/image-8.png\" alt=\"\" class=\"wp-image-5675\" style=\"width:383px;height:auto\" srcset=\"https:\/\/www.ifsi-clermont60.fr\/site\/wp-content\/uploads\/2025\/09\/image-8.png 759w, https:\/\/www.ifsi-clermont60.fr\/site\/wp-content\/uploads\/2025\/09\/image-8-265x300.png 265w\" sizes=\"(max-width: 759px) 100vw, 759px\" \/><\/figure>\n<\/div>\n\n\n<figure class=\"wp-block-table\"><table class=\"has-fixed-layout\"><thead><tr><th class=\"has-text-align-left\" data-align=\"left\">Ann\u00e9e 2024\/2025<\/th><\/tr><\/thead><tbody><tr><td class=\"has-text-align-left\" data-align=\"left\"><strong>2 lyc\u00e9es partenaires :<\/strong> Sur les 55 \u00e9l\u00e8ves encord\u00e9s, 12 \u00e9l\u00e8ves ont \u00e9t\u00e9 s\u00e9lectionn\u00e9s sur Parcoursup et admis \u00e0 l&rsquo;IFSI<\/td><\/tr><tr><td class=\"has-text-align-left\" data-align=\"left\"><strong>Points positifs :<\/strong> Journ\u00e9e d\u00e9couverte \u00e0 l&rsquo;institut de formation tr\u00e8s appr\u00e9ci\u00e9e<br>\u00c9changes entre les \u00e9tudiants et \u00e9l\u00e8ves ainsi qu&rsquo;avec les processionnels appr\u00e9ci\u00e9s<\/td><\/tr><tr><td class=\"has-text-align-left\" data-align=\"left\"><strong>Points \u00e0 am\u00e9liorer:<\/strong> R\u00e9union d&rsquo;information Parents\/\u00e9l\u00e8ves\/Institut \u00e0 r\u00e9aliser en pr\u00e9sentiel et en distanciel afin d&rsquo;\u00eatre accessible \u00e0 tous<br>Ajouter d&rsquo;avantage de contenu sur la formation et non sur le m\u00e9tier dans sa globalit\u00e9<\/td><\/tr><tr><td class=\"has-text-align-left\" data-align=\"left\"><strong>Autres informations :<\/strong> les \u00e9tudiants L1 ayant \u00e9t\u00e9 encord\u00e9s sont volontaires pour participer et t\u00e9moigner en faveur du dispositif \u00ab\u00a0Cord\u00e9e de la r\u00e9ussite\u00a0\u00bb<\/td><\/tr><\/tbody><\/table><\/figure>\n\n\n\n<figure class=\"wp-block-table\"><table class=\"has-fixed-layout\"><thead><tr><th class=\"has-text-align-left\" data-align=\"left\">Ann\u00e9e 2025\/2026 &#8211; En cours de r\u00e9alisation (finalisation fin juin\/juillet 2026)<\/th><\/tr><\/thead><tbody><tr><td class=\"has-text-align-left\" data-align=\"left\"><strong>3 lyc\u00e9es partenaires :<\/strong> Sur les 63 \u00e9l\u00e8ves encord\u00e9s, xx \u00e9l\u00e8ves ont \u00e9t\u00e9 s\u00e9lectionn\u00e9s sur Parcoursup et admis \u00e0 l&rsquo;IFSI &#8211; xx \u00e9l\u00e8ves ont \u00e9t\u00e9 admis \u00e0 l&rsquo;IFAS<\/td><\/tr><tr><td class=\"has-text-align-left\" data-align=\"left\"><strong>Points positifs :<\/strong> <\/td><\/tr><tr><td class=\"has-text-align-left\" data-align=\"left\"><strong>Points \u00e0 am\u00e9liorer:<\/strong> R\u00e9union d&rsquo;information Parents\/\u00e9l\u00e8ves\/Institut: pr\u00e9voir en fonction de l&#8217;emploi du temps des \u00e9l\u00e8ves avec les lyc\u00e9es<\/td><\/tr><tr><td class=\"has-text-align-left\" data-align=\"left\"><strong>Autres informations :<\/strong> les \u00e9tudiants L1 ayant \u00e9t\u00e9 encord\u00e9s sont volontaires pour participer et t\u00e9moigner en faveur du dispositif \u00ab\u00a0Cord\u00e9e de la r\u00e9ussite\u00a0\u00bb<\/td><\/tr><\/tbody><\/table><\/figure>\n\n\n\n<p><\/p>\n","protected":false},"excerpt":{"rendered":"<p>Dispositif Cord\u00e9e de la r\u00e9ussite et nos lyc\u00e9es partenaires En tant qu\u2019\u00e9tablissement de l\u2019enseignement sup\u00e9rieur, l\u2019Institut de Formation \u00abLucien Floury\u00bb est reconnu \u00abT\u00eate de cord\u00e9e\u00bb de la r\u00e9ussite \u00abDevenir infirmier&hellip;<\/p>\n","protected":false},"author":2,"featured_media":0,"parent":0,"menu_order":0,"comment_status":"closed","ping_status":"closed","template":"","meta":{"footnotes":""},"class_list":["post-5864","page","type-page","status-publish","hentry"],"jetpack_sharing_enabled":true,"_links":{"self":[{"href":"https:\/\/www.ifsi-clermont60.fr\/site\/index.php\/wp-json\/wp\/v2\/pages\/5864","targetHints":{"allow":["GET"]}}],"collection":[{"href":"https:\/\/www.ifsi-clermont60.fr\/site\/index.php\/wp-json\/wp\/v2\/pages"}],"about":[{"href":"https:\/\/www.ifsi-clermont60.fr\/site\/index.php\/wp-json\/wp\/v2\/types\/page"}],"author":[{"embeddable":true,"href":"https:\/\/www.ifsi-clermont60.fr\/site\/index.php\/wp-json\/wp\/v2\/users\/2"}],"replies":[{"embeddable":true,"href":"https:\/\/www.ifsi-clermont60.fr\/site\/index.php\/wp-json\/wp\/v2\/comments?post=5864"}],"version-history":[{"count":8,"href":"https:\/\/www.ifsi-clermont60.fr\/site\/index.php\/wp-json\/wp\/v2\/pages\/5864\/revisions"}],"predecessor-version":[{"id":6495,"href":"https:\/\/www.ifsi-clermont60.fr\/site\/index.php\/wp-json\/wp\/v2\/pages\/5864\/revisions\/6495"}],"wp:attachment":[{"href":"https:\/\/www.ifsi-clermont60.fr\/site\/index.php\/wp-json\/wp\/v2\/media?parent=5864"}],"curies":[{"name":"wp","href":"https:\/\/api.w.org\/{rel}","templated":true}]}}