{"id":5393,"date":"2025-08-13T16:20:20","date_gmt":"2025-08-13T14:20:20","guid":{"rendered":"https:\/\/www.ifsi-clermont60.fr\/site\/?page_id=5393"},"modified":"2025-09-09T15:26:17","modified_gmt":"2025-09-09T13:26:17","slug":"contact-cfa-inscription","status":"publish","type":"page","link":"https:\/\/www.ifsi-clermont60.fr\/site\/index.php\/contact-cfa-inscription\/","title":{"rendered":"Contact CFA &amp; Pr\u00e9-inscription"},"content":{"rendered":"\n<p class=\"has-white-color has-vivid-cyan-blue-background-color has-text-color has-background has-link-color wp-elements-daa2019605a54d65602db8d415c8e1ed\"><strong>Le CFA SANT\u00c9 RETRAITE AFPC<\/strong> (CFA \u00ab\u00a0hors les murs\u00a0\u00bb), en partenariat avec notre institut, coordonne l\u2019apprentissage pour le bon d\u00e9roulement de la formation des apprentis chez l\u2019employeur ou en institut. <\/p>\n\n\n\n<p class=\"has-text-align-center\"><strong>\u2706 T\u00e9l\u00e9phone&nbsp;<\/strong>: 03.20.91.79.79 <strong><em><br><\/em>Mail <\/strong>: <a href=\"mailto:ifsi@chi-clermont.fr\">contact@afpc-formation.com<\/a><\/p>\n\n\n\n<div class=\"wp-block-columns is-layout-flex wp-container-core-columns-is-layout-9d6595d7 wp-block-columns-is-layout-flex\">\n<div class=\"wp-block-column is-layout-flow wp-block-column-is-layout-flow\"><div class=\"wp-block-image\">\n<figure class=\"aligncenter size-full is-resized\"><a href=\"https:\/\/www.facebook.com\/AFPCformations\" target=\"_blank\" rel=\" noreferrer noopener\"><img decoding=\"async\" width=\"239\" height=\"66\" src=\"https:\/\/www.ifsi-clermont60.fr\/site\/wp-content\/uploads\/2025\/08\/image-3.png\" alt=\"\" class=\"wp-image-5397\" style=\"width:159px;height:auto\"\/><\/a><\/figure>\n<\/div><\/div>\n\n\n\n<div class=\"wp-block-column is-layout-flow wp-block-column-is-layout-flow\"><div class=\"wp-block-image\">\n<figure class=\"aligncenter size-full is-resized\"><a href=\"https:\/\/www.linkedin.com\/company\/afpc-formation\" target=\"_blank\" rel=\" noreferrer noopener\"><img decoding=\"async\" width=\"368\" height=\"95\" src=\"https:\/\/www.ifsi-clermont60.fr\/site\/wp-content\/uploads\/2025\/08\/image-5.png\" alt=\"\" class=\"wp-image-5399\" style=\"width:159px;height:auto\" srcset=\"https:\/\/www.ifsi-clermont60.fr\/site\/wp-content\/uploads\/2025\/08\/image-5.png 368w, https:\/\/www.ifsi-clermont60.fr\/site\/wp-content\/uploads\/2025\/08\/image-5-300x77.png 300w\" sizes=\"(max-width: 368px) 100vw, 368px\" \/><\/a><\/figure>\n<\/div><\/div>\n<\/div>\n\n\n\n<div class=\"wp-block-columns is-layout-flex wp-container-core-columns-is-layout-9d6595d7 wp-block-columns-is-layout-flex\">\n<div class=\"wp-block-column is-layout-flow wp-block-column-is-layout-flow\"><div class=\"wp-block-image is-style-default\">\n<figure class=\"aligncenter size-full is-resized\"><a href=\"https:\/\/www.afpc-formation.com\/devenir-aide-soignant\/\"><img fetchpriority=\"high\" decoding=\"async\" width=\"619\" height=\"320\" src=\"https:\/\/www.ifsi-clermont60.fr\/site\/wp-content\/uploads\/2023\/11\/image-14.png\" alt=\"\" class=\"wp-image-4142\" style=\"width:462px;height:auto\" srcset=\"https:\/\/www.ifsi-clermont60.fr\/site\/wp-content\/uploads\/2023\/11\/image-14.png 619w, https:\/\/www.ifsi-clermont60.fr\/site\/wp-content\/uploads\/2023\/11\/image-14-300x155.png 300w\" sizes=\"(max-width: 619px) 100vw, 619px\" \/><\/a><figcaption class=\"wp-element-caption\"><strong><a href=\"https:\/\/www.afpc-formation.com\/devenir-aide-soignant\/\" target=\"_blank\" rel=\"noreferrer noopener\">Cliquez ici<\/a> pour consulter leur site Internet et les contacter.<\/strong><\/figcaption><\/figure>\n<\/div><\/div>\n<\/div>\n\n\n\n<p class=\"has-luminous-vivid-orange-color has-text-color has-link-color has-medium-font-size wp-elements-24a2cfce08f4ae3f934a6d7af07f96b7\"><strong>Inscription<\/strong><\/p>\n\n\n\n<div class=\"wp-block-columns is-layout-flex wp-container-core-columns-is-layout-9d6595d7 wp-block-columns-is-layout-flex\">\n<div class=\"wp-block-column is-layout-flow wp-block-column-is-layout-flow\"><a class=\"maxbutton-12 maxbutton maxbutton-plaquette-apprentissage\" target=\"_blank\" rel=\"noopener\" href=\"https:\/\/www.ifsi-clermont60.fr\/site\/wp-content\/uploads\/2024\/12\/Plaquette-Apprentissage-V3.pdf\"><span class='mb-text'>Plaquette Apprentissage<\/span><\/a><\/div>\n\n\n\n<div class=\"wp-block-column is-layout-flow wp-block-column-is-layout-flow\"><a class=\"maxbutton-9 maxbutton maxbutton-modalites-candidature-apprentissage\" target=\"_blank\" rel=\"noopener\" href=\"https:\/\/www.afpc-formation.com\/telechargements\/\"><span class='mb-text'>Modalit\u00e9s candidature apprentissage<\/span><\/a><\/div>\n\n\n\n<div class=\"wp-block-column is-layout-flow wp-block-column-is-layout-flow\"><a class=\"maxbutton-11 maxbutton maxbutton-inscription-candidature\" target=\"_blank\" title=\"Inscription candidature\" rel=\"noopener\" href=\"https:\/\/afpc-formation.ymag.cloud\/index.php\/preinscription\/\"><span class='mb-text'>Inscription candidature<\/span><\/a><\/div>\n<\/div>\n\n\n<div class=\"wp-block-image\">\n<figure data-wp-context=\"{&quot;imageId&quot;:&quot;6a09a020e67b5&quot;}\" data-wp-interactive=\"core\/image\" data-wp-key=\"6a09a020e67b5\" class=\"aligncenter size-full is-resized wp-lightbox-container\"><img loading=\"lazy\" decoding=\"async\" width=\"582\" height=\"840\" data-wp-class--hide=\"state.isContentHidden\" data-wp-class--show=\"state.isContentVisible\" data-wp-init=\"callbacks.setButtonStyles\" data-wp-on--click=\"actions.showLightbox\" data-wp-on--load=\"callbacks.setButtonStyles\" data-wp-on-window--resize=\"callbacks.setButtonStyles\" src=\"https:\/\/www.ifsi-clermont60.fr\/site\/wp-content\/uploads\/2024\/03\/image-11.png\" alt=\"\" class=\"wp-image-4675\" style=\"width:319px;height:auto\" srcset=\"https:\/\/www.ifsi-clermont60.fr\/site\/wp-content\/uploads\/2024\/03\/image-11.png 582w, https:\/\/www.ifsi-clermont60.fr\/site\/wp-content\/uploads\/2024\/03\/image-11-208x300.png 208w\" sizes=\"(max-width: 582px) 100vw, 582px\" \/><button\n\t\t\tclass=\"lightbox-trigger\"\n\t\t\ttype=\"button\"\n\t\t\taria-haspopup=\"dialog\"\n\t\t\taria-label=\"Agrandir\"\n\t\t\tdata-wp-init=\"callbacks.initTriggerButton\"\n\t\t\tdata-wp-on--click=\"actions.showLightbox\"\n\t\t\tdata-wp-style--right=\"state.imageButtonRight\"\n\t\t\tdata-wp-style--top=\"state.imageButtonTop\"\n\t\t>\n\t\t\t<svg xmlns=\"http:\/\/www.w3.org\/2000\/svg\" width=\"12\" height=\"12\" fill=\"none\" viewBox=\"0 0 12 12\">\n\t\t\t\t<path fill=\"#fff\" d=\"M2 0a2 2 0 0 0-2 2v2h1.5V2a.5.5 0 0 1 .5-.5h2V0H2Zm2 10.5H2a.5.5 0 0 1-.5-.5V8H0v2a2 2 0 0 0 2 2h2v-1.5ZM8 12v-1.5h2a.5.5 0 0 0 .5-.5V8H12v2a2 2 0 0 1-2 2H8Zm2-12a2 2 0 0 1 2 2v2h-1.5V2a.5.5 0 0 0-.5-.5H8V0h2Z\" \/>\n\t\t\t<\/svg>\n\t\t<\/button><\/figure>\n<\/div>\n\n\n<p>Le CFA peut vous aider dans votre d\u00e9marche de recherche d&#8217;employeur. Les \u00e9tablissements publics ou priv\u00e9s peuvent \u00eatre int\u00e9ress\u00e9s par l&rsquo;apprentissage. Le recrutement se fera apr\u00e8s un entretien.<\/p>\n\n\n\n<p>Au CHI, EPSM de l&rsquo;Oise, cette d\u00e9marche d&rsquo;apprentissage est possible.<\/p>\n","protected":false},"excerpt":{"rendered":"<p>Le CFA SANT\u00c9 RETRAITE AFPC (CFA \u00ab\u00a0hors les murs\u00a0\u00bb), en partenariat avec notre institut, coordonne l\u2019apprentissage pour le bon d\u00e9roulement de la formation des apprentis chez l\u2019employeur ou en institut.&hellip;<\/p>\n","protected":false},"author":2,"featured_media":0,"parent":0,"menu_order":0,"comment_status":"closed","ping_status":"closed","template":"","meta":{"footnotes":""},"class_list":["post-5393","page","type-page","status-publish","hentry"],"jetpack_sharing_enabled":true,"_links":{"self":[{"href":"https:\/\/www.ifsi-clermont60.fr\/site\/index.php\/wp-json\/wp\/v2\/pages\/5393","targetHints":{"allow":["GET"]}}],"collection":[{"href":"https:\/\/www.ifsi-clermont60.fr\/site\/index.php\/wp-json\/wp\/v2\/pages"}],"about":[{"href":"https:\/\/www.ifsi-clermont60.fr\/site\/index.php\/wp-json\/wp\/v2\/types\/page"}],"author":[{"embeddable":true,"href":"https:\/\/www.ifsi-clermont60.fr\/site\/index.php\/wp-json\/wp\/v2\/users\/2"}],"replies":[{"embeddable":true,"href":"https:\/\/www.ifsi-clermont60.fr\/site\/index.php\/wp-json\/wp\/v2\/comments?post=5393"}],"version-history":[{"count":8,"href":"https:\/\/www.ifsi-clermont60.fr\/site\/index.php\/wp-json\/wp\/v2\/pages\/5393\/revisions"}],"predecessor-version":[{"id":5606,"href":"https:\/\/www.ifsi-clermont60.fr\/site\/index.php\/wp-json\/wp\/v2\/pages\/5393\/revisions\/5606"}],"wp:attachment":[{"href":"https:\/\/www.ifsi-clermont60.fr\/site\/index.php\/wp-json\/wp\/v2\/media?parent=5393"}],"curies":[{"name":"wp","href":"https:\/\/api.w.org\/{rel}","templated":true}]}}