{"id":5075,"date":"2025-03-27T14:48:01","date_gmt":"2025-03-27T13:48:01","guid":{"rendered":"https:\/\/www.ifsi-clermont60.fr\/site\/?page_id=5075"},"modified":"2025-03-27T15:12:30","modified_gmt":"2025-03-27T14:12:30","slug":"ameliorer-lencadrement-des-etudiants-en-soinsinfirmiers-et-des-eleves-aides-soignants","status":"publish","type":"page","link":"https:\/\/www.ifsi-clermont60.fr\/site\/index.php\/ameliorer-lencadrement-des-etudiants-en-soinsinfirmiers-et-des-eleves-aides-soignants\/","title":{"rendered":"Am\u00e9liorer l\u2019encadrement des \u00e9tudiants en soins infirmiers et des \u00e9l\u00e8ves aides-soignants"},"content":{"rendered":"\n<p><em>(cliquer sur le nom de la formation d\u00e9sir\u00e9e pour avoir le d\u00e9tail)<\/em><\/p>\n\n\n\n<p><a href=\"https:\/\/www.ifsi-clermont60.fr\/site\/profprox.jpg\" target=\"_blank\" rel=\"noreferrer noopener\">Etre professionnel de proximit\u00e9 aupr\u00e8s des \u00e9tudiants en soins infirmiers<\/a><\/p>\n\n\n\n<p><\/p>\n\n\n\n<p><a href=\"https:\/\/www.ifsi-clermont60.fr\/site\/tuteuresi.jpg\" target=\"_blank\" rel=\"noreferrer noopener\">Etre tuteur de stage aupr\u00e8s des \u00e9tudiants en soins infirmiers<\/a><\/p>\n\n\n\n<p><a href=\"https:\/\/www.ifsi-clermont60.fr\/site\/tuteureas.jpg\" target=\"_blank\" rel=\"noreferrer noopener\">Etre tuteur de stage aupr\u00e8s des \u00e9l\u00e8ves aides-soignants<\/a><\/p>\n\n\n\n<p><a href=\"https:\/\/www.ifsi-clermont60.fr\/site\/maitredestage.jpg\" target=\"_blank\" rel=\"noreferrer noopener\">Etre maitre de stage : pivot du processus d&rsquo;apprentissage clinique des \u00e9tudiants en soins infirmiers et des \u00e9l\u00e8ves aides-soignants<\/a><\/p>\n\n\n\n<p><a href=\"https:\/\/www.ifsi-clermont60.fr\/site\/maitredapprentissage.jpg\" target=\"_blank\" rel=\"noreferrer noopener\">Etre maitre d&rsquo;apprentissage<\/a><\/p>\n\n\n\n<p><\/p>\n","protected":false},"excerpt":{"rendered":"<p>(cliquer sur le nom de la formation d\u00e9sir\u00e9e pour avoir le d\u00e9tail) Etre professionnel de proximit\u00e9 aupr\u00e8s des \u00e9tudiants en soins infirmiers Etre tuteur de stage aupr\u00e8s des \u00e9tudiants en&hellip;<\/p>\n","protected":false},"author":1,"featured_media":0,"parent":0,"menu_order":0,"comment_status":"closed","ping_status":"closed","template":"","meta":{"footnotes":""},"class_list":["post-5075","page","type-page","status-publish","hentry"],"jetpack_sharing_enabled":true,"_links":{"self":[{"href":"https:\/\/www.ifsi-clermont60.fr\/site\/index.php\/wp-json\/wp\/v2\/pages\/5075","targetHints":{"allow":["GET"]}}],"collection":[{"href":"https:\/\/www.ifsi-clermont60.fr\/site\/index.php\/wp-json\/wp\/v2\/pages"}],"about":[{"href":"https:\/\/www.ifsi-clermont60.fr\/site\/index.php\/wp-json\/wp\/v2\/types\/page"}],"author":[{"embeddable":true,"href":"https:\/\/www.ifsi-clermont60.fr\/site\/index.php\/wp-json\/wp\/v2\/users\/1"}],"replies":[{"embeddable":true,"href":"https:\/\/www.ifsi-clermont60.fr\/site\/index.php\/wp-json\/wp\/v2\/comments?post=5075"}],"version-history":[{"count":4,"href":"https:\/\/www.ifsi-clermont60.fr\/site\/index.php\/wp-json\/wp\/v2\/pages\/5075\/revisions"}],"predecessor-version":[{"id":5089,"href":"https:\/\/www.ifsi-clermont60.fr\/site\/index.php\/wp-json\/wp\/v2\/pages\/5075\/revisions\/5089"}],"wp:attachment":[{"href":"https:\/\/www.ifsi-clermont60.fr\/site\/index.php\/wp-json\/wp\/v2\/media?parent=5075"}],"curies":[{"name":"wp","href":"https:\/\/api.w.org\/{rel}","templated":true}]}}