{"id":4952,"date":"2024-11-20T16:28:17","date_gmt":"2024-11-20T15:28:17","guid":{"rendered":"https:\/\/www.ifsi-clermont60.fr\/site\/?page_id=4952"},"modified":"2026-02-25T13:49:42","modified_gmt":"2026-02-25T12:49:42","slug":"bilan-etudiants-eleves-en-situation-de-handicap","status":"publish","type":"page","link":"https:\/\/www.ifsi-clermont60.fr\/site\/index.php\/bilan-etudiants-eleves-en-situation-de-handicap\/","title":{"rendered":"Bilan \u00c9tudiants\/\u00e9l\u00e8ves en situation de handicap"},"content":{"rendered":"\n<p>En France, 6 \u00e0 8% de la population est concern\u00e9e par ces troubles \u00ab\u00a0DYS\u00a0\u00bb. Dyspraxie, dyslexie, dysphasie, dyscalculie, voil\u00e0 autant d\u2019exemples&nbsp;de troubles de la coordination et de l\u2019automatisation des gestes, de la lecture, du langage oral et des calculs math\u00e9matiques.<\/p>\n\n\n\n<p>Le nombre croissant d\u2019\u00e9tudiants&nbsp;\/ \u00e9l\u00e8ves rep\u00e9r\u00e9s \u00e0 l&rsquo;institut de formation et la diversit\u00e9 de l\u2019accompagnement individuel propos\u00e9 n\u00e9cessite une anticipation et une organisation pour la r\u00e9alisation des \u00e9valuations pour que ces \u00e9tudiants\/\u00e9l\u00e8ves soient mis dans les meilleures conditions possibles:<br>&#8211; Documents d\u2019\u00e9valuation adapt\u00e9s (ARIAL 11 ou plus, interligne 1.5, etc.)<br>&#8211; Salle adapt\u00e9e avec un formateur<br>&#8211; Mise \u00e0 disposition d\u2019ordinateurs<br>&#8211; Lecture des consignes<br>&#8211; Enregistrement des \u00e9valuations<br>&#8211; Etc.<\/p>\n\n\n<div class=\"wp-block-image\">\n<figure class=\"aligncenter size-large\"><img fetchpriority=\"high\" decoding=\"async\" width=\"1024\" height=\"500\" src=\"https:\/\/www.ifsi-clermont60.fr\/site\/wp-content\/uploads\/2026\/02\/image-1-1024x500.png\" alt=\"\" class=\"wp-image-6498\" srcset=\"https:\/\/www.ifsi-clermont60.fr\/site\/wp-content\/uploads\/2026\/02\/image-1-1024x500.png 1024w, https:\/\/www.ifsi-clermont60.fr\/site\/wp-content\/uploads\/2026\/02\/image-1-300x146.png 300w, https:\/\/www.ifsi-clermont60.fr\/site\/wp-content\/uploads\/2026\/02\/image-1-768x375.png 768w, https:\/\/www.ifsi-clermont60.fr\/site\/wp-content\/uploads\/2026\/02\/image-1-1536x750.png 1536w, https:\/\/www.ifsi-clermont60.fr\/site\/wp-content\/uploads\/2026\/02\/image-1.png 1698w\" sizes=\"(max-width: 1024px) 100vw, 1024px\" \/><\/figure>\n<\/div>\n\n\n<p class=\"has-text-align-center\"><strong><strong>Ce nombre \u00e9volue gr\u00e2ce \u00e0 notre d\u00e9tection renforc\u00e9e<\/strong><\/strong><\/p>\n\n\n\n<p>Tous ces moyens mis en \u0153uvre ne sont pas garants de la r\u00e9ussite de l\u2019\u00e9tudiant<strong> \/ <\/strong>l\u2019\u00e9l\u00e8ve mais peuvent y contribuer !<\/p>\n\n\n\n<p>C\u2019est \u00e0 l\u2019\u00e9tudiant\/\u00e9l\u00e8ve de faire la d\u00e9marche de reconnaissance de son \u00ab&nbsp;handicap&nbsp;\u00bb aupr\u00e8s de l&rsquo;institut, au-del\u00e0 de ses propres strat\u00e9gies d\u2019adaptation.<\/p>\n\n\n<div class=\"wp-block-image\">\n<figure class=\"aligncenter size-large\"><img decoding=\"async\" width=\"1024\" height=\"700\" src=\"https:\/\/www.ifsi-clermont60.fr\/site\/wp-content\/uploads\/2025\/09\/image-13-1024x700.png\" alt=\"\" class=\"wp-image-5710\" srcset=\"https:\/\/www.ifsi-clermont60.fr\/site\/wp-content\/uploads\/2025\/09\/image-13-1024x700.png 1024w, https:\/\/www.ifsi-clermont60.fr\/site\/wp-content\/uploads\/2025\/09\/image-13-300x205.png 300w, https:\/\/www.ifsi-clermont60.fr\/site\/wp-content\/uploads\/2025\/09\/image-13-768x525.png 768w, https:\/\/www.ifsi-clermont60.fr\/site\/wp-content\/uploads\/2025\/09\/image-13.png 1116w\" sizes=\"(max-width: 1024px) 100vw, 1024px\" \/><\/figure>\n<\/div>","protected":false},"excerpt":{"rendered":"<p>En France, 6 \u00e0 8% de la population est concern\u00e9e par ces troubles \u00ab\u00a0DYS\u00a0\u00bb. Dyspraxie, dyslexie, dysphasie, dyscalculie, voil\u00e0 autant d\u2019exemples&nbsp;de troubles de la coordination et de l\u2019automatisation des gestes,&hellip;<\/p>\n","protected":false},"author":2,"featured_media":0,"parent":0,"menu_order":0,"comment_status":"closed","ping_status":"closed","template":"","meta":{"footnotes":""},"class_list":["post-4952","page","type-page","status-publish","hentry"],"jetpack_sharing_enabled":true,"_links":{"self":[{"href":"https:\/\/www.ifsi-clermont60.fr\/site\/index.php\/wp-json\/wp\/v2\/pages\/4952","targetHints":{"allow":["GET"]}}],"collection":[{"href":"https:\/\/www.ifsi-clermont60.fr\/site\/index.php\/wp-json\/wp\/v2\/pages"}],"about":[{"href":"https:\/\/www.ifsi-clermont60.fr\/site\/index.php\/wp-json\/wp\/v2\/types\/page"}],"author":[{"embeddable":true,"href":"https:\/\/www.ifsi-clermont60.fr\/site\/index.php\/wp-json\/wp\/v2\/users\/2"}],"replies":[{"embeddable":true,"href":"https:\/\/www.ifsi-clermont60.fr\/site\/index.php\/wp-json\/wp\/v2\/comments?post=4952"}],"version-history":[{"count":14,"href":"https:\/\/www.ifsi-clermont60.fr\/site\/index.php\/wp-json\/wp\/v2\/pages\/4952\/revisions"}],"predecessor-version":[{"id":6500,"href":"https:\/\/www.ifsi-clermont60.fr\/site\/index.php\/wp-json\/wp\/v2\/pages\/4952\/revisions\/6500"}],"wp:attachment":[{"href":"https:\/\/www.ifsi-clermont60.fr\/site\/index.php\/wp-json\/wp\/v2\/media?parent=4952"}],"curies":[{"name":"wp","href":"https:\/\/api.w.org\/{rel}","templated":true}]}}