{"id":4733,"date":"2024-06-19T16:05:41","date_gmt":"2024-06-19T14:05:41","guid":{"rendered":"https:\/\/www.ifsi-clermont60.fr\/site\/?page_id=4733"},"modified":"2025-08-19T13:44:06","modified_gmt":"2025-08-19T11:44:06","slug":"comment-verser-la-taxe-dapprentissage-a-linstitut","status":"publish","type":"page","link":"https:\/\/www.ifsi-clermont60.fr\/site\/index.php\/comment-verser-la-taxe-dapprentissage-a-linstitut\/","title":{"rendered":"Comment verser la taxe d&rsquo;apprentissage \u00e0 l&rsquo;institut"},"content":{"rendered":"\n<p><br><\/p>\n\n\n<div class=\"wp-block-image\">\n<figure class=\"aligncenter size-full is-resized\"><a href=\"https:\/\/www.soltea.education.gouv.fr\/espace-public\/connexion-lespace-prive\"><img fetchpriority=\"high\" decoding=\"async\" width=\"594\" height=\"112\" src=\"https:\/\/www.ifsi-clermont60.fr\/site\/wp-content\/uploads\/2023\/12\/image-4.png\" alt=\"\" class=\"wp-image-4272\" style=\"width:456px;height:auto\" srcset=\"https:\/\/www.ifsi-clermont60.fr\/site\/wp-content\/uploads\/2023\/12\/image-4.png 594w, https:\/\/www.ifsi-clermont60.fr\/site\/wp-content\/uploads\/2023\/12\/image-4-300x57.png 300w\" sizes=\"(max-width: 594px) 100vw, 594px\" \/><\/a><\/figure>\n<\/div>\n\n\n<figure class=\"wp-block-table is-style-stripes\"><table class=\"has-fixed-layout\"><tbody><tr><td><strong>Vous souhaitez verser votre taxe d\u2019apprentissage \u00e0 l\u2019IFSI-IFAS<\/strong> \u00ab\u00a0Lucien Floury\u00a0\u00bb du Centre Hospitalier Isarien de Clermont de l\u2019Oise, habilit\u00e9 \u00e0 collecter les <strong>cat\u00e9gories A et B<\/strong> (ouvriers qualifi\u00e9s et cadres moyens)?<br><br>Pour nous attribuer votre taxe d\u2019apprentissage, voici la d\u00e9marche \u00e0 suivre (tr\u00e8s simple et rapide) :<br><br><strong>1.<\/strong> Connectez-vous sur : <a href=\"https:\/\/www.soltea.education.gouv.fr\/espace-public\/connexion-lespace-prive\" target=\"_blank\" rel=\"noreferrer noopener\">www.soltea.education.gouv.fr\/espace-public<\/a>. Vous pouvez vous identifier gr\u00e2ce \u00e0 vos identifiants NET-ENTREPRISES*<br><br><strong>2. <\/strong>Retrouvez notre institut de formation via :<strong><br>Notre num\u00e9ro UAI : 0601962G<br>Intitul\u00e9 de notre \u00e9tablissement: IFSI-IFAS CLERMONT<br>Notre num\u00e9ro de SIREN: 26600711100013<\/strong><br><strong>Habilitations: Cat\u00e9gories A et B<\/strong><br><br><strong>3. <\/strong>Choisissez la r\u00e9partition en % du soutien. Les 100% sont accept\u00e9s par la maison \u263a !<br><br><strong>4. <\/strong>Validez le formulaire.<br><br>Et le tour est jou\u00e9 !<br>Nous vous remercions pour votre soutien primordial pour nos apprenants!<br><br>* Si vous n\u2019avez pas un compte NET-ENTREPRISE, <a href=\"https:\/\/www.net-entreprises.fr\/declaration\/vous-etes-nouveau-sur-net-entreprises\/\" target=\"_blank\" rel=\"noreferrer noopener\">cliquez ici<\/a> <a href=\"https:\/\/www.net-entreprises.fr\/declaration\/vous-etes-nouveau-sur-net-entreprises\/\" target=\"_blank\" rel=\"noreferrer noopener\">!<\/a><\/td><\/tr><\/tbody><\/table><\/figure>\n\n\n<div class=\"wp-block-image\">\n<figure class=\"aligncenter size-large\"><img decoding=\"async\" width=\"561\" height=\"1024\" src=\"https:\/\/www.ifsi-clermont60.fr\/site\/wp-content\/uploads\/2024\/06\/SOLTEA-561x1024.jpg\" alt=\"\" class=\"wp-image-4735\" srcset=\"https:\/\/www.ifsi-clermont60.fr\/site\/wp-content\/uploads\/2024\/06\/SOLTEA-561x1024.jpg 561w, https:\/\/www.ifsi-clermont60.fr\/site\/wp-content\/uploads\/2024\/06\/SOLTEA-164x300.jpg 164w, https:\/\/www.ifsi-clermont60.fr\/site\/wp-content\/uploads\/2024\/06\/SOLTEA-768x1403.jpg 768w, https:\/\/www.ifsi-clermont60.fr\/site\/wp-content\/uploads\/2024\/06\/SOLTEA-841x1536.jpg 841w, https:\/\/www.ifsi-clermont60.fr\/site\/wp-content\/uploads\/2024\/06\/SOLTEA-1121x2048.jpg 1121w, https:\/\/www.ifsi-clermont60.fr\/site\/wp-content\/uploads\/2024\/06\/SOLTEA.jpg 1358w\" sizes=\"(max-width: 561px) 100vw, 561px\" \/><figcaption class=\"wp-element-caption\">Sans une d\u00e9marche volontaire de vos services comptables pour soutenir notre institut de<br>formation, cet imp\u00f4t ne nous sera pas affect\u00e9.<\/figcaption><\/figure>\n<\/div>","protected":false},"excerpt":{"rendered":"<p>Vous souhaitez verser votre taxe d\u2019apprentissage \u00e0 l\u2019IFSI-IFAS \u00ab\u00a0Lucien Floury\u00a0\u00bb du Centre Hospitalier Isarien de Clermont de l\u2019Oise, habilit\u00e9 \u00e0 collecter les cat\u00e9gories A et B (ouvriers qualifi\u00e9s et cadres&hellip;<\/p>\n","protected":false},"author":2,"featured_media":0,"parent":0,"menu_order":0,"comment_status":"closed","ping_status":"closed","template":"","meta":{"footnotes":""},"class_list":["post-4733","page","type-page","status-publish","hentry"],"jetpack_sharing_enabled":true,"_links":{"self":[{"href":"https:\/\/www.ifsi-clermont60.fr\/site\/index.php\/wp-json\/wp\/v2\/pages\/4733","targetHints":{"allow":["GET"]}}],"collection":[{"href":"https:\/\/www.ifsi-clermont60.fr\/site\/index.php\/wp-json\/wp\/v2\/pages"}],"about":[{"href":"https:\/\/www.ifsi-clermont60.fr\/site\/index.php\/wp-json\/wp\/v2\/types\/page"}],"author":[{"embeddable":true,"href":"https:\/\/www.ifsi-clermont60.fr\/site\/index.php\/wp-json\/wp\/v2\/users\/2"}],"replies":[{"embeddable":true,"href":"https:\/\/www.ifsi-clermont60.fr\/site\/index.php\/wp-json\/wp\/v2\/comments?post=4733"}],"version-history":[{"count":5,"href":"https:\/\/www.ifsi-clermont60.fr\/site\/index.php\/wp-json\/wp\/v2\/pages\/4733\/revisions"}],"predecessor-version":[{"id":5479,"href":"https:\/\/www.ifsi-clermont60.fr\/site\/index.php\/wp-json\/wp\/v2\/pages\/4733\/revisions\/5479"}],"wp:attachment":[{"href":"https:\/\/www.ifsi-clermont60.fr\/site\/index.php\/wp-json\/wp\/v2\/media?parent=4733"}],"curies":[{"name":"wp","href":"https:\/\/api.w.org\/{rel}","templated":true}]}}