{"id":469,"date":"2018-07-18T13:22:42","date_gmt":"2018-07-18T11:22:42","guid":{"rendered":"http:\/\/www.ifsi-clermont60.fr\/site\/?page_id=469"},"modified":"2025-10-31T13:09:31","modified_gmt":"2025-10-31T12:09:31","slug":"leducation-therapeutique-au-coeur-de-notre-projet","status":"publish","type":"page","link":"https:\/\/www.ifsi-clermont60.fr\/site\/index.php\/leducation-therapeutique-au-coeur-de-notre-projet\/","title":{"rendered":"L&rsquo;\u00c9ducation Th\u00e9rapeutique (ETP)"},"content":{"rendered":"<p><img fetchpriority=\"high\" decoding=\"async\" class=\"aligncenter wp-image-472 size-medium\" src=\"https:\/\/www.ifsi-clermont60.fr\/site\/wp-content\/uploads\/2018\/07\/people-3152585_640-300x200.jpg\" alt=\"\" width=\"300\" height=\"200\" srcset=\"https:\/\/www.ifsi-clermont60.fr\/site\/wp-content\/uploads\/2018\/07\/people-3152585_640-300x200.jpg 300w, https:\/\/www.ifsi-clermont60.fr\/site\/wp-content\/uploads\/2018\/07\/people-3152585_640.jpg 640w\" sizes=\"(max-width: 300px) 100vw, 300px\" \/><\/p>\n\n\n<p class=\"has-drop-cap\">L\u2019infirmi\u00e8re accompagne la personne dans sa maladie et plus particuli\u00e8rement lorsqu\u2019il s\u2019agit d\u2019une maladie chronique.<br>L\u2019objectif est d\u2019aider la personne et son entourage \u00e0 acqu\u00e9rir les comp\u00e9tences li\u00e9es \u00e0 sa maladie et ainsi recouvrir l\u2019autonomie souhait\u00e9e.<br><br>A l\u2019Institut de Formation de Clermont, l\u2019\u00e9ducation th\u00e9rapeutique du patient est un axe fort du projet de formation.<br><br>L\u2019enseignement de cette discipline est formalis\u00e9 sur les 3 ann\u00e9es de formation et permet ainsi aux futurs professionnels d\u2019\u00eatre<strong> titulaires d\u2019un certificat en \u00e9ducation th\u00e9rapeutique (40H) .<\/strong><\/p>\n\n\n\n<p class=\"has-text-align-center\"><strong>Cette comp\u00e9tence est tr\u00e8s recherch\u00e9e par les employeurs.<\/strong><\/p>\n\n\n\n<figure class=\"wp-block-table is-style-stripes\"><table class=\"has-fixed-layout\"><tbody><tr><td class=\"has-text-align-center\" data-align=\"center\">Depuis 2021, 359 \u00e9tudiants volontaires ont obtenus le certificat en \u00e9ducation th\u00e9rapeutique.<br>Pour l&rsquo;ann\u00e9e 2024\/2025, 41 \u00e9tudiants se sont engag\u00e9s dans ce dispositif pour obtenir ce certificat qualifiant. <br><strong>Taux de r\u00e9ussite: 100%<\/strong> des inscrits ont obtenu le certificat ETP<\/td><\/tr><\/tbody><\/table><\/figure>\n","protected":false},"excerpt":{"rendered":"<p>L\u2019infirmi\u00e8re accompagne la personne dans sa maladie et plus particuli\u00e8rement lorsqu\u2019il s\u2019agit d\u2019une maladie chronique.L\u2019objectif est d\u2019aider la personne et son entourage \u00e0 acqu\u00e9rir les comp\u00e9tences li\u00e9es \u00e0 sa maladie&hellip;<\/p>\n","protected":false},"author":1,"featured_media":0,"parent":0,"menu_order":0,"comment_status":"closed","ping_status":"closed","template":"","meta":{"footnotes":""},"class_list":["post-469","page","type-page","status-publish","hentry"],"jetpack_sharing_enabled":true,"_links":{"self":[{"href":"https:\/\/www.ifsi-clermont60.fr\/site\/index.php\/wp-json\/wp\/v2\/pages\/469","targetHints":{"allow":["GET"]}}],"collection":[{"href":"https:\/\/www.ifsi-clermont60.fr\/site\/index.php\/wp-json\/wp\/v2\/pages"}],"about":[{"href":"https:\/\/www.ifsi-clermont60.fr\/site\/index.php\/wp-json\/wp\/v2\/types\/page"}],"author":[{"embeddable":true,"href":"https:\/\/www.ifsi-clermont60.fr\/site\/index.php\/wp-json\/wp\/v2\/users\/1"}],"replies":[{"embeddable":true,"href":"https:\/\/www.ifsi-clermont60.fr\/site\/index.php\/wp-json\/wp\/v2\/comments?post=469"}],"version-history":[{"count":14,"href":"https:\/\/www.ifsi-clermont60.fr\/site\/index.php\/wp-json\/wp\/v2\/pages\/469\/revisions"}],"predecessor-version":[{"id":6102,"href":"https:\/\/www.ifsi-clermont60.fr\/site\/index.php\/wp-json\/wp\/v2\/pages\/469\/revisions\/6102"}],"wp:attachment":[{"href":"https:\/\/www.ifsi-clermont60.fr\/site\/index.php\/wp-json\/wp\/v2\/media?parent=469"}],"curies":[{"name":"wp","href":"https:\/\/api.w.org\/{rel}","templated":true}]}}