{"id":457,"date":"2018-07-06T11:46:03","date_gmt":"2018-07-06T09:46:03","guid":{"rendered":"http:\/\/www.ifsi-clermont60.fr\/site\/?page_id=457"},"modified":"2025-07-10T11:48:26","modified_gmt":"2025-07-10T09:48:26","slug":"ce-que-disent-les-etudiants-et-eleves","status":"publish","type":"page","link":"https:\/\/www.ifsi-clermont60.fr\/site\/index.php\/ce-que-disent-les-etudiants-et-eleves\/","title":{"rendered":"Ce que disent les \u00e9tudiants et \u00e9l\u00e8ves"},"content":{"rendered":"\n<h2 class=\"wp-block-heading\" id=\"ce-que-disent-les-etudiants-et-eleves\"><strong>CE QUE DISENT LES \u00c9TUDIANTS ET \u00c9L\u00c8VES 2024\/2025<\/strong><\/h2>\n\n\n\n<div class=\"alignnormal\"><div id=\"metaslider-id-5243\" style=\"width: 100%;\" class=\"ml-slider-3-109-0 metaslider metaslider-flex metaslider-5243 ml-slider has-dots-nav ms-theme-default-base\" role=\"region\" aria-label=\"Satisfaction des \u00e9tudiants et \u00e9l\u00e8ves IFSI IFAS 2025\/2025\" data-height=\"300\" data-width=\"700\">\n    <div id=\"metaslider_container_5243\">\n        <div id=\"metaslider_5243\">\n            <ul class='slides'>\n                <li style=\"display: block; width: 100%;\" class=\"slide-5289 ms-image \" aria-roledescription=\"slide\" data-date=\"2025-07-10 11:07:31\" data-filename=\"Diapositive1.jpg\" data-slide-type=\"image\"><img fetchpriority=\"high\" decoding=\"async\" width=\"1280\" height=\"720\" src=\"https:\/\/www.ifsi-clermont60.fr\/site\/wp-content\/uploads\/2025\/07\/Diapositive1.jpg\" class=\"slider-5243 slide-5289 msDefaultImage\" alt=\"\" rel=\"\" title=\"Diapositive1\" srcset=\"https:\/\/www.ifsi-clermont60.fr\/site\/wp-content\/uploads\/2025\/07\/Diapositive1.jpg 1280w, https:\/\/www.ifsi-clermont60.fr\/site\/wp-content\/uploads\/2025\/07\/Diapositive1-300x169.jpg 300w, https:\/\/www.ifsi-clermont60.fr\/site\/wp-content\/uploads\/2025\/07\/Diapositive1-1024x576.jpg 1024w, https:\/\/www.ifsi-clermont60.fr\/site\/wp-content\/uploads\/2025\/07\/Diapositive1-768x432.jpg 768w\" sizes=\"(max-width: 1280px) 100vw, 1280px\" \/><\/li>\n                <li style=\"display: none; width: 100%;\" class=\"slide-5290 ms-image \" aria-roledescription=\"slide\" data-date=\"2025-07-10 11:07:31\" data-filename=\"Diapositive2.jpg\" data-slide-type=\"image\"><img decoding=\"async\" width=\"1280\" height=\"720\" src=\"https:\/\/www.ifsi-clermont60.fr\/site\/wp-content\/uploads\/2025\/07\/Diapositive2.jpg\" class=\"slider-5243 slide-5290 msDefaultImage\" alt=\"\" rel=\"\" title=\"Diapositive2\" srcset=\"https:\/\/www.ifsi-clermont60.fr\/site\/wp-content\/uploads\/2025\/07\/Diapositive2.jpg 1280w, https:\/\/www.ifsi-clermont60.fr\/site\/wp-content\/uploads\/2025\/07\/Diapositive2-300x169.jpg 300w, https:\/\/www.ifsi-clermont60.fr\/site\/wp-content\/uploads\/2025\/07\/Diapositive2-1024x576.jpg 1024w, https:\/\/www.ifsi-clermont60.fr\/site\/wp-content\/uploads\/2025\/07\/Diapositive2-768x432.jpg 768w\" sizes=\"(max-width: 1280px) 100vw, 1280px\" \/><\/li>\n                <li style=\"display: none; width: 100%;\" class=\"slide-5291 ms-image \" aria-roledescription=\"slide\" data-date=\"2025-07-10 11:07:31\" data-filename=\"Diapositive3.jpg\" data-slide-type=\"image\"><img decoding=\"async\" width=\"1280\" height=\"720\" src=\"https:\/\/www.ifsi-clermont60.fr\/site\/wp-content\/uploads\/2025\/07\/Diapositive3.jpg\" class=\"slider-5243 slide-5291 msDefaultImage\" alt=\"\" rel=\"\" title=\"Diapositive3\" srcset=\"https:\/\/www.ifsi-clermont60.fr\/site\/wp-content\/uploads\/2025\/07\/Diapositive3.jpg 1280w, https:\/\/www.ifsi-clermont60.fr\/site\/wp-content\/uploads\/2025\/07\/Diapositive3-300x169.jpg 300w, https:\/\/www.ifsi-clermont60.fr\/site\/wp-content\/uploads\/2025\/07\/Diapositive3-1024x576.jpg 1024w, https:\/\/www.ifsi-clermont60.fr\/site\/wp-content\/uploads\/2025\/07\/Diapositive3-768x432.jpg 768w\" sizes=\"(max-width: 1280px) 100vw, 1280px\" \/><\/li>\n                <li style=\"display: none; width: 100%;\" class=\"slide-5292 ms-image \" aria-roledescription=\"slide\" data-date=\"2025-07-10 11:07:31\" data-filename=\"Diapositive4.jpg\" data-slide-type=\"image\"><img loading=\"lazy\" decoding=\"async\" width=\"1280\" height=\"720\" src=\"https:\/\/www.ifsi-clermont60.fr\/site\/wp-content\/uploads\/2025\/07\/Diapositive4.jpg\" class=\"slider-5243 slide-5292 msDefaultImage\" alt=\"\" rel=\"\" title=\"Diapositive4\" srcset=\"https:\/\/www.ifsi-clermont60.fr\/site\/wp-content\/uploads\/2025\/07\/Diapositive4.jpg 1280w, https:\/\/www.ifsi-clermont60.fr\/site\/wp-content\/uploads\/2025\/07\/Diapositive4-300x169.jpg 300w, https:\/\/www.ifsi-clermont60.fr\/site\/wp-content\/uploads\/2025\/07\/Diapositive4-1024x576.jpg 1024w, https:\/\/www.ifsi-clermont60.fr\/site\/wp-content\/uploads\/2025\/07\/Diapositive4-768x432.jpg 768w\" sizes=\"(max-width: 1280px) 100vw, 1280px\" \/><\/li>\n                <li style=\"display: none; width: 100%;\" class=\"slide-5293 ms-image \" aria-roledescription=\"slide\" data-date=\"2025-07-10 11:07:31\" data-filename=\"Diapositive5.jpg\" data-slide-type=\"image\"><img loading=\"lazy\" decoding=\"async\" width=\"1280\" height=\"720\" src=\"https:\/\/www.ifsi-clermont60.fr\/site\/wp-content\/uploads\/2025\/07\/Diapositive5.jpg\" class=\"slider-5243 slide-5293 msDefaultImage\" alt=\"\" rel=\"\" title=\"Diapositive5\" srcset=\"https:\/\/www.ifsi-clermont60.fr\/site\/wp-content\/uploads\/2025\/07\/Diapositive5.jpg 1280w, https:\/\/www.ifsi-clermont60.fr\/site\/wp-content\/uploads\/2025\/07\/Diapositive5-300x169.jpg 300w, https:\/\/www.ifsi-clermont60.fr\/site\/wp-content\/uploads\/2025\/07\/Diapositive5-1024x576.jpg 1024w, https:\/\/www.ifsi-clermont60.fr\/site\/wp-content\/uploads\/2025\/07\/Diapositive5-768x432.jpg 768w\" sizes=\"(max-width: 1280px) 100vw, 1280px\" \/><\/li>\n                <li style=\"display: none; width: 100%;\" class=\"slide-5294 ms-image \" aria-roledescription=\"slide\" data-date=\"2025-07-10 11:07:31\" data-filename=\"Diapositive6.jpg\" data-slide-type=\"image\"><img loading=\"lazy\" decoding=\"async\" width=\"1280\" height=\"720\" src=\"https:\/\/www.ifsi-clermont60.fr\/site\/wp-content\/uploads\/2025\/07\/Diapositive6.jpg\" class=\"slider-5243 slide-5294 msDefaultImage\" alt=\"\" rel=\"\" title=\"Diapositive6\" srcset=\"https:\/\/www.ifsi-clermont60.fr\/site\/wp-content\/uploads\/2025\/07\/Diapositive6.jpg 1280w, https:\/\/www.ifsi-clermont60.fr\/site\/wp-content\/uploads\/2025\/07\/Diapositive6-300x169.jpg 300w, https:\/\/www.ifsi-clermont60.fr\/site\/wp-content\/uploads\/2025\/07\/Diapositive6-1024x576.jpg 1024w, https:\/\/www.ifsi-clermont60.fr\/site\/wp-content\/uploads\/2025\/07\/Diapositive6-768x432.jpg 768w\" sizes=\"(max-width: 1280px) 100vw, 1280px\" \/><\/li>\n                <li style=\"display: none; width: 100%;\" class=\"slide-5295 ms-image \" aria-roledescription=\"slide\" data-date=\"2025-07-10 11:07:31\" data-filename=\"Diapositive7.jpg\" data-slide-type=\"image\"><img loading=\"lazy\" decoding=\"async\" width=\"1280\" height=\"720\" src=\"https:\/\/www.ifsi-clermont60.fr\/site\/wp-content\/uploads\/2025\/07\/Diapositive7.jpg\" class=\"slider-5243 slide-5295 msDefaultImage\" alt=\"\" rel=\"\" title=\"Diapositive7\" srcset=\"https:\/\/www.ifsi-clermont60.fr\/site\/wp-content\/uploads\/2025\/07\/Diapositive7.jpg 1280w, https:\/\/www.ifsi-clermont60.fr\/site\/wp-content\/uploads\/2025\/07\/Diapositive7-300x169.jpg 300w, https:\/\/www.ifsi-clermont60.fr\/site\/wp-content\/uploads\/2025\/07\/Diapositive7-1024x576.jpg 1024w, https:\/\/www.ifsi-clermont60.fr\/site\/wp-content\/uploads\/2025\/07\/Diapositive7-768x432.jpg 768w\" sizes=\"(max-width: 1280px) 100vw, 1280px\" \/><\/li>\n                <li style=\"display: none; width: 100%;\" class=\"slide-5296 ms-image \" aria-roledescription=\"slide\" data-date=\"2025-07-10 11:07:31\" data-filename=\"Diapositive8.jpg\" data-slide-type=\"image\"><img loading=\"lazy\" decoding=\"async\" width=\"1280\" height=\"720\" src=\"https:\/\/www.ifsi-clermont60.fr\/site\/wp-content\/uploads\/2025\/07\/Diapositive8.jpg\" class=\"slider-5243 slide-5296 msDefaultImage\" alt=\"\" rel=\"\" title=\"Diapositive8\" srcset=\"https:\/\/www.ifsi-clermont60.fr\/site\/wp-content\/uploads\/2025\/07\/Diapositive8.jpg 1280w, https:\/\/www.ifsi-clermont60.fr\/site\/wp-content\/uploads\/2025\/07\/Diapositive8-300x169.jpg 300w, https:\/\/www.ifsi-clermont60.fr\/site\/wp-content\/uploads\/2025\/07\/Diapositive8-1024x576.jpg 1024w, https:\/\/www.ifsi-clermont60.fr\/site\/wp-content\/uploads\/2025\/07\/Diapositive8-768x432.jpg 768w\" sizes=\"(max-width: 1280px) 100vw, 1280px\" \/><\/li>\n                <li style=\"display: none; width: 100%;\" class=\"slide-5297 ms-image \" aria-roledescription=\"slide\" data-date=\"2025-07-10 11:07:31\" data-filename=\"Diapositive9.jpg\" data-slide-type=\"image\"><img loading=\"lazy\" decoding=\"async\" width=\"1280\" height=\"720\" src=\"https:\/\/www.ifsi-clermont60.fr\/site\/wp-content\/uploads\/2025\/07\/Diapositive9.jpg\" class=\"slider-5243 slide-5297 msDefaultImage\" alt=\"\" rel=\"\" title=\"Diapositive9\" srcset=\"https:\/\/www.ifsi-clermont60.fr\/site\/wp-content\/uploads\/2025\/07\/Diapositive9.jpg 1280w, https:\/\/www.ifsi-clermont60.fr\/site\/wp-content\/uploads\/2025\/07\/Diapositive9-300x169.jpg 300w, https:\/\/www.ifsi-clermont60.fr\/site\/wp-content\/uploads\/2025\/07\/Diapositive9-1024x576.jpg 1024w, https:\/\/www.ifsi-clermont60.fr\/site\/wp-content\/uploads\/2025\/07\/Diapositive9-768x432.jpg 768w\" sizes=\"(max-width: 1280px) 100vw, 1280px\" \/><\/li>\n                <li style=\"display: none; width: 100%;\" class=\"slide-5298 ms-image \" aria-roledescription=\"slide\" data-date=\"2025-07-10 11:07:31\" data-filename=\"Diapositive10.jpg\" data-slide-type=\"image\"><img loading=\"lazy\" decoding=\"async\" width=\"1280\" height=\"720\" src=\"https:\/\/www.ifsi-clermont60.fr\/site\/wp-content\/uploads\/2025\/07\/Diapositive10.jpg\" class=\"slider-5243 slide-5298 msDefaultImage\" alt=\"\" rel=\"\" title=\"Diapositive10\" srcset=\"https:\/\/www.ifsi-clermont60.fr\/site\/wp-content\/uploads\/2025\/07\/Diapositive10.jpg 1280w, https:\/\/www.ifsi-clermont60.fr\/site\/wp-content\/uploads\/2025\/07\/Diapositive10-300x169.jpg 300w, https:\/\/www.ifsi-clermont60.fr\/site\/wp-content\/uploads\/2025\/07\/Diapositive10-1024x576.jpg 1024w, https:\/\/www.ifsi-clermont60.fr\/site\/wp-content\/uploads\/2025\/07\/Diapositive10-768x432.jpg 768w\" sizes=\"(max-width: 1280px) 100vw, 1280px\" \/><\/li>\n                <li style=\"display: none; width: 100%;\" class=\"slide-5299 ms-image \" aria-roledescription=\"slide\" data-date=\"2025-07-10 11:07:31\" data-filename=\"Diapositive11.jpg\" data-slide-type=\"image\"><img loading=\"lazy\" decoding=\"async\" width=\"1280\" height=\"720\" src=\"https:\/\/www.ifsi-clermont60.fr\/site\/wp-content\/uploads\/2025\/07\/Diapositive11.jpg\" class=\"slider-5243 slide-5299 msDefaultImage\" alt=\"\" rel=\"\" title=\"Diapositive11\" srcset=\"https:\/\/www.ifsi-clermont60.fr\/site\/wp-content\/uploads\/2025\/07\/Diapositive11.jpg 1280w, https:\/\/www.ifsi-clermont60.fr\/site\/wp-content\/uploads\/2025\/07\/Diapositive11-300x169.jpg 300w, https:\/\/www.ifsi-clermont60.fr\/site\/wp-content\/uploads\/2025\/07\/Diapositive11-1024x576.jpg 1024w, https:\/\/www.ifsi-clermont60.fr\/site\/wp-content\/uploads\/2025\/07\/Diapositive11-768x432.jpg 768w\" sizes=\"(max-width: 1280px) 100vw, 1280px\" \/><\/li>\n            <\/ul>\n        <\/div>\n        \n    <\/div>\n<\/div><\/div>\n\n\n\n<h2 class=\"wp-block-heading\" id=\"ce-que-disent-les-etudiants-et-eleves\"><strong>CE QUE DISENT LES \u00c9TUDIANTS ET \u00c9L\u00c8VES 2023\/2024<\/strong><\/h2>\n\n\n\n<div class=\"alignnormal\"><div id=\"metaslider-id-5302\" style=\"width: 100%; margin: 0 auto;\" class=\"ml-slider-3-109-0 metaslider metaslider-flex metaslider-5302 ml-slider has-dots-nav ms-theme-default-base\" role=\"region\" aria-label=\"Satisfaction des \u00e9tudiants \u00e9l\u00e8ves 2023\/2024\" data-height=\"300\" data-width=\"700\">\n    <div id=\"metaslider_container_5302\">\n        <div id=\"metaslider_5302\">\n            <ul class='slides'>\n                <li style=\"display: block; width: 100%;\" class=\"slide-5303 ms-image \" aria-roledescription=\"slide\" data-date=\"2025-07-10 11:28:37\" data-filename=\"image-17.png\" data-slide-type=\"image\"><img loading=\"lazy\" decoding=\"async\" width=\"838\" height=\"471\" src=\"https:\/\/www.ifsi-clermont60.fr\/site\/wp-content\/uploads\/2024\/02\/image-17.png\" class=\"slider-5302 slide-5303 msDefaultImage\" alt=\"\" rel=\"\" title=\"image-17\" srcset=\"https:\/\/www.ifsi-clermont60.fr\/site\/wp-content\/uploads\/2024\/02\/image-17.png 838w, https:\/\/www.ifsi-clermont60.fr\/site\/wp-content\/uploads\/2024\/02\/image-17-300x169.png 300w, https:\/\/www.ifsi-clermont60.fr\/site\/wp-content\/uploads\/2024\/02\/image-17-768x432.png 768w\" sizes=\"(max-width: 838px) 100vw, 838px\" \/><\/li>\n                <li style=\"display: none; width: 100%;\" class=\"slide-5304 ms-image \" aria-roledescription=\"slide\" data-date=\"2025-07-10 11:28:58\" data-filename=\"image-18.png\" data-slide-type=\"image\"><img loading=\"lazy\" decoding=\"async\" width=\"854\" height=\"519\" src=\"https:\/\/www.ifsi-clermont60.fr\/site\/wp-content\/uploads\/2024\/02\/image-18.png\" class=\"slider-5302 slide-5304 msDefaultImage\" alt=\"\" rel=\"\" title=\"image-18\" srcset=\"https:\/\/www.ifsi-clermont60.fr\/site\/wp-content\/uploads\/2024\/02\/image-18.png 854w, https:\/\/www.ifsi-clermont60.fr\/site\/wp-content\/uploads\/2024\/02\/image-18-300x182.png 300w, https:\/\/www.ifsi-clermont60.fr\/site\/wp-content\/uploads\/2024\/02\/image-18-768x467.png 768w\" sizes=\"(max-width: 854px) 100vw, 854px\" \/><\/li>\n                <li style=\"display: none; width: 100%;\" class=\"slide-5305 ms-image \" aria-roledescription=\"slide\" data-date=\"2025-07-10 11:29:02\" data-filename=\"image-20.png\" data-slide-type=\"image\"><img loading=\"lazy\" decoding=\"async\" width=\"857\" height=\"588\" src=\"https:\/\/www.ifsi-clermont60.fr\/site\/wp-content\/uploads\/2024\/02\/image-20.png\" class=\"slider-5302 slide-5305 msDefaultImage\" alt=\"\" rel=\"\" title=\"image-20\" srcset=\"https:\/\/www.ifsi-clermont60.fr\/site\/wp-content\/uploads\/2024\/02\/image-20.png 857w, https:\/\/www.ifsi-clermont60.fr\/site\/wp-content\/uploads\/2024\/02\/image-20-300x206.png 300w, https:\/\/www.ifsi-clermont60.fr\/site\/wp-content\/uploads\/2024\/02\/image-20-768x527.png 768w\" sizes=\"(max-width: 857px) 100vw, 857px\" \/><\/li>\n                <li style=\"display: none; width: 100%;\" class=\"slide-5306 ms-image \" aria-roledescription=\"slide\" data-date=\"2025-07-10 11:29:07\" data-filename=\"image-21.png\" data-slide-type=\"image\"><img loading=\"lazy\" decoding=\"async\" width=\"877\" height=\"596\" src=\"https:\/\/www.ifsi-clermont60.fr\/site\/wp-content\/uploads\/2024\/02\/image-21.png\" class=\"slider-5302 slide-5306 msDefaultImage\" alt=\"\" rel=\"\" title=\"image-21\" srcset=\"https:\/\/www.ifsi-clermont60.fr\/site\/wp-content\/uploads\/2024\/02\/image-21.png 877w, https:\/\/www.ifsi-clermont60.fr\/site\/wp-content\/uploads\/2024\/02\/image-21-300x204.png 300w, https:\/\/www.ifsi-clermont60.fr\/site\/wp-content\/uploads\/2024\/02\/image-21-768x522.png 768w\" sizes=\"(max-width: 877px) 100vw, 877px\" \/><\/li>\n                <li style=\"display: none; width: 100%;\" class=\"slide-5307 ms-image \" aria-roledescription=\"slide\" data-date=\"2025-07-10 11:29:11\" data-filename=\"image-19.png\" data-slide-type=\"image\"><img loading=\"lazy\" decoding=\"async\" width=\"1216\" height=\"927\" src=\"https:\/\/www.ifsi-clermont60.fr\/site\/wp-content\/uploads\/2024\/02\/image-19.png\" class=\"slider-5302 slide-5307 msDefaultImage\" alt=\"\" rel=\"\" title=\"image-19\" srcset=\"https:\/\/www.ifsi-clermont60.fr\/site\/wp-content\/uploads\/2024\/02\/image-19.png 1216w, https:\/\/www.ifsi-clermont60.fr\/site\/wp-content\/uploads\/2024\/02\/image-19-300x229.png 300w, https:\/\/www.ifsi-clermont60.fr\/site\/wp-content\/uploads\/2024\/02\/image-19-1024x781.png 1024w, https:\/\/www.ifsi-clermont60.fr\/site\/wp-content\/uploads\/2024\/02\/image-19-768x585.png 768w\" sizes=\"(max-width: 1216px) 100vw, 1216px\" \/><\/li>\n            <\/ul>\n        <\/div>\n        \n    <\/div>\n<\/div><\/div>\n\n\n\n<figure class=\"wp-block-image size-full\"><img loading=\"lazy\" decoding=\"async\" width=\"1019\" height=\"192\" src=\"https:\/\/www.ifsi-clermont60.fr\/site\/wp-content\/uploads\/2024\/03\/image-8.png\" alt=\"\" class=\"wp-image-4660\" srcset=\"https:\/\/www.ifsi-clermont60.fr\/site\/wp-content\/uploads\/2024\/03\/image-8.png 1019w, https:\/\/www.ifsi-clermont60.fr\/site\/wp-content\/uploads\/2024\/03\/image-8-300x57.png 300w, https:\/\/www.ifsi-clermont60.fr\/site\/wp-content\/uploads\/2024\/03\/image-8-768x145.png 768w\" sizes=\"(max-width: 1019px) 100vw, 1019px\" \/><figcaption class=\"wp-element-caption\">Mail re\u00e7u apr\u00e8s la diplomation d&rsquo;une ESI<\/figcaption><\/figure>\n\n\n\n<hr class=\"wp-block-separator has-text-color has-luminous-vivid-orange-color has-alpha-channel-opacity has-luminous-vivid-orange-background-color has-background is-style-wide\"\/>\n\n\n\n<div class=\"wp-block-columns is-layout-flex wp-container-core-columns-is-layout-9d6595d7 wp-block-columns-is-layout-flex\">\n<div class=\"wp-block-column is-layout-flow wp-block-column-is-layout-flow\">\n<figure class=\"wp-block-image size-full is-resized\"><img loading=\"lazy\" decoding=\"async\" width=\"616\" height=\"491\" src=\"https:\/\/www.ifsi-clermont60.fr\/site\/wp-content\/uploads\/2023\/07\/image-3.png\" alt=\"\" class=\"wp-image-3809\" style=\"width:357px;height:284px\" srcset=\"https:\/\/www.ifsi-clermont60.fr\/site\/wp-content\/uploads\/2023\/07\/image-3.png 616w, https:\/\/www.ifsi-clermont60.fr\/site\/wp-content\/uploads\/2023\/07\/image-3-300x239.png 300w\" sizes=\"(max-width: 616px) 100vw, 616px\" \/><\/figure>\n<\/div>\n\n\n\n<div class=\"wp-block-column is-layout-flow wp-block-column-is-layout-flow\">\n<figure class=\"wp-block-image size-full is-resized\"><img loading=\"lazy\" decoding=\"async\" width=\"478\" height=\"426\" src=\"https:\/\/www.ifsi-clermont60.fr\/site\/wp-content\/uploads\/2023\/07\/image-1.png\" alt=\"\" class=\"wp-image-3807\" style=\"width:311px;height:277px\" srcset=\"https:\/\/www.ifsi-clermont60.fr\/site\/wp-content\/uploads\/2023\/07\/image-1.png 478w, https:\/\/www.ifsi-clermont60.fr\/site\/wp-content\/uploads\/2023\/07\/image-1-300x267.png 300w\" sizes=\"(max-width: 478px) 100vw, 478px\" \/><\/figure>\n<\/div>\n<\/div>\n\n\n<blockquote>\n<p style=\"text-align: center;\">L\u2019\u00e9quipe p\u00e9dagogique est pl\u00e9biscit\u00e9 pour \u00ab la gentillesse, le\u00a0 soutien, l&rsquo;\u00e9coute, la ponctualit\u00e9, l&rsquo;investissement, l&rsquo;apport de confiance en soi et d&rsquo;aide. \u00bb<\/p>\n<\/blockquote>\n\n\n<p><\/p>\n","protected":false},"excerpt":{"rendered":"<p>CE QUE DISENT LES \u00c9TUDIANTS ET \u00c9L\u00c8VES 2024\/2025 CE QUE DISENT LES \u00c9TUDIANTS ET \u00c9L\u00c8VES 2023\/2024 L\u2019\u00e9quipe p\u00e9dagogique est pl\u00e9biscit\u00e9 pour \u00ab la gentillesse, le\u00a0 soutien, l&rsquo;\u00e9coute, la ponctualit\u00e9, l&rsquo;investissement,&hellip;<\/p>\n","protected":false},"author":1,"featured_media":0,"parent":0,"menu_order":0,"comment_status":"closed","ping_status":"closed","template":"","meta":{"footnotes":""},"class_list":["post-457","page","type-page","status-publish","hentry"],"jetpack_sharing_enabled":true,"_links":{"self":[{"href":"https:\/\/www.ifsi-clermont60.fr\/site\/index.php\/wp-json\/wp\/v2\/pages\/457","targetHints":{"allow":["GET"]}}],"collection":[{"href":"https:\/\/www.ifsi-clermont60.fr\/site\/index.php\/wp-json\/wp\/v2\/pages"}],"about":[{"href":"https:\/\/www.ifsi-clermont60.fr\/site\/index.php\/wp-json\/wp\/v2\/types\/page"}],"author":[{"embeddable":true,"href":"https:\/\/www.ifsi-clermont60.fr\/site\/index.php\/wp-json\/wp\/v2\/users\/1"}],"replies":[{"embeddable":true,"href":"https:\/\/www.ifsi-clermont60.fr\/site\/index.php\/wp-json\/wp\/v2\/comments?post=457"}],"version-history":[{"count":19,"href":"https:\/\/www.ifsi-clermont60.fr\/site\/index.php\/wp-json\/wp\/v2\/pages\/457\/revisions"}],"predecessor-version":[{"id":5587,"href":"https:\/\/www.ifsi-clermont60.fr\/site\/index.php\/wp-json\/wp\/v2\/pages\/457\/revisions\/5587"}],"wp:attachment":[{"href":"https:\/\/www.ifsi-clermont60.fr\/site\/index.php\/wp-json\/wp\/v2\/media?parent=457"}],"curies":[{"name":"wp","href":"https:\/\/api.w.org\/{rel}","templated":true}]}}