{"id":4436,"date":"2024-02-26T11:09:46","date_gmt":"2024-02-26T10:09:46","guid":{"rendered":"https:\/\/www.ifsi-clermont60.fr\/site\/?page_id=4436"},"modified":"2025-10-29T10:43:44","modified_gmt":"2025-10-29T09:43:44","slug":"politique-de-confidentialite","status":"publish","type":"page","link":"https:\/\/www.ifsi-clermont60.fr\/site\/index.php\/politique-de-confidentialite\/","title":{"rendered":"Politique de confidentialit\u00e9"},"content":{"rendered":"\n<p>Le Centre Hospitalier Isarien (CHI) &#8211; EPSM de l&rsquo;Oise, dont est rattach\u00e9 l&rsquo;institut de formation, veille \u00e0 la protection de la vie priv\u00e9e, \u00e0 la protection des donn\u00e9es \u00e0 caract\u00e8re personnel ainsi qu\u2019au respect des dispositions l\u00e9gales en vigueur en la mati\u00e8re. La pr\u00e9sente Politique de confidentialit\u00e9 (ci-apr\u00e8s la \u00ab Politique \u00bb) a pour objectif de fournir une information simple, claire et compl\u00e8te aux utilisateurs du site sur les traitements de donn\u00e9es \u00e0 caract\u00e8re personnel r\u00e9alis\u00e9s par le CHI en qualit\u00e9 de Responsable de traitement.<\/p>\n\n\n\n<p><strong><em>D\u00e9finitions<\/em><\/strong><\/p>\n\n\n\n<p><em><u>D\u00e9l\u00e9gu\u00e9 \u00e0 la protection des donn\u00e9es<\/u><\/em>&nbsp;: d\u00e9signe la personne en charge de veiller au respect de la r\u00e9glementation en mati\u00e8re de protection des donn\u00e9es personnelles au sein d\u2019un organisme,<\/p>\n\n\n\n<p><em><u>Responsable de traitement<\/u><\/em>&nbsp;: est la personne morale incarn\u00e9e par son repr\u00e9sentant l\u00e9gal qui d\u00e9termine les finalit\u00e9s et les moyens d\u2019un traitement. Ici le CHI est responsable des traitements de donn\u00e9es \u00e0 caract\u00e8re personnel mis en \u0153uvre sur son site internet,<\/p>\n\n\n\n<p><em><u>Donn\u00e9es \u00e0 caract\u00e8re personnel<\/u><\/em>&nbsp;: d\u00e9signent toute information relative \u00e0 une personne physique directement ou indirectement identifiable,<\/p>\n\n\n\n<p><em><u>Commission Nationale de l\u2019Informatique et des Libert\u00e9s (CNIL)<\/u><\/em>&nbsp;: d\u00e9signe l\u2019autorit\u00e9 de contr\u00f4le en charge du respect des obligations en mati\u00e8re de donn\u00e9es \u00e0 caract\u00e8re personnel en France,<\/p>\n\n\n\n<p><em><u>R\u00e8glement G\u00e9n\u00e9ral sur la Protection des Donn\u00e9es (RGPD)<\/u><\/em>&nbsp;: r\u00e8glement europ\u00e9en qui encadre le traitement des donn\u00e9es \u00e0 caract\u00e8re personnel sur tout le territoire de l\u2019Union europ\u00e9enne (n\u00b02016\/679 du 27 avril 2016). Il est entr\u00e9 en application le 25 mai 2018.<\/p>\n\n\n\n<p><strong><em>Champ d\u2019application<\/em><\/strong><\/p>\n\n\n\n<p>La pr\u00e9sente Politique couvre les traitements r\u00e9alis\u00e9s par l&rsquo;institut au travers de ce site notamment la gestion du formulaire de contact.<\/p>\n\n\n\n<p>Pour l\u2019ensemble de ces traitements, l&rsquo;institut agit en qualit\u00e9 de responsable de traitement.<\/p>\n\n\n\n<p><strong><em><u>La gestion du formulaire de contact<\/u><\/em><\/strong><\/p>\n\n\n\n<p>Lorsque vous souhaitez nous adresser une demande via le formulaire de contact de notre site Internet, nous collectons certaines de vos donn\u00e9es personnelles afin de r\u00e9pondre \u00e0 votre demande. Cette collecte constitue un traitement de donn\u00e9es \u00e0 caract\u00e8re personnel soumis au RGPD. La collecte de vos donn\u00e9es personnelles repose sur votre consentement que vous manifestez avant de soumettre le formulaire.<\/p>\n\n\n\n<p>Les donn\u00e9es susceptibles d\u2019\u00eatre collect\u00e9es lorsque vous soumettez le formulaire de contact sont les suivantes\u00a0:\u00a0<em>nom, pr\u00e9nom, courriel\u00a0<\/em>et toute autre information personnelle susceptible de se trouver dans votre demande et les pi\u00e8ces jointes \u00e9ventuellement transmises.<\/p>\n\n\n\n<p>Les donn\u00e9es trait\u00e9es dans le cadre de la r\u00e9ponse \u00e0 votre demande sont destin\u00e9es au secr\u00e9tariat pour r\u00e9pondre \u00e0 votre demande. Vos donn\u00e9es sont conserv\u00e9es uniquement le temps de r\u00e9pondre \u00e0 votre demande.<\/p>\n\n\n\n<p>Dans le cadre de ce traitement, vous disposez d\u2019un droit d\u2019acc\u00e8s, de rectification et d\u2019effacement de vos donn\u00e9es. Vous pouvez \u00e9galement vous opposer \u00e0 leur traitement et en obtenir la limitation.<\/p>\n\n\n\n<p><strong>S\u00e9curit\u00e9<\/strong><\/p>\n\n\n\n<p>Le Centre Hospitalier Isarien assure la s\u00e9curit\u00e9 et la confidentialit\u00e9 de vos donn\u00e9es \u00e0 caract\u00e8re personnel en mettant en \u0153uvre les mesures techniques et organisationnelles appropri\u00e9es. Ces mesures techniques et organisationnelles visent \u00e0 \u00e9viter la perte, la mauvaise utilisation, l\u2019alt\u00e9ration et la suppression des donn\u00e9es \u00e0 caract\u00e8re personnel vous concernant. Ces mesures sont adapt\u00e9es selon le niveau de sensibilit\u00e9 des donn\u00e9es trait\u00e9es et selon le niveau de risque que pr\u00e9sente le traitement ou sa mise en \u0153uvre.<\/p>\n\n\n\n<p><strong>Modalit\u00e9s d\u2019exercice de vos droits RGPD<\/strong><\/p>\n\n\n\n<p>Pour toute question relative \u00e0 la protection de vos donn\u00e9es ou pour exercer vos droits, vous pouvez contacter le d\u00e9l\u00e9gu\u00e9 \u00e0 la protection des donn\u00e9es (DPO) du CHI sur :<\/p>\n\n\n\n<p><a href=\"mailto:dpo@chi-clermont.fr\">dpo@chi-clermont.fr<\/a><\/p>\n\n\n\n<p>D\u00e9l\u00e9gu\u00e9 \u00e0 la protection des donn\u00e9es<\/p>\n\n\n\n<p>Centre Hospitalier Isarien \u2013 EPSM de l\u2019Oise<\/p>\n\n\n\n<p>02 Rue des Finets 60600 Clermont de l\u2019Oise<\/p>\n\n\n\n<p>03 44 77 50 00 \u2013 Poste 75260<\/p>\n\n\n\n<p>Si vous estimez que vous droits sont m\u00e9connus ou si vous n\u2019\u00eates pas satisfait de la r\u00e9ponse apport\u00e9e apr\u00e8s nous avoir contact\u00e9, vous pouvez introduire une r\u00e9clamation en saisissant la Commission nationale de l\u2019informatique et des libert\u00e9s (CNIL).<\/p>\n\n\n\n<p><strong><em>Mise \u00e0 jour<\/em><\/strong><\/p>\n\n\n\n<p>La pr\u00e9sente politique de confidentialit\u00e9 peut \u00eatre amen\u00e9e \u00e0 \u00e9voluer selon le contexte l\u00e9gal et r\u00e9glementaire ainsi que selon les avis et positions des autorit\u00e9s de protection des donn\u00e9es de l\u2019Union Europ\u00e9enne. Le CHI invite les utilisateurs \u00e0 consulter r\u00e9guli\u00e8rement la pr\u00e9sente page pour prendre connaissance des changements et des nouvelles informations.<\/p>\n","protected":false},"excerpt":{"rendered":"<p>Le Centre Hospitalier Isarien (CHI) &#8211; EPSM de l&rsquo;Oise, dont est rattach\u00e9 l&rsquo;institut de formation, veille \u00e0 la protection de la vie priv\u00e9e, \u00e0 la protection des donn\u00e9es \u00e0 caract\u00e8re&hellip;<\/p>\n","protected":false},"author":2,"featured_media":0,"parent":0,"menu_order":0,"comment_status":"closed","ping_status":"closed","template":"","meta":{"footnotes":""},"class_list":["post-4436","page","type-page","status-publish","hentry"],"jetpack_sharing_enabled":true,"_links":{"self":[{"href":"https:\/\/www.ifsi-clermont60.fr\/site\/index.php\/wp-json\/wp\/v2\/pages\/4436","targetHints":{"allow":["GET"]}}],"collection":[{"href":"https:\/\/www.ifsi-clermont60.fr\/site\/index.php\/wp-json\/wp\/v2\/pages"}],"about":[{"href":"https:\/\/www.ifsi-clermont60.fr\/site\/index.php\/wp-json\/wp\/v2\/types\/page"}],"author":[{"embeddable":true,"href":"https:\/\/www.ifsi-clermont60.fr\/site\/index.php\/wp-json\/wp\/v2\/users\/2"}],"replies":[{"embeddable":true,"href":"https:\/\/www.ifsi-clermont60.fr\/site\/index.php\/wp-json\/wp\/v2\/comments?post=4436"}],"version-history":[{"count":2,"href":"https:\/\/www.ifsi-clermont60.fr\/site\/index.php\/wp-json\/wp\/v2\/pages\/4436\/revisions"}],"predecessor-version":[{"id":5976,"href":"https:\/\/www.ifsi-clermont60.fr\/site\/index.php\/wp-json\/wp\/v2\/pages\/4436\/revisions\/5976"}],"wp:attachment":[{"href":"https:\/\/www.ifsi-clermont60.fr\/site\/index.php\/wp-json\/wp\/v2\/media?parent=4436"}],"curies":[{"name":"wp","href":"https:\/\/api.w.org\/{rel}","templated":true}]}}