{"id":3660,"date":"2023-05-19T14:22:47","date_gmt":"2023-05-19T12:22:47","guid":{"rendered":"https:\/\/www.ifsi-clermont60.fr\/site\/?page_id=3660"},"modified":"2023-05-19T14:22:47","modified_gmt":"2023-05-19T12:22:47","slug":"rupture-du-contrat-dapprentissage","status":"publish","type":"page","link":"https:\/\/www.ifsi-clermont60.fr\/site\/index.php\/rupture-du-contrat-dapprentissage\/","title":{"rendered":"Rupture du contrat d&rsquo;apprentissage"},"content":{"rendered":"\n<p class=\"has-medium-font-size\"><strong><mark style=\"background-color:rgba(0, 0, 0, 0)\" class=\"has-inline-color has-luminous-vivid-orange-color\">Rupture  du contrat d&rsquo;apprentissage<\/mark><\/strong><\/p>\n\n\n\n<p>Le contrat peut \u00eatre rompu par l&#8217;employeur ou par l&rsquo;apprenti.e (et par son repr\u00e9sentant l\u00e9gal si l&rsquo;apprenti est mineur) <strong>SANS MOTIF dans les 45 premiers jours en entreprise qui constituent la p\u00e9riode d&rsquo;essai<\/strong>. <strong><br><\/strong>Pour cela, il faut notifier la rupture par \u00e9crit \u00e0 l&rsquo;autre partie et envoyer une copie \u00e0 l&rsquo;organisme ayant enregistr\u00e9 ou d\u00e9pos\u00e9 le contrat aupr\u00e8s de l&rsquo;administration ainsi qu&rsquo;au directeur de l&rsquo;institut de formation. <strong>Aucune indemnit\u00e9 sp\u00e9cifique n&rsquo;est \u00e0 verser.<\/strong><\/p>\n\n\n\n<p>\u25ba <strong>Au del\u00e0 des 45 jours,<\/strong> le contrat peut \u00eatre rompu \u00e0 l&rsquo;amiable et sans pr\u00e9avis si les deux parties passent un accord. Une convention est alors \u00e9crite en double exemplaire et co-sign\u00e9e par les parties afin de fixer la date de fin effective de la relation contractuelle.<\/p>\n\n\n\n<p>\u25ba <strong>Rupture \u00e0 l&rsquo;initiative de l&#8217;employeur: <br><\/strong>Doit \u00eatre justifi\u00e9e par une cause r\u00e9elle et s\u00e9rieuse. Dans ce cas, la rupture prend la forme d&rsquo;un licenciement.<\/p>\n\n\n\n<p>\u25ba <strong>Rupture \u00e0 l&rsquo;initiative de l&rsquo;apprenti.e: <br><\/strong>Dans ce cas, la rupture prend la forme d&rsquo;une d\u00e9mission. La proc\u00e9dure de d\u00e9mission selon le Code du Travail s&rsquo;applique alors.<\/p>\n\n\n\n<p>\u25ba<strong> Exclusion d\u00e9finitive de l&rsquo;apprenti.e de son CFA <br><\/strong>Si le centre de formation prononce une exclusion d\u00e9finitive de l&rsquo;apprenti.e, l&#8217;employeur peut engager \u00e0 son encontre une proc\u00e9dure de licenciement.<\/p>\n","protected":false},"excerpt":{"rendered":"<p>Rupture du contrat d&rsquo;apprentissage Le contrat peut \u00eatre rompu par l&#8217;employeur ou par l&rsquo;apprenti.e (et par son repr\u00e9sentant l\u00e9gal si l&rsquo;apprenti est mineur) SANS MOTIF dans les 45 premiers jours&hellip;<\/p>\n","protected":false},"author":2,"featured_media":0,"parent":0,"menu_order":0,"comment_status":"closed","ping_status":"closed","template":"","meta":{"footnotes":""},"class_list":["post-3660","page","type-page","status-publish","hentry"],"jetpack_sharing_enabled":true,"_links":{"self":[{"href":"https:\/\/www.ifsi-clermont60.fr\/site\/index.php\/wp-json\/wp\/v2\/pages\/3660","targetHints":{"allow":["GET"]}}],"collection":[{"href":"https:\/\/www.ifsi-clermont60.fr\/site\/index.php\/wp-json\/wp\/v2\/pages"}],"about":[{"href":"https:\/\/www.ifsi-clermont60.fr\/site\/index.php\/wp-json\/wp\/v2\/types\/page"}],"author":[{"embeddable":true,"href":"https:\/\/www.ifsi-clermont60.fr\/site\/index.php\/wp-json\/wp\/v2\/users\/2"}],"replies":[{"embeddable":true,"href":"https:\/\/www.ifsi-clermont60.fr\/site\/index.php\/wp-json\/wp\/v2\/comments?post=3660"}],"version-history":[{"count":1,"href":"https:\/\/www.ifsi-clermont60.fr\/site\/index.php\/wp-json\/wp\/v2\/pages\/3660\/revisions"}],"predecessor-version":[{"id":3662,"href":"https:\/\/www.ifsi-clermont60.fr\/site\/index.php\/wp-json\/wp\/v2\/pages\/3660\/revisions\/3662"}],"wp:attachment":[{"href":"https:\/\/www.ifsi-clermont60.fr\/site\/index.php\/wp-json\/wp\/v2\/media?parent=3660"}],"curies":[{"name":"wp","href":"https:\/\/api.w.org\/{rel}","templated":true}]}}