{"id":359,"date":"2018-04-05T10:46:32","date_gmt":"2018-04-05T08:46:32","guid":{"rendered":"http:\/\/www.ifsi-clermont60.fr\/site\/?page_id=359"},"modified":"2022-12-12T14:58:35","modified_gmt":"2022-12-12T13:58:35","slug":"formation-alternance","status":"publish","type":"page","link":"https:\/\/www.ifsi-clermont60.fr\/site\/index.php\/formation-alternance\/","title":{"rendered":"Formation en alternance"},"content":{"rendered":"\n<div style=\"height:28px\" aria-hidden=\"true\" class=\"wp-block-spacer\"><\/div>\n\n\n\n<h2 class=\"has-luminous-vivid-orange-color has-text-color wp-block-heading\"><strong>L&rsquo;organisation g\u00e9n\u00e9rale des stages<\/strong><\/h2>\n\n\n\n<div style=\"height:18px\" aria-hidden=\"true\" class=\"wp-block-spacer\"><\/div>\n\n\n\n<p>Les stages cliniques repr\u00e9sentent la moiti\u00e9 de la formation des \u00e9tudiant(e)s et des \u00e9l\u00e8ves. La mise en stage est effectu\u00e9e par l&rsquo;institut de formation en fonction des r\u00e9f\u00e9rentiels de formation.<mark><mark><br><\/mark><\/mark><strong>Les lieux de stage peuvent se situer sur toute la partie centrale de l&rsquo;Oise du Nord au Sud et de l&rsquo;Ouest \u00e0 l&rsquo;Est.<\/strong><\/p>\n\n\n<div class=\"wp-block-image\">\n<figure class=\"aligncenter size-large is-resized\"><img fetchpriority=\"high\" decoding=\"async\" src=\"https:\/\/www.ifsi-clermont60.fr\/site\/wp-content\/uploads\/2022\/12\/image-2-1024x618.png\" alt=\"\" class=\"wp-image-3254\" width=\"589\" height=\"355\" srcset=\"https:\/\/www.ifsi-clermont60.fr\/site\/wp-content\/uploads\/2022\/12\/image-2-1024x618.png 1024w, https:\/\/www.ifsi-clermont60.fr\/site\/wp-content\/uploads\/2022\/12\/image-2-300x181.png 300w, https:\/\/www.ifsi-clermont60.fr\/site\/wp-content\/uploads\/2022\/12\/image-2-768x464.png 768w, https:\/\/www.ifsi-clermont60.fr\/site\/wp-content\/uploads\/2022\/12\/image-2.png 1424w\" sizes=\"(max-width: 589px) 100vw, 589px\" \/><\/figure>\n<\/div>\n\n\n<figure class=\"wp-block-table is-style-stripes\"><table><thead><tr><th class=\"has-text-align-center\" data-align=\"center\">Les horaires de stages sont de:<\/th><\/tr><\/thead><tbody><tr><td class=\"has-text-align-center\" data-align=\"center\">7h30\/jour pour 35h\/semaine, entre 6h et 21h<\/td><\/tr><tr><td class=\"has-text-align-center\" data-align=\"center\">10h00 par nuit pour 35h\/semaine<\/td><\/tr><\/tbody><\/table><\/figure>\n\n\n\n<hr class=\"wp-block-separator has-css-opacity\"\/>\n\n\n\n<p class=\"has-text-align-center has-black-color has-cyan-bluish-gray-background-color has-text-color has-background\" style=\"font-size:15px;text-transform:uppercase\"><strong>Le permis de conduire et un moyen de locomotion sont indispensables afin <mark><mark><br><\/mark><\/mark><\/strong><mark><mark><br><\/mark><\/mark><strong>de vous rendre&nbsp; dans les \u00e9tablissements d\u00e9sign\u00e9s pour vos stages.<\/strong><\/p>\n\n\n\n<hr class=\"wp-block-separator has-css-opacity\"\/>\n\n\n\n<div class=\"wp-block-buttons is-layout-flex wp-block-buttons-is-layout-flex\">\n<div class=\"wp-block-button has-custom-width wp-block-button__width-100 has-custom-font-size has-small-font-size\"><a class=\"wp-block-button__link has-white-color has-luminous-vivid-orange-background-color has-text-color has-background\" href=\"https:\/\/www.ifsi-clermont60.fr\/site\/wp-content\/uploads\/2022\/12\/plannification-cours-stages-2022-2023-V2.pdf\" target=\"_blank\" rel=\"noreferrer noopener\">Planification alternance cours\/stages 2022-2023<\/a><\/div>\n\n\n<\/div>\n\n\n\n<p>Cette planification est \u00e9tablie et s\u2019inscrit dans une organisation d\u00e9partementale associant les trois IFSI de l\u2019Oise et 4 IFAS.<mark><mark><br><\/mark>Cette organisation d\u00e9partementale vise \u00e0 permettre une mutualisation de moyens afin de garantir un parcours qualifiant \u00e0 l\u2019ensemble des \u00e9tudiants et \u00e9l\u00e8ves Isariens.<br>Cette mutualisation est donc une contrainte collective pour assurer \u00e0 chacun un stage dans chaque typologie pour valider son cursus.<mark><br><\/mark>Nous recherchons pour vous tout ou partie des stages n\u00e9cessaires et obligatoires \u00e0 la validation de votre cursus, cela facilite votre formation, cependant nous faisons avec les ressources de notre territoire.&nbsp;<\/mark><\/p>\n\n\n\n<hr class=\"wp-block-separator has-text-color has-luminous-vivid-orange-color has-css-opacity has-luminous-vivid-orange-background-color has-background is-style-wide\"\/>\n\n\n<p><span style=\"color: #3366ff;\"><strong>Le stage \u00ab\u00a0choisi\u00a0\u00bb \u00e0 l\u2019\u00e9tranger ou dans les DROM<\/strong><\/span><\/p>\n<p>En L2, des \u00e9tudiants ont eu la possibilit\u00e9 de faire un stage hors r\u00e9gion et \u00e0 l\u2019\u00e9tranger selon la situation sanitaire et\/ou g\u00e9opolitique.<\/p>\n<p>Et Ils ont souhait\u00e9s partag\u00e9 cette exp\u00e9rience<\/p>\n<p>Vous trouverez ci-dessous quelques exp\u00e9riences v\u00e9cues par les \u00e9tudiants des ann\u00e9es pr\u00e9c\u00e9dentes.<\/p>\n<p>Cliquez sur les images pour plus de d\u00e9tails :<\/p>\n<p><a href=\"https:\/\/stagemarocifsicler.wixsite.com\/blog\" target=\"_blank\" rel=\"noopener noreferrer\"><img decoding=\"async\" class=\"alignnone size-full wp-image-362\" src=\"https:\/\/www.ifsi-clermont60.fr\/site\/wp-content\/uploads\/2018\/04\/ScreenHunter_02-Apr.-05-10.46.jpg\" alt=\"\" width=\"928\" height=\"238\" srcset=\"https:\/\/www.ifsi-clermont60.fr\/site\/wp-content\/uploads\/2018\/04\/ScreenHunter_02-Apr.-05-10.46.jpg 928w, https:\/\/www.ifsi-clermont60.fr\/site\/wp-content\/uploads\/2018\/04\/ScreenHunter_02-Apr.-05-10.46-300x77.jpg 300w, https:\/\/www.ifsi-clermont60.fr\/site\/wp-content\/uploads\/2018\/04\/ScreenHunter_02-Apr.-05-10.46-768x197.jpg 768w\" sizes=\"(max-width: 928px) 100vw, 928px\" \/><\/a><\/p>\n<p><a href=\"https:\/\/www.ifsi-clermont60.fr\/site\/stageoptZaouit.pdf\" target=\"_blank\" rel=\"noopener noreferrer\">Diaporama du stage \u00e0 Zaouit<\/a><\/p>\n<p><a href=\"https:\/\/www.ifsi-clermont60.fr\/site\/exposeretourstagenc.pdf\" target=\"_blank\" rel=\"noopener noreferrer\"><img decoding=\"async\" class=\"wp-image-360 aligncenter\" src=\"https:\/\/www.ifsi-clermont60.fr\/site\/wp-content\/uploads\/2018\/04\/ScreenHunter_01-Apr.-05-10.44.jpg\" alt=\"\" width=\"320\" height=\"239\" srcset=\"https:\/\/www.ifsi-clermont60.fr\/site\/wp-content\/uploads\/2018\/04\/ScreenHunter_01-Apr.-05-10.44.jpg 947w, https:\/\/www.ifsi-clermont60.fr\/site\/wp-content\/uploads\/2018\/04\/ScreenHunter_01-Apr.-05-10.44-300x224.jpg 300w, https:\/\/www.ifsi-clermont60.fr\/site\/wp-content\/uploads\/2018\/04\/ScreenHunter_01-Apr.-05-10.44-768x573.jpg 768w\" sizes=\"(max-width: 320px) 100vw, 320px\" \/><\/a><\/p>\n<p><a href=\"https:\/\/www.ifsi-clermont60.fr\/site\/polynesiefrancaise26avril2017.pdf\" target=\"_blank\" rel=\"noopener noreferrer\"><img loading=\"lazy\" decoding=\"async\" class=\"wp-image-671 aligncenter\" src=\"https:\/\/www.ifsi-clermont60.fr\/site\/wp-content\/uploads\/2018\/12\/polynesiefrancaise-300x279.jpg\" alt=\"\" width=\"356\" height=\"331\" srcset=\"https:\/\/www.ifsi-clermont60.fr\/site\/wp-content\/uploads\/2018\/12\/polynesiefrancaise-300x279.jpg 300w, https:\/\/www.ifsi-clermont60.fr\/site\/wp-content\/uploads\/2018\/12\/polynesiefrancaise-768x714.jpg 768w, https:\/\/www.ifsi-clermont60.fr\/site\/wp-content\/uploads\/2018\/12\/polynesiefrancaise.jpg 916w\" sizes=\"(max-width: 356px) 100vw, 356px\" \/><\/a><\/p>","protected":false},"excerpt":{"rendered":"<p>L&rsquo;organisation g\u00e9n\u00e9rale des stages Les stages cliniques repr\u00e9sentent la moiti\u00e9 de la formation des \u00e9tudiant(e)s et des \u00e9l\u00e8ves. La mise en stage est effectu\u00e9e par l&rsquo;institut de formation en fonction&hellip;<\/p>\n","protected":false},"author":1,"featured_media":0,"parent":0,"menu_order":0,"comment_status":"closed","ping_status":"closed","template":"","meta":{"footnotes":""},"class_list":["post-359","page","type-page","status-publish","hentry"],"jetpack_sharing_enabled":true,"_links":{"self":[{"href":"https:\/\/www.ifsi-clermont60.fr\/site\/index.php\/wp-json\/wp\/v2\/pages\/359","targetHints":{"allow":["GET"]}}],"collection":[{"href":"https:\/\/www.ifsi-clermont60.fr\/site\/index.php\/wp-json\/wp\/v2\/pages"}],"about":[{"href":"https:\/\/www.ifsi-clermont60.fr\/site\/index.php\/wp-json\/wp\/v2\/types\/page"}],"author":[{"embeddable":true,"href":"https:\/\/www.ifsi-clermont60.fr\/site\/index.php\/wp-json\/wp\/v2\/users\/1"}],"replies":[{"embeddable":true,"href":"https:\/\/www.ifsi-clermont60.fr\/site\/index.php\/wp-json\/wp\/v2\/comments?post=359"}],"version-history":[{"count":31,"href":"https:\/\/www.ifsi-clermont60.fr\/site\/index.php\/wp-json\/wp\/v2\/pages\/359\/revisions"}],"predecessor-version":[{"id":3320,"href":"https:\/\/www.ifsi-clermont60.fr\/site\/index.php\/wp-json\/wp\/v2\/pages\/359\/revisions\/3320"}],"wp:attachment":[{"href":"https:\/\/www.ifsi-clermont60.fr\/site\/index.php\/wp-json\/wp\/v2\/media?parent=359"}],"curies":[{"name":"wp","href":"https:\/\/api.w.org\/{rel}","templated":true}]}}