{"id":3473,"date":"2023-01-09T16:14:31","date_gmt":"2023-01-09T15:14:31","guid":{"rendered":"https:\/\/www.ifsi-clermont60.fr\/site\/?page_id=3473"},"modified":"2026-02-04T16:12:15","modified_gmt":"2026-02-04T15:12:15","slug":"simulation-en-sante","status":"publish","type":"page","link":"https:\/\/www.ifsi-clermont60.fr\/site\/index.php\/simulation-en-sante\/","title":{"rendered":"Simulation en sant\u00e9"},"content":{"rendered":"\n<h2 class=\"wp-block-heading has-luminous-vivid-orange-color has-text-color\"><strong>La Simulation en sant\u00e9<\/strong><\/h2>\n\n\n\n<p class=\"has-text-align-center has-luminous-vivid-orange-color has-text-color has-link-color has-medium-font-size wp-elements-d4e0900f40e6befd1062a07ce74ad129\"><strong>Objectif de la simulation \u00ab Jamais la premi\u00e8re fois sur le patient\u00bb.<\/strong><\/p>\n\n\n\n<p class=\"has-small-font-size\"><em>Au-del\u00e0 des textes des r\u00e9f\u00e9rentiels de formation, l\u2019utilisation de la simulation en sant\u00e9 comme m\u00e9thode p\u00e9dagogique est un incontournable aujourd\u2019hui, en plus des autres m\u00e9thodes et selon l\u2019HAS (f\u00e9vrier 2019<\/em>): <\/p>\n\n\n\n<figure class=\"wp-block-table is-style-stripes\"><table><thead><tr><th>Utilisation<\/th><th>Dans le but de:<\/th><\/tr><\/thead><tbody><tr><td>d\u2019un mat\u00e9riel (ex: un mannequin ou un simulateur proc\u00e9dural)<\/td><td>Reproduire des situations ou des environnements de soins<\/td><\/tr><tr><td>d\u2019un patient standardis\u00e9<\/td><td>Enseigner des proc\u00e9dures diagnostiques et th\u00e9rapeutiques<\/td><\/tr><tr><td><\/td><td>Permettre de r\u00e9p\u00e9ter des processus, des situations cliniques ou des prises de d\u00e9cision<\/td><\/tr><\/tbody><\/table><figcaption class=\"wp-element-caption\">Par un professionnel de sant\u00e9 ou une \u00e9quipe de professionnels<\/figcaption><\/figure>\n\n\n\n<hr class=\"wp-block-separator has-alpha-channel-opacity is-style-wide\"\/>\n\n\n\n<p class=\"has-text-align-center\"><a href=\"https:\/\/www.ifsi-clermont60.fr\/site\/wp-content\/uploads\/2025\/07\/Simulation-labo-2024.pdf\" target=\"_blank\" rel=\"noreferrer noopener\"><strong>Cliquez ici<\/strong> <\/a>pour voir toutes nos activit\u00e9s simulations<\/p>\n\n\n\n<hr class=\"wp-block-separator has-alpha-channel-opacity is-style-wide\"\/>\n\n\n\n<p><strong>La simulation en sant\u00e9 s&rsquo;adresse \u00e0 tous les professionnels de sant\u00e9 et permet:<\/strong><\/p>\n\n\n<div class=\"wp-block-image is-style-default\">\n<figure class=\"aligncenter size-large\"><img fetchpriority=\"high\" decoding=\"async\" width=\"1024\" height=\"514\" src=\"https:\/\/www.ifsi-clermont60.fr\/site\/wp-content\/uploads\/2023\/01\/image-3-1024x514.png\" alt=\"\" class=\"wp-image-3480\" srcset=\"https:\/\/www.ifsi-clermont60.fr\/site\/wp-content\/uploads\/2023\/01\/image-3-1024x514.png 1024w, https:\/\/www.ifsi-clermont60.fr\/site\/wp-content\/uploads\/2023\/01\/image-3-300x150.png 300w, https:\/\/www.ifsi-clermont60.fr\/site\/wp-content\/uploads\/2023\/01\/image-3-768x385.png 768w, https:\/\/www.ifsi-clermont60.fr\/site\/wp-content\/uploads\/2023\/01\/image-3.png 1246w\" sizes=\"(max-width: 1024px) 100vw, 1024px\" \/><figcaption class=\"wp-element-caption\">Cette activit\u00e9 p\u00e9dagogique trouve toute sa place dans le cadre de notre projet d\u2019institut<\/figcaption><\/figure>\n<\/div>\n\n<div class=\"wp-block-image is-resized\">\n<figure class=\"aligncenter size-full\"><img decoding=\"async\" width=\"612\" height=\"560\" src=\"https:\/\/www.ifsi-clermont60.fr\/site\/wp-content\/uploads\/2023\/01\/image-4.png\" alt=\"\" class=\"wp-image-3483\" style=\"width:385px;height:auto\" srcset=\"https:\/\/www.ifsi-clermont60.fr\/site\/wp-content\/uploads\/2023\/01\/image-4.png 612w, https:\/\/www.ifsi-clermont60.fr\/site\/wp-content\/uploads\/2023\/01\/image-4-300x275.png 300w\" sizes=\"(max-width: 612px) 100vw, 612px\" \/><figcaption class=\"wp-element-caption\">Dynamique instaur\u00e9e du <strong>\u00ab&nbsp;apprendre ensemble pour travailler ensemble&nbsp;\u00bb<\/strong> entre l\u2019IFSI et l\u2019IFAS<\/figcaption><\/figure>\n<\/div>\n\n\n<figure class=\"wp-block-table is-style-stripes\"><table class=\"has-fixed-layout\"><tbody><tr><td><strong>OBJECTIF: <\/strong>Renforcement des capacit\u00e9s techniques et relationnelles entre les ESI et EAS dans le cadre d\u2019un travail futur en \u00e9quipe soignante et en compl\u00e9ment des p\u00e9riodes de stages cliniques de ces deux formations.<\/td><\/tr><\/tbody><\/table><\/figure>\n\n\n<div class=\"wp-block-image is-resized\">\n<figure class=\"aligncenter size-full\"><img decoding=\"async\" width=\"911\" height=\"365\" src=\"https:\/\/www.ifsi-clermont60.fr\/site\/wp-content\/uploads\/2023\/01\/image-5.png\" alt=\"\" class=\"wp-image-3487\" style=\"aspect-ratio:2.495937601559961;width:537px;height:auto\" srcset=\"https:\/\/www.ifsi-clermont60.fr\/site\/wp-content\/uploads\/2023\/01\/image-5.png 911w, https:\/\/www.ifsi-clermont60.fr\/site\/wp-content\/uploads\/2023\/01\/image-5-300x120.png 300w, https:\/\/www.ifsi-clermont60.fr\/site\/wp-content\/uploads\/2023\/01\/image-5-768x308.png 768w\" sizes=\"(max-width: 911px) 100vw, 911px\" \/><\/figure>\n<\/div>\n\n<div class=\"wp-block-image\">\n<figure class=\"aligncenter size-full\"><img loading=\"lazy\" decoding=\"async\" width=\"754\" height=\"481\" src=\"https:\/\/www.ifsi-clermont60.fr\/site\/wp-content\/uploads\/2024\/02\/image-22.png\" alt=\"\" class=\"wp-image-4504\" srcset=\"https:\/\/www.ifsi-clermont60.fr\/site\/wp-content\/uploads\/2024\/02\/image-22.png 754w, https:\/\/www.ifsi-clermont60.fr\/site\/wp-content\/uploads\/2024\/02\/image-22-300x191.png 300w\" sizes=\"(max-width: 754px) 100vw, 754px\" \/><\/figure>\n<\/div>\n\n\n<div class=\"wp-block-columns is-layout-flex wp-container-core-columns-is-layout-9d6595d7 wp-block-columns-is-layout-flex\">\n<div class=\"wp-block-column is-layout-flow wp-block-column-is-layout-flow\">\n<figure class=\"wp-block-image size-full\"><img loading=\"lazy\" decoding=\"async\" width=\"655\" height=\"434\" src=\"https:\/\/www.ifsi-clermont60.fr\/site\/wp-content\/uploads\/2024\/02\/image-24.png\" alt=\"\" class=\"wp-image-4508\" srcset=\"https:\/\/www.ifsi-clermont60.fr\/site\/wp-content\/uploads\/2024\/02\/image-24.png 655w, https:\/\/www.ifsi-clermont60.fr\/site\/wp-content\/uploads\/2024\/02\/image-24-300x199.png 300w\" sizes=\"(max-width: 655px) 100vw, 655px\" \/><\/figure>\n<\/div>\n\n\n\n<div class=\"wp-block-column is-layout-flow wp-block-column-is-layout-flow\">\n<figure class=\"wp-block-image size-full\"><img loading=\"lazy\" decoding=\"async\" width=\"906\" height=\"594\" src=\"https:\/\/www.ifsi-clermont60.fr\/site\/wp-content\/uploads\/2024\/02\/image-25.png\" alt=\"\" class=\"wp-image-4510\" srcset=\"https:\/\/www.ifsi-clermont60.fr\/site\/wp-content\/uploads\/2024\/02\/image-25.png 906w, https:\/\/www.ifsi-clermont60.fr\/site\/wp-content\/uploads\/2024\/02\/image-25-300x197.png 300w, https:\/\/www.ifsi-clermont60.fr\/site\/wp-content\/uploads\/2024\/02\/image-25-768x504.png 768w\" sizes=\"(max-width: 906px) 100vw, 906px\" \/><\/figure>\n<\/div>\n<\/div>\n\n\n\n<p class=\"has-text-align-center\"><\/p>\n","protected":false},"excerpt":{"rendered":"<p>La Simulation en sant\u00e9 Objectif de la simulation \u00ab Jamais la premi\u00e8re fois sur le patient\u00bb. Au-del\u00e0 des textes des r\u00e9f\u00e9rentiels de formation, l\u2019utilisation de la simulation en sant\u00e9 comme&hellip;<\/p>\n","protected":false},"author":2,"featured_media":0,"parent":0,"menu_order":0,"comment_status":"closed","ping_status":"closed","template":"","meta":{"footnotes":""},"class_list":["post-3473","page","type-page","status-publish","hentry"],"jetpack_sharing_enabled":true,"_links":{"self":[{"href":"https:\/\/www.ifsi-clermont60.fr\/site\/index.php\/wp-json\/wp\/v2\/pages\/3473","targetHints":{"allow":["GET"]}}],"collection":[{"href":"https:\/\/www.ifsi-clermont60.fr\/site\/index.php\/wp-json\/wp\/v2\/pages"}],"about":[{"href":"https:\/\/www.ifsi-clermont60.fr\/site\/index.php\/wp-json\/wp\/v2\/types\/page"}],"author":[{"embeddable":true,"href":"https:\/\/www.ifsi-clermont60.fr\/site\/index.php\/wp-json\/wp\/v2\/users\/2"}],"replies":[{"embeddable":true,"href":"https:\/\/www.ifsi-clermont60.fr\/site\/index.php\/wp-json\/wp\/v2\/comments?post=3473"}],"version-history":[{"count":28,"href":"https:\/\/www.ifsi-clermont60.fr\/site\/index.php\/wp-json\/wp\/v2\/pages\/3473\/revisions"}],"predecessor-version":[{"id":6426,"href":"https:\/\/www.ifsi-clermont60.fr\/site\/index.php\/wp-json\/wp\/v2\/pages\/3473\/revisions\/6426"}],"wp:attachment":[{"href":"https:\/\/www.ifsi-clermont60.fr\/site\/index.php\/wp-json\/wp\/v2\/media?parent=3473"}],"curies":[{"name":"wp","href":"https:\/\/api.w.org\/{rel}","templated":true}]}}