{"id":34,"date":"2017-02-16T13:59:20","date_gmt":"2017-02-16T12:59:20","guid":{"rendered":"http:\/\/ifsiclervf.cluster020.hosting.ovh.net\/site\/?page_id=34"},"modified":"2026-02-02T08:56:31","modified_gmt":"2026-02-02T07:56:31","slug":"accueil","status":"publish","type":"page","link":"https:\/\/www.ifsi-clermont60.fr\/site\/","title":{"rendered":"Accueil"},"content":{"rendered":"\n<p class=\"has-text-align-center\"><strong>Pr\u00e9sentation de l&rsquo;institut de formation<\/strong><\/p>\n\n\n\n<figure class=\"wp-block-video\"><video controls src=\"https:\/\/www.ifsi-clermont60.fr\/videoifFINAL.mp4\"><\/video><figcaption class=\"wp-element-caption\">L\u2019IFSI \/IFAS \u00ab&nbsp;Lucien Floury&nbsp;\u00bb de Clermont, est un \u00e9tablissement public de formation &nbsp; parmi les 34 instituts de formation en soins infirmiers de la R\u00e9gion HAUTS DE France, situ\u00e9 au c\u0153ur d\u2019un \u00e9tablissement public de sant\u00e9 mentale.<\/figcaption><\/figure>\n\n\n\n<p class=\"has-text-align-center\"><strong>L&rsquo;institut de formation en image<\/strong><\/p>\n\n\n<div id=\"metaslider-id-5835\" style=\"width: 100%;\" class=\"ml-slider-3-108-0 metaslider metaslider-flex metaslider-5835 ml-slider has-dots-nav has-carousel-mode ms-theme-clarity\" role=\"region\" aria-label=\"Nouveau diaporama\" data-height=\"400\" data-width=\"300\">\n    <div id=\"metaslider_container_5835\">\n        <div id=\"metaslider_5835\">\n            <ul aria-live='off' class='slides'>\n                <li style=\"display: none; width: 100%;\" class=\"slide-5836 ms-image \" aria-roledescription=\"slide\" data-date=\"2025-10-23 14:12:22\" data-filename=\"IFSI-IFAS-1-300x400.png\" data-slide-type=\"image\"><img fetchpriority=\"high\" decoding=\"async\" src=\"https:\/\/www.ifsi-clermont60.fr\/site\/wp-content\/uploads\/2023\/11\/IFSI-IFAS-1-300x400.png\" height=\"400\" width=\"300\" alt=\"\" class=\"slider-5835 slide-5836 msDefaultImage\" title=\"IFSI-IFAS-1\" \/><div class=\"caption-wrap\"><div class=\"caption\"><div>IFSI IFAS<\/div><\/div><\/div><\/li>\n                <li style=\"display: none; width: 100%;\" class=\"slide-5837 ms-image \" aria-roledescription=\"slide\" data-date=\"2025-10-23 14:12:22\" data-filename=\"parking-exterieur-1-300x400.jpg\" data-slide-type=\"image\"><img decoding=\"async\" src=\"https:\/\/www.ifsi-clermont60.fr\/site\/wp-content\/uploads\/2023\/11\/parking-exterieur-1-300x400.jpg\" height=\"400\" width=\"300\" alt=\"\" class=\"slider-5835 slide-5837 msDefaultImage\" title=\"parking-exterieur-1\" \/><div class=\"caption-wrap\"><div class=\"caption\"><div>Parking ext\u00e9rieur<\/div><\/div><\/div><\/li>\n                <li style=\"display: none; width: 100%;\" class=\"slide-5838 ms-image \" aria-roledescription=\"slide\" data-date=\"2025-10-23 14:12:22\" data-filename=\"COINS-REPAS-EXTERIEUR-2-1-300x400.png\" data-slide-type=\"image\"><img decoding=\"async\" src=\"https:\/\/www.ifsi-clermont60.fr\/site\/wp-content\/uploads\/2023\/11\/COINS-REPAS-EXTERIEUR-2-1-300x400.png\" height=\"400\" width=\"300\" alt=\"\" class=\"slider-5835 slide-5838 msDefaultImage\" title=\"COINS-REPAS-EXTERIEUR-2-1\" \/><div class=\"caption-wrap\"><div class=\"caption\"><div>Coin repas ext\u00e9rieur<\/div><\/div><\/div><\/li>\n                <li style=\"display: none; width: 100%;\" class=\"slide-5841 ms-image \" aria-roledescription=\"slide\" data-date=\"2025-10-23 14:12:22\" data-filename=\"COINS-REPAS-EXTERIEUR-1-300x400.png\" data-slide-type=\"image\"><img loading=\"lazy\" decoding=\"async\" src=\"https:\/\/www.ifsi-clermont60.fr\/site\/wp-content\/uploads\/2023\/11\/COINS-REPAS-EXTERIEUR-1-300x400.png\" height=\"400\" width=\"300\" alt=\"\" class=\"slider-5835 slide-5841 msDefaultImage\" title=\"COINS-REPAS-EXTERIEUR-1\" \/><div class=\"caption-wrap\"><div class=\"caption\"><div>Coin repas ext\u00e9rieur<\/div><\/div><\/div><\/li>\n                <li style=\"display: none; width: 100%;\" class=\"slide-5842 ms-image \" aria-roledescription=\"slide\" data-date=\"2025-10-23 14:12:23\" data-filename=\"coin-repas-pottier-300x400.jpg\" data-slide-type=\"image\"><img loading=\"lazy\" decoding=\"async\" src=\"https:\/\/www.ifsi-clermont60.fr\/site\/wp-content\/uploads\/2023\/11\/coin-repas-pottier-300x400.jpg\" height=\"400\" width=\"300\" alt=\"\" class=\"slider-5835 slide-5842 msDefaultImage\" title=\"coin-repas-pottier\" \/><div class=\"caption-wrap\"><div class=\"caption\"><div>Coin repas ext\u00e9rieur<\/div><\/div><\/div><\/li>\n                <li style=\"display: none; width: 100%;\" class=\"slide-5839 ms-image \" aria-roledescription=\"slide\" data-date=\"2025-10-23 14:12:22\" data-filename=\"SALLE-DE-REPAS-ESI-EAS-2-1-300x400.png\" data-slide-type=\"image\"><img loading=\"lazy\" decoding=\"async\" src=\"https:\/\/www.ifsi-clermont60.fr\/site\/wp-content\/uploads\/2023\/11\/SALLE-DE-REPAS-ESI-EAS-2-1-300x400.png\" height=\"400\" width=\"300\" alt=\"\" class=\"slider-5835 slide-5839 msDefaultImage\" title=\"SALLE-DE-REPAS-ESI-EAS-2-1\" \/><div class=\"caption-wrap\"><div class=\"caption\"><div>Salle de repas \/ pause des ESI EAS<\/div><\/div><\/div><\/li>\n                <li style=\"display: none; width: 100%;\" class=\"slide-5840 ms-image \" aria-roledescription=\"slide\" data-date=\"2025-10-23 14:12:22\" data-filename=\"SALLE-DE-REPAS-ESI-EAS-1-300x400.png\" data-slide-type=\"image\"><img loading=\"lazy\" decoding=\"async\" src=\"https:\/\/www.ifsi-clermont60.fr\/site\/wp-content\/uploads\/2023\/11\/SALLE-DE-REPAS-ESI-EAS-1-300x400.png\" height=\"400\" width=\"300\" alt=\"\" class=\"slider-5835 slide-5840 msDefaultImage\" title=\"SALLE-DE-REPAS-ESI-EAS-1\" \/><div class=\"caption-wrap\"><div class=\"caption\"><div>Salle de repas \/ pause des ESI EAS<\/div><\/div><\/div><\/li>\n                <li style=\"display: none; width: 100%;\" class=\"slide-5843 ms-image \" aria-roledescription=\"slide\" data-date=\"2025-10-23 14:12:23\" data-filename=\"crp-scaled-300x400.jpg\" data-slide-type=\"image\"><img loading=\"lazy\" decoding=\"async\" src=\"https:\/\/www.ifsi-clermont60.fr\/site\/wp-content\/uploads\/2023\/11\/crp-scaled-300x400.jpg\" height=\"400\" width=\"300\" alt=\"\" class=\"slider-5835 slide-5843 msDefaultImage\" title=\"crp\" \/><div class=\"caption-wrap\"><div class=\"caption\"><div>CRP<\/div><\/div><\/div><\/li>\n                <li style=\"display: none; width: 100%;\" class=\"slide-5844 ms-image \" aria-roledescription=\"slide\" data-date=\"2025-10-23 14:12:23\" data-filename=\"CRP-2-300x400.png\" data-slide-type=\"image\"><img loading=\"lazy\" decoding=\"async\" src=\"https:\/\/www.ifsi-clermont60.fr\/site\/wp-content\/uploads\/2023\/11\/CRP-2-300x400.png\" height=\"400\" width=\"300\" alt=\"\" class=\"slider-5835 slide-5844 msDefaultImage\" title=\"CRP-2\" \/><div class=\"caption-wrap\"><div class=\"caption\"><div>CRP<\/div><\/div><\/div><\/li>\n                <li style=\"display: none; width: 100%;\" class=\"slide-5858 ms-image \" aria-roledescription=\"slide\" data-date=\"2025-10-23 14:38:35\" data-filename=\"Salle-informatique-nouvelle-edited-300x400.jpg\" data-slide-type=\"image\"><img loading=\"lazy\" decoding=\"async\" src=\"https:\/\/www.ifsi-clermont60.fr\/site\/wp-content\/uploads\/2025\/09\/Salle-informatique-nouvelle-edited-300x400.jpg\" height=\"400\" width=\"300\" alt=\"\" class=\"slider-5835 slide-5858 msDefaultImage\" title=\"Salle informatique nouvelle\" \/><div class=\"caption-wrap\"><div class=\"caption\"><div>Espace informatique<\/div><\/div><\/div><\/li>\n                <li style=\"display: none; width: 100%;\" class=\"slide-5860 ms-image \" aria-roledescription=\"slide\" data-date=\"2025-10-23 15:24:21\" data-filename=\"bureau-informatique-300x400.jpg\" data-slide-type=\"image\"><img loading=\"lazy\" decoding=\"async\" src=\"https:\/\/www.ifsi-clermont60.fr\/site\/wp-content\/uploads\/2025\/10\/bureau-informatique-300x400.jpg\" height=\"400\" width=\"300\" alt=\"\" class=\"slider-5835 slide-5860 msDefaultImage\" title=\"bureau informatique\" \/><div class=\"caption-wrap\"><div class=\"caption\"><div>Bureau DLM - informatique<\/div><\/div><\/div><\/li>\n                <li style=\"display: none; width: 100%;\" class=\"slide-5845 ms-image \" aria-roledescription=\"slide\" data-date=\"2025-10-23 14:12:23\" data-filename=\"amphi-2-1-300x400.png\" data-slide-type=\"image\"><img loading=\"lazy\" decoding=\"async\" src=\"https:\/\/www.ifsi-clermont60.fr\/site\/wp-content\/uploads\/2023\/11\/amphi-2-1-300x400.png\" height=\"400\" width=\"300\" alt=\"\" class=\"slider-5835 slide-5845 msDefaultImage\" title=\"amphi-2-1\" \/><div class=\"caption-wrap\"><div class=\"caption\"><div>Amphi<\/div><\/div><\/div><\/li>\n                <li style=\"display: none; width: 100%;\" class=\"slide-5846 ms-image \" aria-roledescription=\"slide\" data-date=\"2025-10-23 14:12:23\" data-filename=\"amphi-3-1-300x400.png\" data-slide-type=\"image\"><img loading=\"lazy\" decoding=\"async\" src=\"https:\/\/www.ifsi-clermont60.fr\/site\/wp-content\/uploads\/2023\/11\/amphi-3-1-300x400.png\" height=\"400\" width=\"300\" alt=\"\" class=\"slider-5835 slide-5846 msDefaultImage\" title=\"amphi-3-1\" \/><div class=\"caption-wrap\"><div class=\"caption\"><div>Amphi<\/div><\/div><\/div><\/li>\n                <li style=\"display: none; width: 100%;\" class=\"slide-5847 ms-image \" aria-roledescription=\"slide\" data-date=\"2025-10-23 14:12:23\" data-filename=\"SALLE-TD-2-2-300x400.png\" data-slide-type=\"image\"><img loading=\"lazy\" decoding=\"async\" src=\"https:\/\/www.ifsi-clermont60.fr\/site\/wp-content\/uploads\/2023\/11\/SALLE-TD-2-2-300x400.png\" height=\"400\" width=\"300\" alt=\"\" class=\"slider-5835 slide-5847 msDefaultImage\" title=\"SALLE-TD-2-2\" \/><div class=\"caption-wrap\"><div class=\"caption\"><div>salle de TD<\/div><\/div><\/div><\/li>\n                <li style=\"display: none; width: 100%;\" class=\"slide-5848 ms-image \" aria-roledescription=\"slide\" data-date=\"2025-10-23 14:12:23\" data-filename=\"salle-TD-3-300x400.png\" data-slide-type=\"image\"><img loading=\"lazy\" decoding=\"async\" src=\"https:\/\/www.ifsi-clermont60.fr\/site\/wp-content\/uploads\/2023\/11\/salle-TD-3-300x400.png\" height=\"400\" width=\"300\" alt=\"\" class=\"slider-5835 slide-5848 msDefaultImage\" title=\"salle-TD-3\" \/><div class=\"caption-wrap\"><div class=\"caption\"><div>Salle de TD<\/div><\/div><\/div><\/li>\n                <li style=\"display: none; width: 100%;\" class=\"slide-5849 ms-image \" aria-roledescription=\"slide\" data-date=\"2025-10-23 14:12:23\" data-filename=\"amphi-1-300x400.png\" data-slide-type=\"image\"><img loading=\"lazy\" decoding=\"async\" src=\"https:\/\/www.ifsi-clermont60.fr\/site\/wp-content\/uploads\/2023\/11\/amphi-1-300x400.png\" height=\"400\" width=\"300\" alt=\"\" class=\"slider-5835 slide-5849 msDefaultImage\" title=\"amphi-1\" \/><div class=\"caption-wrap\"><div class=\"caption\"><div>Amphi<\/div><\/div><\/div><\/li>\n                <li style=\"display: none; width: 100%;\" class=\"slide-5851 ms-image \" aria-roledescription=\"slide\" data-date=\"2025-10-23 14:12:23\" data-filename=\"SALLE-DE-SIMULATION-1-300x400.png\" data-slide-type=\"image\"><img loading=\"lazy\" decoding=\"async\" src=\"https:\/\/www.ifsi-clermont60.fr\/site\/wp-content\/uploads\/2023\/11\/SALLE-DE-SIMULATION-1-300x400.png\" height=\"400\" width=\"300\" alt=\"\" class=\"slider-5835 slide-5851 msDefaultImage\" title=\"SALLE DE SIMULATION\" \/><div class=\"caption-wrap\"><div class=\"caption\"><div>Salle de simulation<\/div><\/div><\/div><\/li>\n                <li style=\"display: none; width: 100%;\" class=\"slide-5854 ms-image \" aria-roledescription=\"slide\" data-date=\"2025-10-23 14:12:23\" data-filename=\"SALLE-DE-SIMULATION-5-1-300x400.png\" data-slide-type=\"image\"><img loading=\"lazy\" decoding=\"async\" src=\"https:\/\/www.ifsi-clermont60.fr\/site\/wp-content\/uploads\/2023\/11\/SALLE-DE-SIMULATION-5-1-300x400.png\" height=\"400\" width=\"300\" alt=\"\" class=\"slider-5835 slide-5854 msDefaultImage\" title=\"SALLE-DE-SIMULATION-5-1\" \/><div class=\"caption-wrap\"><div class=\"caption\"><div>Salle de simulation<\/div><\/div><\/div><\/li>\n                <li style=\"display: none; width: 100%;\" class=\"slide-5855 ms-image \" aria-roledescription=\"slide\" data-date=\"2025-10-23 14:12:23\" data-filename=\"SALLE-DE-SIMULATION-2-1-300x400.png\" data-slide-type=\"image\"><img loading=\"lazy\" decoding=\"async\" src=\"https:\/\/www.ifsi-clermont60.fr\/site\/wp-content\/uploads\/2023\/11\/SALLE-DE-SIMULATION-2-1-300x400.png\" height=\"400\" width=\"300\" alt=\"\" class=\"slider-5835 slide-5855 msDefaultImage\" title=\"SALLE-DE-SIMULATION-2-1\" \/><div class=\"caption-wrap\"><div class=\"caption\"><div>Salle de simulation<\/div><\/div><\/div><\/li>\n                <li style=\"display: none; width: 100%;\" class=\"slide-5856 ms-image \" aria-roledescription=\"slide\" data-date=\"2025-10-23 14:12:23\" data-filename=\"SALLE-DE-SIMULATION-3-1-300x400.png\" data-slide-type=\"image\"><img loading=\"lazy\" decoding=\"async\" src=\"https:\/\/www.ifsi-clermont60.fr\/site\/wp-content\/uploads\/2023\/11\/SALLE-DE-SIMULATION-3-1-300x400.png\" height=\"400\" width=\"300\" alt=\"\" class=\"slider-5835 slide-5856 msDefaultImage\" title=\"SALLE-DE-SIMULATION-3-1\" \/><div class=\"caption-wrap\"><div class=\"caption\"><div>Salle de simulation<\/div><\/div><\/div><\/li>\n                <li style=\"display: none; width: 100%;\" class=\"slide-5857 ms-image \" aria-roledescription=\"slide\" data-date=\"2025-10-23 14:12:23\" data-filename=\"SALLE-DE-SIMULATION-4-1-300x400.png\" data-slide-type=\"image\"><img loading=\"lazy\" decoding=\"async\" src=\"https:\/\/www.ifsi-clermont60.fr\/site\/wp-content\/uploads\/2023\/11\/SALLE-DE-SIMULATION-4-1-300x400.png\" height=\"400\" width=\"300\" alt=\"\" class=\"slider-5835 slide-5857 msDefaultImage\" title=\"SALLE-DE-SIMULATION-4-1\" \/><div class=\"caption-wrap\"><div class=\"caption\"><div>Salle de simulation<\/div><\/div><\/div><\/li>\n            <\/ul>\n        <\/div>\n        \n    <\/div>\n<\/div>\n\n\n\n<div class=\"alignnormal\"><div id=\"metaslider-id-5641\" style=\"width: 100%; margin: 0 auto;\" class=\"ml-slider-3-108-0 metaslider metaslider-flex metaslider-5641 ml-slider has-dots-nav ms-theme-precognition\" role=\"region\" aria-label=\"Nos atouts - accueil\" data-height=\"300\" data-width=\"700\">\n    <div id=\"metaslider_container_5641\">\n        <div id=\"metaslider_5641\">\n            <ul aria-live='off' class='slides'>\n                <li style=\"display: block; width: 100%;\" class=\"slide-5651 ms-image \" aria-roledescription=\"slide\" data-date=\"2025-09-16 11:41:40\" data-filename=\"Diapositive1-1.jpg\" data-slide-type=\"image\"><img loading=\"lazy\" decoding=\"async\" width=\"1280\" height=\"720\" src=\"https:\/\/www.ifsi-clermont60.fr\/site\/wp-content\/uploads\/2025\/09\/Diapositive1-1.jpg\" class=\"slider-5641 slide-5651 msDefaultImage\" alt=\"\" rel=\"\" title=\"NOS ATOUTS\" srcset=\"https:\/\/www.ifsi-clermont60.fr\/site\/wp-content\/uploads\/2025\/09\/Diapositive1-1.jpg 1280w, https:\/\/www.ifsi-clermont60.fr\/site\/wp-content\/uploads\/2025\/09\/Diapositive1-1-300x169.jpg 300w, https:\/\/www.ifsi-clermont60.fr\/site\/wp-content\/uploads\/2025\/09\/Diapositive1-1-1024x576.jpg 1024w, https:\/\/www.ifsi-clermont60.fr\/site\/wp-content\/uploads\/2025\/09\/Diapositive1-1-768x432.jpg 768w\" sizes=\"(max-width: 1280px) 100vw, 1280px\" \/><\/li>\n                <li style=\"display: none; width: 100%;\" class=\"slide-6449 ms-image \" aria-roledescription=\"slide\" data-date=\"2026-02-09 15:35:30\" data-filename=\"Accessibilite.jpg\" data-slide-type=\"image\"><img loading=\"lazy\" decoding=\"async\" width=\"1293\" height=\"791\" src=\"https:\/\/www.ifsi-clermont60.fr\/site\/wp-content\/uploads\/2026\/02\/Accessibilite.jpg\" class=\"slider-5641 slide-6449 msDefaultImage\" alt=\"\" rel=\"\" title=\"Accessibilit\u00e9\" srcset=\"https:\/\/www.ifsi-clermont60.fr\/site\/wp-content\/uploads\/2026\/02\/Accessibilite.jpg 1293w, https:\/\/www.ifsi-clermont60.fr\/site\/wp-content\/uploads\/2026\/02\/Accessibilite-300x184.jpg 300w, https:\/\/www.ifsi-clermont60.fr\/site\/wp-content\/uploads\/2026\/02\/Accessibilite-1024x626.jpg 1024w, https:\/\/www.ifsi-clermont60.fr\/site\/wp-content\/uploads\/2026\/02\/Accessibilite-768x470.jpg 768w\" sizes=\"(max-width: 1293px) 100vw, 1293px\" \/><\/li>\n                <li style=\"display: none; width: 100%;\" class=\"slide-5653 ms-image \" aria-roledescription=\"slide\" data-date=\"2025-09-16 11:41:40\" data-filename=\"Diapositive3-1.jpg\" data-slide-type=\"image\"><img loading=\"lazy\" decoding=\"async\" width=\"1280\" height=\"720\" src=\"https:\/\/www.ifsi-clermont60.fr\/site\/wp-content\/uploads\/2025\/09\/Diapositive3-1.jpg\" class=\"slider-5641 slide-5653 msDefaultImage\" alt=\"\" rel=\"\" title=\"Cr\u00e8che\" srcset=\"https:\/\/www.ifsi-clermont60.fr\/site\/wp-content\/uploads\/2025\/09\/Diapositive3-1.jpg 1280w, https:\/\/www.ifsi-clermont60.fr\/site\/wp-content\/uploads\/2025\/09\/Diapositive3-1-300x169.jpg 300w, https:\/\/www.ifsi-clermont60.fr\/site\/wp-content\/uploads\/2025\/09\/Diapositive3-1-1024x576.jpg 1024w, https:\/\/www.ifsi-clermont60.fr\/site\/wp-content\/uploads\/2025\/09\/Diapositive3-1-768x432.jpg 768w\" sizes=\"(max-width: 1280px) 100vw, 1280px\" \/><\/li>\n                <li style=\"display: none; width: 100%;\" class=\"slide-5654 ms-image \" aria-roledescription=\"slide\" data-date=\"2025-09-16 11:41:40\" data-filename=\"Diapositive4.jpg\" data-slide-type=\"image\"><img loading=\"lazy\" decoding=\"async\" width=\"1280\" height=\"720\" src=\"https:\/\/www.ifsi-clermont60.fr\/site\/wp-content\/uploads\/2025\/09\/Diapositive4.jpg\" class=\"slider-5641 slide-5654 msDefaultImage\" alt=\"\" rel=\"\" title=\"Stages\" srcset=\"https:\/\/www.ifsi-clermont60.fr\/site\/wp-content\/uploads\/2025\/09\/Diapositive4.jpg 1280w, https:\/\/www.ifsi-clermont60.fr\/site\/wp-content\/uploads\/2025\/09\/Diapositive4-300x169.jpg 300w, https:\/\/www.ifsi-clermont60.fr\/site\/wp-content\/uploads\/2025\/09\/Diapositive4-1024x576.jpg 1024w, https:\/\/www.ifsi-clermont60.fr\/site\/wp-content\/uploads\/2025\/09\/Diapositive4-768x432.jpg 768w\" sizes=\"(max-width: 1280px) 100vw, 1280px\" \/><\/li>\n                <li style=\"display: none; width: 100%;\" class=\"slide-6447 ms-image \" aria-roledescription=\"slide\" data-date=\"2026-02-09 15:26:36\" data-filename=\"Ere-du-numerique.jpg\" data-slide-type=\"image\"><img loading=\"lazy\" decoding=\"async\" width=\"1295\" height=\"794\" src=\"https:\/\/www.ifsi-clermont60.fr\/site\/wp-content\/uploads\/2026\/02\/Ere-du-numerique.jpg\" class=\"slider-5641 slide-6447 msDefaultImage\" alt=\"\" rel=\"\" title=\"Ere du numerique\" srcset=\"https:\/\/www.ifsi-clermont60.fr\/site\/wp-content\/uploads\/2026\/02\/Ere-du-numerique.jpg 1295w, https:\/\/www.ifsi-clermont60.fr\/site\/wp-content\/uploads\/2026\/02\/Ere-du-numerique-300x184.jpg 300w, https:\/\/www.ifsi-clermont60.fr\/site\/wp-content\/uploads\/2026\/02\/Ere-du-numerique-1024x628.jpg 1024w, https:\/\/www.ifsi-clermont60.fr\/site\/wp-content\/uploads\/2026\/02\/Ere-du-numerique-768x471.jpg 768w\" sizes=\"(max-width: 1295px) 100vw, 1295px\" \/><\/li>\n                <li style=\"display: none; width: 100%;\" class=\"slide-5656 ms-image \" aria-roledescription=\"slide\" data-date=\"2025-09-16 11:41:40\" data-filename=\"Diapositive6.jpg\" data-slide-type=\"image\"><img loading=\"lazy\" decoding=\"async\" width=\"1280\" height=\"720\" src=\"https:\/\/www.ifsi-clermont60.fr\/site\/wp-content\/uploads\/2025\/09\/Diapositive6.jpg\" class=\"slider-5641 slide-5656 msDefaultImage\" alt=\"\" rel=\"\" title=\"Votre r\u00e9ussite\" srcset=\"https:\/\/www.ifsi-clermont60.fr\/site\/wp-content\/uploads\/2025\/09\/Diapositive6.jpg 1280w, https:\/\/www.ifsi-clermont60.fr\/site\/wp-content\/uploads\/2025\/09\/Diapositive6-300x169.jpg 300w, https:\/\/www.ifsi-clermont60.fr\/site\/wp-content\/uploads\/2025\/09\/Diapositive6-1024x576.jpg 1024w, https:\/\/www.ifsi-clermont60.fr\/site\/wp-content\/uploads\/2025\/09\/Diapositive6-768x432.jpg 768w\" sizes=\"(max-width: 1280px) 100vw, 1280px\" \/><\/li>\n                <li style=\"display: none; width: 100%;\" class=\"slide-5657 ms-image \" aria-roledescription=\"slide\" data-date=\"2025-09-16 11:41:40\" data-filename=\"Diapositive7.jpg\" data-slide-type=\"image\"><img loading=\"lazy\" decoding=\"async\" width=\"1280\" height=\"720\" src=\"https:\/\/www.ifsi-clermont60.fr\/site\/wp-content\/uploads\/2025\/09\/Diapositive7.jpg\" class=\"slider-5641 slide-5657 msDefaultImage\" alt=\"\" rel=\"\" title=\"A votre \u00e9coute\" srcset=\"https:\/\/www.ifsi-clermont60.fr\/site\/wp-content\/uploads\/2025\/09\/Diapositive7.jpg 1280w, https:\/\/www.ifsi-clermont60.fr\/site\/wp-content\/uploads\/2025\/09\/Diapositive7-300x169.jpg 300w, https:\/\/www.ifsi-clermont60.fr\/site\/wp-content\/uploads\/2025\/09\/Diapositive7-1024x576.jpg 1024w, https:\/\/www.ifsi-clermont60.fr\/site\/wp-content\/uploads\/2025\/09\/Diapositive7-768x432.jpg 768w\" sizes=\"(max-width: 1280px) 100vw, 1280px\" \/><\/li>\n                <li style=\"display: none; width: 100%;\" class=\"slide-5658 ms-image \" aria-roledescription=\"slide\" data-date=\"2025-09-16 11:41:40\" data-filename=\"Diapositive8.jpg\" data-slide-type=\"image\"><img loading=\"lazy\" decoding=\"async\" width=\"1280\" height=\"720\" src=\"https:\/\/www.ifsi-clermont60.fr\/site\/wp-content\/uploads\/2025\/09\/Diapositive8.jpg\" class=\"slider-5641 slide-5658 msDefaultImage\" alt=\"\" rel=\"\" title=\"Attentes des employeurs\" srcset=\"https:\/\/www.ifsi-clermont60.fr\/site\/wp-content\/uploads\/2025\/09\/Diapositive8.jpg 1280w, https:\/\/www.ifsi-clermont60.fr\/site\/wp-content\/uploads\/2025\/09\/Diapositive8-300x169.jpg 300w, https:\/\/www.ifsi-clermont60.fr\/site\/wp-content\/uploads\/2025\/09\/Diapositive8-1024x576.jpg 1024w, https:\/\/www.ifsi-clermont60.fr\/site\/wp-content\/uploads\/2025\/09\/Diapositive8-768x432.jpg 768w\" sizes=\"(max-width: 1280px) 100vw, 1280px\" \/><\/li>\n                <li style=\"display: none; width: 100%;\" class=\"slide-5659 ms-image \" aria-roledescription=\"slide\" data-date=\"2025-09-16 11:41:40\" data-filename=\"Diapositive9.jpg\" data-slide-type=\"image\"><img loading=\"lazy\" decoding=\"async\" width=\"1280\" height=\"720\" src=\"https:\/\/www.ifsi-clermont60.fr\/site\/wp-content\/uploads\/2025\/09\/Diapositive9.jpg\" class=\"slider-5641 slide-5659 msDefaultImage\" alt=\"\" rel=\"\" title=\"Professionnels mobilis\u00e9s\" srcset=\"https:\/\/www.ifsi-clermont60.fr\/site\/wp-content\/uploads\/2025\/09\/Diapositive9.jpg 1280w, https:\/\/www.ifsi-clermont60.fr\/site\/wp-content\/uploads\/2025\/09\/Diapositive9-300x169.jpg 300w, https:\/\/www.ifsi-clermont60.fr\/site\/wp-content\/uploads\/2025\/09\/Diapositive9-1024x576.jpg 1024w, https:\/\/www.ifsi-clermont60.fr\/site\/wp-content\/uploads\/2025\/09\/Diapositive9-768x432.jpg 768w\" sizes=\"(max-width: 1280px) 100vw, 1280px\" \/><\/li>\n            <\/ul>\n        <\/div>\n        \n    <\/div>\n<\/div><\/div>\n\n\n<h1 style=\"text-align: left;\"><strong><span style=\"color: #339966;\"><span style=\"color: #ff6600;\">Nos objectifs:<\/span><\/span><\/strong><\/h1>\n\n\n<p class=\"has-normal-font-size\" style=\"line-height:1.3\"><strong> Vous permettre :<\/strong>  <br><br>\u00b7&nbsp;&nbsp;&nbsp;&nbsp;&nbsp;&nbsp;&nbsp;&nbsp; D\u2019acqu\u00e9rir les fondamentaux essentiels du m\u00e9tier d\u2019aide-soignant ou d\u2019infirmier pour devenir un professionnel d\u00e9butant<br>\u00b7&nbsp;&nbsp;&nbsp;&nbsp;&nbsp;&nbsp;&nbsp;&nbsp; De d\u00e9velopper votre sens des responsabilit\u00e9s , de la solidarit\u00e9 et l autonomie indispensable a l exercice des m\u00e9tiers<br>\u00b7&nbsp;&nbsp;&nbsp;&nbsp;&nbsp;&nbsp;&nbsp;&nbsp; De mobiliser vos capacit\u00e9s d\u2019adaptation, de r\u00e9flexion, d\u2019analyse des situations&nbsp; et d\u2019imagination <br><br>&nbsp;Et ce afin de devenir les professionnels de demain comp\u00e9tents pour \u00ab prendre soin \u00bb des usagers \u00e0 l&rsquo;h\u00f4pital,  \u00e0 domicile, en EHPAD, et que ceux-ci soient des enfants ou adultes, \u00e2g\u00e9s, porteurs de handicap physique ou psychique, et ce, quel que soit leur futur lieu d\u2019exercice <\/p>\n\n\n\n<hr class=\"wp-block-separator has-css-opacity\"\/>\n\n\n\n<pre class=\"wp-block-verse has-text-align-center has-medium-font-size\"><strong><p>Ce que disent les \u00e9tudiants et les \u00e9l\u00e8ves de l'institut de formation<\/p>Cliquer <a href=\"https:\/\/www.ifsi-clermont60.fr\/site\/index.php\/ce-que-disent-les-etudiants-et-eleves\/\"><mark style=\"background-color:rgba(0, 0, 0, 0)\" class=\"has-inline-color has-vivid-cyan-blue-color\">ici<\/mark><\/a><\/strong><\/pre>\n\n\n\n<figure class=\"wp-block-pullquote alignright is-style-default has-small-font-size\"><blockquote><p>\u00ab<strong>\u00c9tudiant\/\u00e9l\u00e8ve, votre <em>r\u00e9ussite<\/em> est notre priorit\u00e9, gr\u00e2ce \u00e0 un dispositif renforc\u00e9 d\u2019aide pour votre r\u00e9ussite<\/strong>\u00bb<\/p><cite><strong>&nbsp;(pour en <em>savoir<\/em> plus, cliquer&nbsp;<\/strong><a href=\"https:\/\/www.ifsi-clermont60.fr\/site\/index.php\/aide-a-la-reussite\/\"><strong>ici<\/strong><\/a><strong>&nbsp;)<\/strong><\/cite><\/blockquote><\/figure>\n\n\n\n<p><\/p>\n","protected":false},"excerpt":{"rendered":"<p>Pr\u00e9sentation de l&rsquo;institut de formation L&rsquo;institut de formation en image Nos objectifs: Vous permettre : \u00b7&nbsp;&nbsp;&nbsp;&nbsp;&nbsp;&nbsp;&nbsp;&nbsp; D\u2019acqu\u00e9rir les fondamentaux essentiels du m\u00e9tier d\u2019aide-soignant ou d\u2019infirmier pour devenir un professionnel d\u00e9butant\u00b7&nbsp;&nbsp;&nbsp;&nbsp;&nbsp;&nbsp;&nbsp;&nbsp;&hellip;<\/p>\n","protected":false},"author":2,"featured_media":0,"parent":0,"menu_order":0,"comment_status":"closed","ping_status":"closed","template":"","meta":{"footnotes":""},"class_list":["post-34","page","type-page","status-publish","hentry"],"jetpack_sharing_enabled":true,"_links":{"self":[{"href":"https:\/\/www.ifsi-clermont60.fr\/site\/index.php\/wp-json\/wp\/v2\/pages\/34","targetHints":{"allow":["GET"]}}],"collection":[{"href":"https:\/\/www.ifsi-clermont60.fr\/site\/index.php\/wp-json\/wp\/v2\/pages"}],"about":[{"href":"https:\/\/www.ifsi-clermont60.fr\/site\/index.php\/wp-json\/wp\/v2\/types\/page"}],"author":[{"embeddable":true,"href":"https:\/\/www.ifsi-clermont60.fr\/site\/index.php\/wp-json\/wp\/v2\/users\/2"}],"replies":[{"embeddable":true,"href":"https:\/\/www.ifsi-clermont60.fr\/site\/index.php\/wp-json\/wp\/v2\/comments?post=34"}],"version-history":[{"count":185,"href":"https:\/\/www.ifsi-clermont60.fr\/site\/index.php\/wp-json\/wp\/v2\/pages\/34\/revisions"}],"predecessor-version":[{"id":6393,"href":"https:\/\/www.ifsi-clermont60.fr\/site\/index.php\/wp-json\/wp\/v2\/pages\/34\/revisions\/6393"}],"wp:attachment":[{"href":"https:\/\/www.ifsi-clermont60.fr\/site\/index.php\/wp-json\/wp\/v2\/media?parent=34"}],"curies":[{"name":"wp","href":"https:\/\/api.w.org\/{rel}","templated":true}]}}