{"id":3056,"date":"2022-09-20T15:28:19","date_gmt":"2022-09-20T13:28:19","guid":{"rendered":"https:\/\/www.ifsi-clermont60.fr\/site\/?page_id=3056"},"modified":"2026-01-09T10:26:08","modified_gmt":"2026-01-09T09:26:08","slug":"soutien-psychologique","status":"publish","type":"page","link":"https:\/\/www.ifsi-clermont60.fr\/site\/index.php\/soutien-psychologique\/","title":{"rendered":"Soutien Psychologique et sociale \/ Coaching"},"content":{"rendered":"\n<p><\/p>\n\n\n\n<p class=\"has-luminous-vivid-orange-color has-text-color has-medium-font-size\"><strong>1. Soutien Psychologique<br>2. Coaching<br>3. Service social<\/strong> <strong><br>4.<\/strong> <strong>Ligne d&rsquo;\u00e9coute<\/strong><\/p>\n\n\n\n<p class=\"has-luminous-vivid-orange-color has-text-color\"><strong>Soutien Psychologique<\/strong> &#8211; <strong>La rencontre avec un(e) psychologue&nbsp;<\/strong><\/p>\n\n\n<div class=\"wp-block-image\">\n<figure class=\"aligncenter size-full\"><img fetchpriority=\"high\" decoding=\"async\" width=\"405\" height=\"354\" src=\"https:\/\/www.ifsi-clermont60.fr\/site\/wp-content\/uploads\/2022\/09\/image-1.png\" alt=\"\" class=\"wp-image-3057\" srcset=\"https:\/\/www.ifsi-clermont60.fr\/site\/wp-content\/uploads\/2022\/09\/image-1.png 405w, https:\/\/www.ifsi-clermont60.fr\/site\/wp-content\/uploads\/2022\/09\/image-1-300x262.png 300w\" sizes=\"(max-width: 405px) 100vw, 405px\" \/><figcaption class=\"wp-element-caption\">Les \u00e9tudiants qui rencontrent des difficult\u00e9s (telles que des \u00e9v\u00e9nements de vie douloureux, une situation de stage d\u00e9stabilisante, des difficult\u00e9s financi\u00e8res, etc.), impactant sur leurs apprentissages th\u00e9oriques et \/ ou cliniques, peuvent <strong>rencontrer un(e) psychologue<\/strong>.<\/figcaption><\/figure>\n<\/div>\n\n\n<figure class=\"wp-block-table is-style-stripes\"><table class=\"has-fixed-layout\"><tbody><tr><td><strong>La consultation&nbsp;<\/strong>par un ou une psychologue&nbsp;:<br>\u25ba Fait suite \u00e0 une d\u00e9marche individuelle.<br>\u25baEst libre, sans caract\u00e8re obligatoire (m\u00eame si elle est propos\u00e9e par un membre de l\u2019\u00e9quipe p\u00e9dagogique de l\u2019IFSI\/IFAS).<br>\u25baSe d\u00e9roule dans un bureau de consultation d\u00e9di\u00e9 ou par t\u00e9l\u00e9phone du lundi au vendredi et \u00e9ventuellement au-del\u00e0 de 17h en distanciel.<\/td><\/tr><\/tbody><\/table><\/figure>\n\n\n\n<p>L&rsquo;\u00e9tudiant(e)\/\u00e9l\u00e8ve peut prendre rendez-vous aupr\u00e8s du secr\u00e9tariat de la Qualit\u00e9 de Vie au Travail <em>(une proc\u00e9dure est disponible \u00e9galement sur la plateforme interne de l&rsquo;institut de formation).<\/em><\/p>\n\n\n\n<p><strong>Le respect de la confidentialit\u00e9 des entretiens est garanti par le\/la psychologue qui ne divulguent aucun \u00e9l\u00e9ment des entretiens, y compris au formateur\/directeur ayant adress\u00e9 l\u2019\u00e9tudiant ou l\u2019\u00e9l\u00e8ve.<\/strong><\/p>\n\n\n\n<hr class=\"wp-block-separator has-alpha-channel-opacity is-style-wide\"\/>\n\n\n\n<p class=\"has-luminous-vivid-orange-color has-text-color has-medium-font-size\">2. <strong>Coaching<\/strong> (concerne uniquement les L3 et EAS )<\/p>\n\n\n<div class=\"wp-block-image\">\n<figure class=\"aligncenter size-full is-resized\"><img decoding=\"async\" width=\"219\" height=\"85\" src=\"https:\/\/www.ifsi-clermont60.fr\/site\/wp-content\/uploads\/2025\/08\/image-2.png\" alt=\"\" class=\"wp-image-5440\" style=\"width:162px;height:auto\"\/><\/figure>\n<\/div>\n\n\n<p>Le coaching, un dispositif d&rsquo;accompagnement et de d\u00e9veloppement personnalis\u00e9.  <br><br>B\u00e9n\u00e9fices psychologiques :&nbsp;<strong>gestion du stress, confiance en soi, r\u00e9duction de l&rsquo;anxi\u00e9t\u00e9<\/strong>. &nbsp;<br><br>Le coaching est aussi une d\u00e9marche de d\u00e9veloppement personnel qui permet de r\u00e9sister \u00e0 la pression, \u00e0 l&rsquo;urgence, aux priorit\u00e9s contradictoires \u00e9nonc\u00e9es qui tendent \u00e0 soumettre l&rsquo;individu \u00e0 la dictature de l&rsquo;instant &nbsp;<br><br><strong>Ce dispositif est une des mesures prises dans le cadre de la pr\u00e9servation de la sant\u00e9 mentale des \u00e9tudiants et \u00e9l\u00e8ves afin de les pr\u00e9parer \u00e0 la prise de poste en tant que professionnels. Il  est pr\u00e9sent\u00e9 en d\u00e9but de chaque ann\u00e9e universitaire.<\/strong><\/p>\n\n\n\n<hr class=\"wp-block-separator has-alpha-channel-opacity is-style-wide\"\/>\n\n\n\n<p class=\"has-luminous-vivid-orange-color has-text-color has-medium-font-size\"><strong>3.Assistante sociale<\/strong><\/p>\n\n\n<div class=\"wp-block-image\">\n<figure class=\"aligncenter size-full is-resized\"><img decoding=\"async\" width=\"604\" height=\"405\" src=\"https:\/\/www.ifsi-clermont60.fr\/site\/wp-content\/uploads\/2022\/09\/image-4.png\" alt=\"\" class=\"wp-image-3061\" style=\"aspect-ratio:1.4927007299270072;width:352px;height:auto\" srcset=\"https:\/\/www.ifsi-clermont60.fr\/site\/wp-content\/uploads\/2022\/09\/image-4.png 604w, https:\/\/www.ifsi-clermont60.fr\/site\/wp-content\/uploads\/2022\/09\/image-4-300x201.png 300w\" sizes=\"(max-width: 604px) 100vw, 604px\" \/><figcaption class=\"wp-element-caption\">Dans le cadre du \u00ab Bien vivre \u00bb ses \u00e9tudes, les \u00e9tudiants en Soins Infirmiers et les \u00e9l\u00e8ves Aides-Soignants peuvent b\u00e9n\u00e9ficier d\u2019une prestation d\u2019assistante sociale.<\/figcaption><\/figure>\n<\/div>\n\n\n<details class=\"wp-block-details is-layout-flow wp-block-details-is-layout-flow\"><summary><strong>Service social CHI &#8211; EPSM de l&rsquo;Oise <\/strong>(Lire la suite)<\/summary>\n<p>Notre assistante sociale conseil et aide les \u00e9tudiant(e)s\/\u00e9l\u00e8ves \u00e0 trouver des solutions adapt\u00e9es selon leurs difficult\u00e9s sociales.<\/p>\n\n\n\n<p>Elle peut vous aider dans les domaines suivants:<br>\u25ba difficult\u00e9s financi\u00e8res<br>\u25badifficult\u00e9s sociales<br>\u25ba difficult\u00e9s parentales<br>\u25bareconnaissance des droits<br>\u25baaide aux demandes et \u00e0 l\u2019attribution de logement<\/p>\n\n\n\n<p><strong>Pour tous rendez-vous, l&rsquo;\u00e9tudiant(e)\/\u00e9l\u00e8ve contacte le 03.44.77.50.00 et demande le service: Assistante sociale<\/strong><\/p>\n\n\n\n<p><em>Le respect de la confidentialit\u00e9 des d\u00e9marches et entretiens est garanti par l&rsquo;assistante sociale qui ne divulgue aucun \u00e9l\u00e9ment, y compris au formateur\/directeur ayant adress\u00e9 \u00e9ventuellement l\u2019\u00e9tudiant(e) ou l\u2019\u00e9l\u00e8ve.<\/em><\/p>\n<\/details>\n\n\n\n<details class=\"wp-block-details is-layout-flow wp-block-details-is-layout-flow\"><summary><strong>Service social CROUS<\/strong> (pour les \u00e9tudiants en soins infirmiers uniquement)  (Lire la suite)<\/summary>\n<p>Les assistants sociaux du CROUS vous \u00e9coutent. Tous les \u00e9tudiants inscrits dans un \u00e9tablissement d&rsquo;enseignement sup\u00e9rieur public ou priv\u00e9 en formation initiale ou continue peuvent consulter gratuitement un assistant social du Crous.  Acc\u00e8s aux droit, difficult\u00e9s financi\u00e8res, d\u00e9marches administratives, soutien moral, probl\u00e8mes familiaux, Handicap, etc. <a href=\"https:\/\/www.ifsi-clermont60.fr\/site\/wp-content\/uploads\/2026\/01\/A5-presentation-service-social.pdf\" target=\"_blank\" rel=\"noreferrer noopener\">Cliquez ici pour voir le flyer de pr\u00e9sentation<\/a><\/p>\n\n\n\n<p>Les permanences se font \u00e0 AMIENS, BEAUVAIS, COMPIEGNE, CREIL, CUFFIES, LAON et SAINT QUENTIN <br>\u25ba <a href=\"https:\/\/www.crous-amiens.fr\/social-et-accompagnement\/rendez-vous-permanences\/\" target=\"_blank\" rel=\"noreferrer noopener\">Cliquez ici pour prendre Rendez-Vous<\/a><\/p>\n<\/details>\n\n\n\n<hr class=\"wp-block-separator has-alpha-channel-opacity is-style-wide\"\/>\n\n\n\n<p class=\"has-luminous-vivid-orange-color has-text-color has-link-color has-medium-font-size wp-elements-30135334926e5d8a0095fbc541c83fd6\"><strong>4. Ligne d&rsquo;\u00e9coute nationale pour les \u00e9tudiants et ouverte \u00e0 tous<\/strong><\/p>\n\n\n<div class=\"wp-block-image\">\n<figure class=\"aligncenter size-full is-resized\"><a href=\"https:\/\/www.etudiant.gouv.fr\/fr\/cnae\" target=\"_blank\" rel=\"noreferrer noopener\"><img loading=\"lazy\" decoding=\"async\" width=\"703\" height=\"387\" src=\"https:\/\/www.ifsi-clermont60.fr\/site\/wp-content\/uploads\/2024\/02\/image-9.png\" alt=\"\" class=\"wp-image-4441\" style=\"width:307px;height:auto\" srcset=\"https:\/\/www.ifsi-clermont60.fr\/site\/wp-content\/uploads\/2024\/02\/image-9.png 703w, https:\/\/www.ifsi-clermont60.fr\/site\/wp-content\/uploads\/2024\/02\/image-9-300x165.png 300w\" sizes=\"(max-width: 703px) 100vw, 703px\" \/><\/a><figcaption class=\"wp-element-caption\">Cliquez sur l&rsquo;image<\/figcaption><\/figure>\n<\/div>\n\n\n<p>N\u2019h\u00e9sitez pas \u00e0 l\u2019utiliser en plus ou en compl\u00e9ment des dispositifs existants d\u00e9j\u00e0 \u00e0 l\u2019institut , supervision clinique et \/ ou consultation psychologue et assistante sociale.<\/p>\n","protected":false},"excerpt":{"rendered":"<p>1. Soutien Psychologique2. Coaching3. Service social 4. Ligne d&rsquo;\u00e9coute Soutien Psychologique &#8211; La rencontre avec un(e) psychologue&nbsp; La consultation&nbsp;par un ou une psychologue&nbsp;:\u25ba Fait suite \u00e0 une d\u00e9marche individuelle.\u25baEst libre,&hellip;<\/p>\n","protected":false},"author":2,"featured_media":0,"parent":0,"menu_order":0,"comment_status":"closed","ping_status":"closed","template":"","meta":{"footnotes":""},"class_list":["post-3056","page","type-page","status-publish","hentry"],"jetpack_sharing_enabled":true,"_links":{"self":[{"href":"https:\/\/www.ifsi-clermont60.fr\/site\/index.php\/wp-json\/wp\/v2\/pages\/3056","targetHints":{"allow":["GET"]}}],"collection":[{"href":"https:\/\/www.ifsi-clermont60.fr\/site\/index.php\/wp-json\/wp\/v2\/pages"}],"about":[{"href":"https:\/\/www.ifsi-clermont60.fr\/site\/index.php\/wp-json\/wp\/v2\/types\/page"}],"author":[{"embeddable":true,"href":"https:\/\/www.ifsi-clermont60.fr\/site\/index.php\/wp-json\/wp\/v2\/users\/2"}],"replies":[{"embeddable":true,"href":"https:\/\/www.ifsi-clermont60.fr\/site\/index.php\/wp-json\/wp\/v2\/comments?post=3056"}],"version-history":[{"count":13,"href":"https:\/\/www.ifsi-clermont60.fr\/site\/index.php\/wp-json\/wp\/v2\/pages\/3056\/revisions"}],"predecessor-version":[{"id":6326,"href":"https:\/\/www.ifsi-clermont60.fr\/site\/index.php\/wp-json\/wp\/v2\/pages\/3056\/revisions\/6326"}],"wp:attachment":[{"href":"https:\/\/www.ifsi-clermont60.fr\/site\/index.php\/wp-json\/wp\/v2\/media?parent=3056"}],"curies":[{"name":"wp","href":"https:\/\/api.w.org\/{rel}","templated":true}]}}