{"id":2910,"date":"2022-05-13T11:15:15","date_gmt":"2022-05-13T09:15:15","guid":{"rendered":"https:\/\/www.ifsi-clermont60.fr\/site\/?page_id=2910"},"modified":"2025-10-21T14:12:36","modified_gmt":"2025-10-21T12:12:36","slug":"integration-mutation","status":"publish","type":"page","link":"https:\/\/www.ifsi-clermont60.fr\/site\/index.php\/integration-mutation\/","title":{"rendered":"Mutation\/int\u00e9gration"},"content":{"rendered":"\n<h2 class=\"wp-block-heading has-luminous-vivid-orange-color has-text-color\"><strong>Demande d&rsquo;int\u00e9gration par voie de mutation<\/strong><\/h2>\n\n\n\n<p>L&rsquo; IFSI de Clermont accepte chaque ann\u00e9e de nouveaux \u00e9tudiants par voie de mutation pour diff\u00e9rents motifs (rapprochement familial, g\u00e9ographique, etc.).<\/p>\n\n\n\n<blockquote class=\"wp-block-quote has-text-align-center is-style-large has-medium-font-size is-layout-flow wp-block-quote-is-layout-flow\">\n<p>Vous envisagez une mutation dans notre institut de formation?<\/p>\n<\/blockquote>\n\n\n\n<p>Afin de permettre l&rsquo;\u00e9tude de votre demande de transfert, il vous appartient de nous faire parvenir un dossier de demande de mutation compl\u00e9t\u00e9, sign\u00e9 et avec <strong>les documents demand\u00e9s<\/strong> (voir le dossier ci dessous).<\/p>\n\n\n\n<div class=\"wp-block-buttons is-layout-flex wp-block-buttons-is-layout-flex\">\n<div class=\"wp-block-button has-custom-width wp-block-button__width-100\"><a class=\"wp-block-button__link has-white-color has-luminous-vivid-orange-background-color has-text-color has-background wp-element-button\" href=\"https:\/\/www.ifsi-clermont60.fr\/site\/wp-content\/uploads\/2025\/10\/Modele-DEMANDE-DINTEGRATION-2026-2027.pdf\" target=\"_blank\" rel=\"noreferrer noopener\">Dossier demande de mutation (cliquez ici)<\/a><\/div>\n<\/div>\n\n\n\n<p class=\"has-text-align-center\"><em>Demande \u00e0 r\u00e9aliser entre le 05  janvier 2026 et le 30 Avril2026.<\/em><\/p>\n\n\n\n<div style=\"height:23px\" aria-hidden=\"true\" class=\"wp-block-spacer\"><\/div>\n\n\n\n<hr class=\"wp-block-separator has-text-color has-luminous-vivid-orange-color has-css-opacity has-luminous-vivid-orange-background-color has-background is-style-wide\"\/>\n\n\n\n<figure class=\"wp-block-table\"><table><thead><tr><th class=\"has-text-align-center\" data-align=\"center\">Vous pouvez envoyer votre dossier par voie postale ou bien par courriel<\/th><\/tr><\/thead><tbody><tr><td class=\"has-text-align-center\" data-align=\"center\"><strong>Institut de formation\u00a0\u00bb Lucien Floury<\/strong>\u00ab\u00a0<br>2 Rue des Finets<br>60600 Clermont de l\u2019Oise<\/td><\/tr><tr><td class=\"has-text-align-center\" data-align=\"center\">Mail <strong>\ud83d\udce7<\/strong> : <a href=\"mailto:ifsi@chi-clermont.fr\">ifsi@chi-clermont.fr<\/a><\/td><\/tr><\/tbody><\/table><figcaption class=\"wp-element-caption\"><strong>Tout dossier envoy\u00e9 incomplet ne sera pas trait\u00e9<\/strong><\/figcaption><\/figure>\n\n\n\n<p>L&rsquo;acceptation de mutation sera r\u00e9alis\u00e9e selon des crit\u00e8res institutionnels (nombre de places disponibles, \u00e9tude du dossier scolaire complet, etc.).<\/p>\n\n\n\n<p class=\"has-text-align-center\"><strong>Apr\u00e8s entretien avec la direction et examen de votre dossier lors de notre section p\u00e9dagogique de juin, une r\u00e9ponse vous sera apport\u00e9e par mail.<\/strong><\/p>\n","protected":false},"excerpt":{"rendered":"<p>Demande d&rsquo;int\u00e9gration par voie de mutation L&rsquo; IFSI de Clermont accepte chaque ann\u00e9e de nouveaux \u00e9tudiants par voie de mutation pour diff\u00e9rents motifs (rapprochement familial, g\u00e9ographique, etc.). Vous envisagez une&hellip;<\/p>\n","protected":false},"author":2,"featured_media":0,"parent":0,"menu_order":0,"comment_status":"closed","ping_status":"closed","template":"","meta":{"footnotes":""},"class_list":["post-2910","page","type-page","status-publish","hentry"],"jetpack_sharing_enabled":true,"_links":{"self":[{"href":"https:\/\/www.ifsi-clermont60.fr\/site\/index.php\/wp-json\/wp\/v2\/pages\/2910","targetHints":{"allow":["GET"]}}],"collection":[{"href":"https:\/\/www.ifsi-clermont60.fr\/site\/index.php\/wp-json\/wp\/v2\/pages"}],"about":[{"href":"https:\/\/www.ifsi-clermont60.fr\/site\/index.php\/wp-json\/wp\/v2\/types\/page"}],"author":[{"embeddable":true,"href":"https:\/\/www.ifsi-clermont60.fr\/site\/index.php\/wp-json\/wp\/v2\/users\/2"}],"replies":[{"embeddable":true,"href":"https:\/\/www.ifsi-clermont60.fr\/site\/index.php\/wp-json\/wp\/v2\/comments?post=2910"}],"version-history":[{"count":28,"href":"https:\/\/www.ifsi-clermont60.fr\/site\/index.php\/wp-json\/wp\/v2\/pages\/2910\/revisions"}],"predecessor-version":[{"id":5830,"href":"https:\/\/www.ifsi-clermont60.fr\/site\/index.php\/wp-json\/wp\/v2\/pages\/2910\/revisions\/5830"}],"wp:attachment":[{"href":"https:\/\/www.ifsi-clermont60.fr\/site\/index.php\/wp-json\/wp\/v2\/media?parent=2910"}],"curies":[{"name":"wp","href":"https:\/\/api.w.org\/{rel}","templated":true}]}}