{"id":270,"date":"2017-11-23T15:00:05","date_gmt":"2017-11-23T14:00:05","guid":{"rendered":"http:\/\/www.ifsi-clermont60.fr\/site\/?page_id=270"},"modified":"2019-10-22T09:04:35","modified_gmt":"2019-10-22T07:04:35","slug":"action-journee-mondiale-du-diabete","status":"publish","type":"page","link":"https:\/\/www.ifsi-clermont60.fr\/site\/index.php\/action-journee-mondiale-du-diabete\/","title":{"rendered":"Action &#8211; Journ\u00e9e mondiale du diab\u00e8te &#8211; 2017"},"content":{"rendered":"<p>Une de nos formatrices, Nathalie Paccot, pr\u00e9sidente de l\u2019association fran\u00e7aise des diab\u00e9tiques de l\u2019Oise et patiente experte, a particip\u00e9 \u00e0 cet \u00e9v\u00e9nement ainsi que nos \u00e9tudiants de L3 sur un atelier massage des mains.<\/p>\n<p><a href=\"https:\/\/www.ifsi-clermont60.fr\/site\/wp-content\/uploads\/2017\/11\/image.jpg\"><img fetchpriority=\"high\" decoding=\"async\" class=\"alignnone wp-image-271 size-full\" src=\"https:\/\/www.ifsi-clermont60.fr\/site\/wp-content\/uploads\/2017\/11\/image.jpg\" alt=\"\" width=\"234\" height=\"416\" srcset=\"https:\/\/www.ifsi-clermont60.fr\/site\/wp-content\/uploads\/2017\/11\/image.jpg 234w, https:\/\/www.ifsi-clermont60.fr\/site\/wp-content\/uploads\/2017\/11\/image-169x300.jpg 169w\" sizes=\"(max-width: 234px) 100vw, 234px\" \/><\/a><\/p>\n<p><a href=\"https:\/\/www.ifsi-clermont60.fr\/site\/wp-content\/uploads\/2017\/11\/image3.jpg\"><img decoding=\"async\" class=\"alignnone wp-image-272 size-full\" src=\"https:\/\/www.ifsi-clermont60.fr\/site\/wp-content\/uploads\/2017\/11\/image3.jpg\" alt=\"\" width=\"416\" height=\"234\" srcset=\"https:\/\/www.ifsi-clermont60.fr\/site\/wp-content\/uploads\/2017\/11\/image3.jpg 416w, https:\/\/www.ifsi-clermont60.fr\/site\/wp-content\/uploads\/2017\/11\/image3-300x169.jpg 300w\" sizes=\"(max-width: 416px) 100vw, 416px\" \/><\/a><\/p>\n<p><a href=\"https:\/\/www.ifsi-clermont60.fr\/site\/wp-content\/uploads\/2017\/11\/image4-Copie.jpg\"><img decoding=\"async\" class=\"alignnone wp-image-273 size-full\" src=\"https:\/\/www.ifsi-clermont60.fr\/site\/wp-content\/uploads\/2017\/11\/image4-Copie.jpg\" alt=\"\" width=\"416\" height=\"234\" srcset=\"https:\/\/www.ifsi-clermont60.fr\/site\/wp-content\/uploads\/2017\/11\/image4-Copie.jpg 416w, https:\/\/www.ifsi-clermont60.fr\/site\/wp-content\/uploads\/2017\/11\/image4-Copie-300x169.jpg 300w\" sizes=\"(max-width: 416px) 100vw, 416px\" \/><\/a><\/p>\n","protected":false},"excerpt":{"rendered":"<p>Une de nos formatrices, Nathalie Paccot, pr\u00e9sidente de l\u2019association fran\u00e7aise des diab\u00e9tiques de l\u2019Oise et patiente experte, a particip\u00e9 \u00e0 cet \u00e9v\u00e9nement ainsi que nos \u00e9tudiants de L3 sur un&hellip;<\/p>\n","protected":false},"author":1,"featured_media":0,"parent":0,"menu_order":0,"comment_status":"closed","ping_status":"closed","template":"","meta":{"footnotes":""},"class_list":["post-270","page","type-page","status-publish","hentry"],"jetpack_sharing_enabled":true,"_links":{"self":[{"href":"https:\/\/www.ifsi-clermont60.fr\/site\/index.php\/wp-json\/wp\/v2\/pages\/270","targetHints":{"allow":["GET"]}}],"collection":[{"href":"https:\/\/www.ifsi-clermont60.fr\/site\/index.php\/wp-json\/wp\/v2\/pages"}],"about":[{"href":"https:\/\/www.ifsi-clermont60.fr\/site\/index.php\/wp-json\/wp\/v2\/types\/page"}],"author":[{"embeddable":true,"href":"https:\/\/www.ifsi-clermont60.fr\/site\/index.php\/wp-json\/wp\/v2\/users\/1"}],"replies":[{"embeddable":true,"href":"https:\/\/www.ifsi-clermont60.fr\/site\/index.php\/wp-json\/wp\/v2\/comments?post=270"}],"version-history":[{"count":3,"href":"https:\/\/www.ifsi-clermont60.fr\/site\/index.php\/wp-json\/wp\/v2\/pages\/270\/revisions"}],"predecessor-version":[{"id":811,"href":"https:\/\/www.ifsi-clermont60.fr\/site\/index.php\/wp-json\/wp\/v2\/pages\/270\/revisions\/811"}],"wp:attachment":[{"href":"https:\/\/www.ifsi-clermont60.fr\/site\/index.php\/wp-json\/wp\/v2\/media?parent=270"}],"curies":[{"name":"wp","href":"https:\/\/api.w.org\/{rel}","templated":true}]}}