{"id":2574,"date":"2022-02-21T15:47:37","date_gmt":"2022-02-21T14:47:37","guid":{"rendered":"https:\/\/www.ifsi-clermont60.fr\/site\/?page_id=2574"},"modified":"2025-11-03T15:40:21","modified_gmt":"2025-11-03T14:40:21","slug":"bien-preparer-son-entree-en-formation-as","status":"publish","type":"page","link":"https:\/\/www.ifsi-clermont60.fr\/site\/index.php\/bien-preparer-son-entree-en-formation-as\/","title":{"rendered":"Pr\u00e9parer son entr\u00e9e en formation IFAS"},"content":{"rendered":"\n<figure class=\"wp-block-table is-style-stripes\"><table class=\"has-fixed-layout\"><tbody><tr><td>Vous renseigner sur le m\u00e9tier et les \u00e9tudes AS en amont avant de vous engager dans cette formation est indispensable. Construire son projet professionnel d\u00e9bute par la connaissance du m\u00e9tier et des \u00e9tudes<\/td><\/tr><\/tbody><\/table><\/figure>\n\n\n\n<hr class=\"wp-block-separator has-text-color has-luminous-vivid-orange-color has-css-opacity has-luminous-vivid-orange-background-color has-background is-style-wide\"\/>\n\n\n\n<p>Devenir Aide-Soignant(e), c\u2019est exercer un m\u00e9tier gratifiant tourn\u00e9 vers l\u2019aide aux personnes, patients, familles, r\u00e9sidents, usagers de la sant\u00e9, etc.<\/p>\n\n\n<div class=\"wp-block-image is-style-default\">\n<figure data-wp-context=\"{&quot;imageId&quot;:&quot;69f60a4835497&quot;}\" data-wp-interactive=\"core\/image\" data-wp-key=\"69f60a4835497\" class=\"aligncenter size-full is-resized wp-lightbox-container\"><img fetchpriority=\"high\" decoding=\"async\" width=\"769\" height=\"637\" data-wp-class--hide=\"state.isContentHidden\" data-wp-class--show=\"state.isContentVisible\" data-wp-init=\"callbacks.setButtonStyles\" data-wp-on--click=\"actions.showLightbox\" data-wp-on--load=\"callbacks.setButtonStyles\" data-wp-on-window--resize=\"callbacks.setButtonStyles\" src=\"https:\/\/www.ifsi-clermont60.fr\/site\/wp-content\/uploads\/2022\/02\/image-44.png\" alt=\"\" class=\"wp-image-2591\" style=\"width:450px;height:auto\" srcset=\"https:\/\/www.ifsi-clermont60.fr\/site\/wp-content\/uploads\/2022\/02\/image-44.png 769w, https:\/\/www.ifsi-clermont60.fr\/site\/wp-content\/uploads\/2022\/02\/image-44-300x249.png 300w\" sizes=\"(max-width: 769px) 100vw, 769px\" \/><button\n\t\t\tclass=\"lightbox-trigger\"\n\t\t\ttype=\"button\"\n\t\t\taria-haspopup=\"dialog\"\n\t\t\taria-label=\"Agrandir\"\n\t\t\tdata-wp-init=\"callbacks.initTriggerButton\"\n\t\t\tdata-wp-on--click=\"actions.showLightbox\"\n\t\t\tdata-wp-style--right=\"state.imageButtonRight\"\n\t\t\tdata-wp-style--top=\"state.imageButtonTop\"\n\t\t>\n\t\t\t<svg xmlns=\"http:\/\/www.w3.org\/2000\/svg\" width=\"12\" height=\"12\" fill=\"none\" viewBox=\"0 0 12 12\">\n\t\t\t\t<path fill=\"#fff\" d=\"M2 0a2 2 0 0 0-2 2v2h1.5V2a.5.5 0 0 1 .5-.5h2V0H2Zm2 10.5H2a.5.5 0 0 1-.5-.5V8H0v2a2 2 0 0 0 2 2h2v-1.5ZM8 12v-1.5h2a.5.5 0 0 0 .5-.5V8H12v2a2 2 0 0 1-2 2H8Zm2-12a2 2 0 0 1 2 2v2h-1.5V2a.5.5 0 0 0-.5-.5H8V0h2Z\" \/>\n\t\t\t<\/svg>\n\t\t<\/button><figcaption class=\"wp-element-caption\">(voir la rubrique le m\u00e9tier aide-soignant(e) <strong><a rel=\"noreferrer noopener\" href=\"https:\/\/www.ifsi-clermont60.fr\/site\/index.php\/le-metier-aide-soignante\/\" target=\"_blank\">ici <\/a><\/strong>)<\/figcaption><\/figure>\n<\/div>\n\n\n<h2 class=\"wp-block-heading has-luminous-vivid-orange-color has-text-color\" id=\"les-etudes\"><strong>Les \u00e9tudes<\/strong><\/h2>\n\n\n\n<figure class=\"wp-block-table\"><table><thead><tr><th><strong>Pour devenir aide-soignant(e), les \u00e9tudes (d&rsquo;une dur\u00e9e de 11 mois) sont en alternance stages\/cours&nbsp;(35h par semaine)&nbsp;et n\u00e9cessitent :<\/strong><\/th><\/tr><\/thead><tbody><tr><td>&#8211; De d\u00e9velopper de l&rsquo;autonomie<\/td><\/tr><tr><td>&#8211; D&rsquo;apprendre \u00e0 m\u00e9moriser durablement<\/td><\/tr><tr><td>&#8211; D&rsquo;avoir les capacit\u00e9s de travail pour acqu\u00e9rir les comp\u00e9tences n\u00e9cessaires (connaissances, savoir-faire et savoir \u00eatre) <\/td><\/tr><tr><td>&#8211; D&rsquo;avoir envie de&#8230;<\/td><\/tr><\/tbody><\/table><\/figure>\n\n\n<div class=\"wp-block-image\">\n<figure class=\"aligncenter size-large is-resized\"><img decoding=\"async\" width=\"1024\" height=\"437\" src=\"https:\/\/www.ifsi-clermont60.fr\/site\/wp-content\/uploads\/2022\/02\/image-45-1024x437.png\" alt=\"\" class=\"wp-image-2594\" style=\"width:776px;height:auto\" srcset=\"https:\/\/www.ifsi-clermont60.fr\/site\/wp-content\/uploads\/2022\/02\/image-45-1024x437.png 1024w, https:\/\/www.ifsi-clermont60.fr\/site\/wp-content\/uploads\/2022\/02\/image-45-300x128.png 300w, https:\/\/www.ifsi-clermont60.fr\/site\/wp-content\/uploads\/2022\/02\/image-45-768x328.png 768w, https:\/\/www.ifsi-clermont60.fr\/site\/wp-content\/uploads\/2022\/02\/image-45.png 1137w\" sizes=\"(max-width: 1024px) 100vw, 1024px\" \/><figcaption class=\"wp-element-caption\">De nombreuses mati\u00e8res vous seront peut-\u00eatre inconnues ou nouvelles. Nous nous appuyons sur vos acquis ant\u00e9rieurs ou suppos\u00e9s comme tels par exemple. (Voir la rubrique la formation AS <strong><a href=\"https:\/\/www.ifsi-clermont60.fr\/site\/index.php\/formation-as\/\" target=\"_blank\" rel=\"noreferrer noopener\">ici<\/a><\/strong>)<\/figcaption><\/figure>\n<\/div>\n\n\n<figure class=\"wp-block-table is-style-stripes\"><table class=\"has-fixed-layout\"><tbody><tr><td><strong>Pensez \u00e0 envisager votre vie personnelle pendant vos \u00e9tudes en tenant compte des contraintes:<br>\u2022\tSur le plan financier <a href=\"https:\/\/www.ifsi-clermont60.fr\/site\/index.php\/financement\/\" data-type=\"URL\" data-id=\"https:\/\/www.ifsi-clermont60.fr\/site\/index.php\/financement\/\" target=\"_blank\" rel=\"noreferrer noopener\">(<mark style=\"background-color:rgba(0, 0, 0, 0)\" class=\"has-inline-color has-vivid-cyan-blue-color\">voir aides r\u00e9gion<\/mark>) <\/a><br>\u2022\tSur l&rsquo;organisation personnelle (horaires, d\u00e9placements, le travail personnel, etc.)<\/strong><\/td><\/tr><\/tbody><\/table><\/figure>\n\n\n\n<p class=\"has-text-align-center has-white-color has-luminous-vivid-orange-background-color has-text-color has-background\"><strong>Nous vous accompagnons mais, pour r\u00e9ussir, nous comptons sur vous \u2026<mark style=\"background-color:rgba(0, 0, 0, 0)\" class=\"has-inline-color has-white-color\"><br><\/mark><\/strong><em><mark style=\"background-color:rgba(0, 0, 0, 0)\" class=\"has-inline-color has-white-color\"><strong><a href=\"https:\/\/www.ifsi-clermont60.fr\/site\/index.php\/aide-a-la-reussite\/\" target=\"_blank\" rel=\"noreferrer noopener\">(voir Aide \u00e0 la r\u00e9ussite<\/a><\/strong><\/mark><\/em><strong><mark style=\"background-color:rgba(0, 0, 0, 0)\" class=\"has-inline-color has-black-color\">)<\/mark><\/strong><\/p>\n\n\n\n<hr class=\"wp-block-separator has-text-color has-luminous-vivid-orange-color has-css-opacity has-luminous-vivid-orange-background-color has-background is-style-wide\"\/>\n\n\n\n<figure class=\"wp-block-table is-style-stripes\"><table><thead><tr><th>Pour confirmer votre projet de devenir aide-soignant(e), vous pouvez \u00e9changer avec nos formateurs et \u00e9l\u00e8ves :<\/th><\/tr><\/thead><tbody><tr><td><strong>En nous retrouvant<\/strong><br>\u00b7&nbsp;&nbsp;&nbsp;&nbsp;&nbsp;&nbsp;&nbsp;&nbsp; &nbsp;Lors des semaines de l\u2019orientation de votre lyc\u00e9e<br>\u00b7&nbsp;&nbsp;&nbsp;&nbsp;&nbsp;&nbsp;&nbsp;&nbsp; &nbsp;Lors des portes ouvertes de l&rsquo;institut (fin janvier\/d\u00e9but f\u00e9vrier)<br>\u00b7&nbsp;&nbsp;&nbsp;&nbsp;&nbsp;&nbsp;&nbsp;&nbsp;  Lors cord\u00e9es de la R\u00e9ussite (si votre \u00e9tablissement en fait partie)<\/td><\/tr><tr><td><strong>En consultant<\/strong><br>\u00b7&nbsp;&nbsp;&nbsp;&nbsp;&nbsp;&nbsp;&nbsp;&nbsp; Notre site Internet &nbsp;et ses actualit\u00e9s<\/td><\/tr><tr><td><strong>En participant \u00e0<\/strong><br>\u00b7&nbsp;&nbsp;&nbsp;&nbsp;&nbsp;&nbsp;&nbsp;&nbsp; Nos demi-journ\u00e9es de d\u00e9couverte, o\u00f9 vous assisterez \u00e0 une vraie activit\u00e9 p\u00e9dagogique, parrain\u00e9e par un(e) \u00e9l\u00e8ve (inscription pendant les portes ouvertes)<br>\u00b7&nbsp;&nbsp;&nbsp;&nbsp;&nbsp;&nbsp;&nbsp;&nbsp; &nbsp;La cord\u00e9e de la r\u00e9ussite avec votre lyc\u00e9e<\/td><\/tr><\/tbody><\/table><\/figure>\n","protected":false},"excerpt":{"rendered":"<p>Vous renseigner sur le m\u00e9tier et les \u00e9tudes AS en amont avant de vous engager dans cette formation est indispensable. Construire son projet professionnel d\u00e9bute par la connaissance du m\u00e9tier&hellip;<\/p>\n","protected":false},"author":2,"featured_media":0,"parent":0,"menu_order":0,"comment_status":"closed","ping_status":"closed","template":"","meta":{"footnotes":""},"class_list":["post-2574","page","type-page","status-publish","hentry"],"jetpack_sharing_enabled":true,"_links":{"self":[{"href":"https:\/\/www.ifsi-clermont60.fr\/site\/index.php\/wp-json\/wp\/v2\/pages\/2574","targetHints":{"allow":["GET"]}}],"collection":[{"href":"https:\/\/www.ifsi-clermont60.fr\/site\/index.php\/wp-json\/wp\/v2\/pages"}],"about":[{"href":"https:\/\/www.ifsi-clermont60.fr\/site\/index.php\/wp-json\/wp\/v2\/types\/page"}],"author":[{"embeddable":true,"href":"https:\/\/www.ifsi-clermont60.fr\/site\/index.php\/wp-json\/wp\/v2\/users\/2"}],"replies":[{"embeddable":true,"href":"https:\/\/www.ifsi-clermont60.fr\/site\/index.php\/wp-json\/wp\/v2\/comments?post=2574"}],"version-history":[{"count":19,"href":"https:\/\/www.ifsi-clermont60.fr\/site\/index.php\/wp-json\/wp\/v2\/pages\/2574\/revisions"}],"predecessor-version":[{"id":6161,"href":"https:\/\/www.ifsi-clermont60.fr\/site\/index.php\/wp-json\/wp\/v2\/pages\/2574\/revisions\/6161"}],"wp:attachment":[{"href":"https:\/\/www.ifsi-clermont60.fr\/site\/index.php\/wp-json\/wp\/v2\/media?parent=2574"}],"curies":[{"name":"wp","href":"https:\/\/api.w.org\/{rel}","templated":true}]}}