{"id":2156,"date":"2022-02-15T09:33:21","date_gmt":"2022-02-15T08:33:21","guid":{"rendered":"https:\/\/www.ifsi-clermont60.fr\/site\/?page_id=2156"},"modified":"2025-10-31T13:10:28","modified_gmt":"2025-10-31T12:10:28","slug":"certification-professionnelle-et-obtention-du-diplome","status":"publish","type":"page","link":"https:\/\/www.ifsi-clermont60.fr\/site\/index.php\/certification-professionnelle-et-obtention-du-diplome\/","title":{"rendered":"Certification"},"content":{"rendered":"\n<h1 class=\"wp-block-heading\" id=\"certification-professionnelle-et-obtention-du-diplome\"><strong><mark style=\"background-color:rgba(0, 0, 0, 0)\" class=\"has-inline-color has-luminous-vivid-orange-color\">Certification professionnelle et obtention du dipl\u00f4me<\/mark><\/strong><\/h1>\n\n\n\n<p><\/p>\n\n\n\n<figure class=\"wp-block-image size-large\"><img fetchpriority=\"high\" decoding=\"async\" width=\"1024\" height=\"473\" src=\"https:\/\/www.ifsi-clermont60.fr\/site\/wp-content\/uploads\/2022\/02\/image-27-1024x473.png\" alt=\"\" class=\"wp-image-2454\" srcset=\"https:\/\/www.ifsi-clermont60.fr\/site\/wp-content\/uploads\/2022\/02\/image-27-1024x473.png 1024w, https:\/\/www.ifsi-clermont60.fr\/site\/wp-content\/uploads\/2022\/02\/image-27-300x139.png 300w, https:\/\/www.ifsi-clermont60.fr\/site\/wp-content\/uploads\/2022\/02\/image-27-768x355.png 768w, https:\/\/www.ifsi-clermont60.fr\/site\/wp-content\/uploads\/2022\/02\/image-27.png 1419w\" sizes=\"(max-width: 1024px) 100vw, 1024px\" \/><\/figure>\n\n\n\n<hr class=\"wp-block-separator has-css-opacity is-style-wide\"\/>\n\n\n\n<p><\/p>\n\n\n\n<p>L&rsquo;acquisition des ECTS (<em>European Credits Transfer System<\/em>) est faite \u00e0 partir de chaque unit\u00e9 d&rsquo;enseignement et de chaque stage par ann\u00e9e de formation.<\/p>\n\n\n\n<p>Les ECTS sont valid\u00e9s en Commission d&rsquo;Attribution des Cr\u00e9dits (CAC). En cas d&rsquo;\u00e9chec \u00e0 la premi\u00e8re session, l&rsquo;\u00e9tudiant peut se pr\u00e9senter \u00e0 la session suivante, dite \u00ab\u00a0session de rattrapage\u00a0\u00bb de l&rsquo;ann\u00e9e pour chaque ann\u00e9e de formation. <\/p>\n\n\n\n<hr class=\"wp-block-separator has-text-color has-luminous-vivid-orange-color has-css-opacity has-luminous-vivid-orange-background-color has-background is-style-wide\"\/>\n\n\n\n<p class=\"has-luminous-vivid-orange-color has-text-color\"><strong>Pr\u00e9sentation au Jury<\/strong><\/p>\n\n\n\n<p>Pour \u00eatre pr\u00e9sent\u00e9 au jury du dipl\u00f4me d&rsquo;\u00c9tat, l&rsquo;\u00e9tudiant doit valider 150 ECTS au terme du semestre 5 sans d\u00e9passer 6 inscriptions administratives.<\/p>\n\n\n\n<p>Le Dipl\u00f4me d&rsquo;Etat Infirmier est attribu\u00e9 par le jury du Dipl\u00f4me d&rsquo;\u00c9tat Infirmier, sous la pr\u00e9sidence de la DREETS (Direction R\u00e9gionale de l&rsquo;\u00c9conomie, de l&rsquo;Emploi, du Travail et des Solidarit\u00e9s), aux \u00e9tudiants ayant obtenu 180 ECTS.<\/p>\n\n\n\n<hr class=\"wp-block-separator has-text-color has-luminous-vivid-orange-color has-css-opacity has-luminous-vivid-orange-background-color has-background is-style-wide\"\/>\n\n\n\n<p class=\"has-luminous-vivid-orange-color has-text-color\"><strong>Grade de Licence<\/strong><\/p>\n\n\n<div class=\"wp-block-image\">\n<figure class=\"aligncenter is-resized\"><img decoding=\"async\" src=\"https:\/\/upload.wikimedia.org\/wikipedia\/fr\/thumb\/4\/48\/DL_05_Grade_L.svg\/langfr-280px-DL_05_Grade_L.svg.png\" alt=\"Dipl\u00f4me national de licence (France) \u2014 Wikip\u00e9dia\" style=\"width:185px;height:213px\"\/><\/figure>\n<\/div>\n\n\n<p>Les \u00e9tudes pour l&rsquo;obtention du Dipl\u00f4me d&rsquo;\u00c9tat Infirmier durent 3 ans, ce qui correspond au grade de Licence (\u00e9quivalent \u00e0 180 ECTS).<br>Celui-ci est d\u00e9livr\u00e9 par l&rsquo;universit\u00e9 partenaire aux \u00e9tudiants ayant obtenu le Dipl\u00f4me d&rsquo;Etat Infirmier <em>(<\/em>sous r\u00e9serve d&rsquo;une inscription par l&rsquo;\u00e9tudiant \u00e0 l&rsquo;UPJV en d\u00e9but d&rsquo;ann\u00e9e en cours<em>).<\/em><\/p>\n\n\n\n<p><\/p>\n","protected":false},"excerpt":{"rendered":"<p>Certification professionnelle et obtention du dipl\u00f4me L&rsquo;acquisition des ECTS (European Credits Transfer System) est faite \u00e0 partir de chaque unit\u00e9 d&rsquo;enseignement et de chaque stage par ann\u00e9e de formation. Les&hellip;<\/p>\n","protected":false},"author":2,"featured_media":0,"parent":0,"menu_order":0,"comment_status":"closed","ping_status":"closed","template":"","meta":{"footnotes":""},"class_list":["post-2156","page","type-page","status-publish","hentry"],"jetpack_sharing_enabled":true,"_links":{"self":[{"href":"https:\/\/www.ifsi-clermont60.fr\/site\/index.php\/wp-json\/wp\/v2\/pages\/2156","targetHints":{"allow":["GET"]}}],"collection":[{"href":"https:\/\/www.ifsi-clermont60.fr\/site\/index.php\/wp-json\/wp\/v2\/pages"}],"about":[{"href":"https:\/\/www.ifsi-clermont60.fr\/site\/index.php\/wp-json\/wp\/v2\/types\/page"}],"author":[{"embeddable":true,"href":"https:\/\/www.ifsi-clermont60.fr\/site\/index.php\/wp-json\/wp\/v2\/users\/2"}],"replies":[{"embeddable":true,"href":"https:\/\/www.ifsi-clermont60.fr\/site\/index.php\/wp-json\/wp\/v2\/comments?post=2156"}],"version-history":[{"count":10,"href":"https:\/\/www.ifsi-clermont60.fr\/site\/index.php\/wp-json\/wp\/v2\/pages\/2156\/revisions"}],"predecessor-version":[{"id":6103,"href":"https:\/\/www.ifsi-clermont60.fr\/site\/index.php\/wp-json\/wp\/v2\/pages\/2156\/revisions\/6103"}],"wp:attachment":[{"href":"https:\/\/www.ifsi-clermont60.fr\/site\/index.php\/wp-json\/wp\/v2\/media?parent=2156"}],"curies":[{"name":"wp","href":"https:\/\/api.w.org\/{rel}","templated":true}]}}