{"id":2143,"date":"2022-02-14T16:23:20","date_gmt":"2022-02-14T15:23:20","guid":{"rendered":"https:\/\/www.ifsi-clermont60.fr\/site\/?page_id=2143"},"modified":"2026-02-09T15:20:14","modified_gmt":"2026-02-09T14:20:14","slug":"la-section-de-vie-etudiante-et-eleve","status":"publish","type":"page","link":"https:\/\/www.ifsi-clermont60.fr\/site\/index.php\/la-section-de-vie-etudiante-et-eleve\/","title":{"rendered":"Section de Vie \u00c9tudiante et \u00e9l\u00e8ve\u00a0"},"content":{"rendered":"\n<p><\/p>\n\n\n\n<h1 class=\"wp-block-heading has-luminous-vivid-orange-color has-text-color\" id=\"section-de-vie-etudiante-et-eleve\"><strong>Section de vie \u00e9tudiante et \u00e9l\u00e8ve<\/strong><\/h1>\n\n\n\n<h1 class=\"wp-block-heading has-luminous-vivid-orange-color has-text-color\" id=\"section-de-vie-etudiante-et-eleve\"><strong>&nbsp;<\/strong><\/h1>\n\n\n\n<hr class=\"wp-block-separator has-css-opacity\"\/>\n\n\n<div class=\"wp-block-image\">\n<figure class=\"aligncenter is-resized\"><img decoding=\"async\" src=\"https:\/\/media.istockphoto.com\/vectors\/flat-style-vector-illustration-discuss-social-network-news-chat-vector-id1014903134?k=20&amp;m=1014903134&amp;s=612x612&amp;w=0&amp;h=lb9Loz5GSlTf_ZWUkT1f1JCxZ545JY_6EzUQdyYsGdk=\" alt=\"illustrations, cliparts, dessins anim\u00e9s et ic\u00f4nes de plat style illustration vectorielle, discuter des r\u00e9seaux sociaux, actualit\u00e9s, chat, dialogue phylact\u00e8res - r\u00e9union\" style=\"width:321px;height:224px\"\/><\/figure>\n<\/div>\n\n\n<p class=\"has-text-align-center\">La Section de Vie \u00c9tudiante (SVE) et \u00c9l\u00e8ve  est un lieu de concertation, de co-construction entre les \u00e9tudiants\/\u00e9l\u00e8ves et les professionnels de l&rsquo;Institut pour une formation la plus sereine et adapt\u00e9e possible et afin d&rsquo;am\u00e9liorer en continue celle-ci.<\/p>\n\n\n\n<div class=\"wp-block-buttons is-layout-flex wp-block-buttons-is-layout-flex\">\n<div class=\"wp-block-button has-custom-width wp-block-button__width-100\"><a class=\"wp-block-button__link has-white-color has-luminous-vivid-amber-to-luminous-vivid-orange-gradient-background has-text-color has-background wp-element-button\" href=\"https:\/\/www.ifsi-clermont60.fr\/site\/wp-content\/uploads\/2025\/08\/MO-section-vie-etudiante-eleve-V3.pdf\" target=\"_blank\" rel=\"noreferrer noopener\">Mode Op\u00e9ratoire de la SVE ici<\/a><\/div>\n<\/div>\n\n\n\n<hr class=\"wp-block-separator has-css-opacity\"\/>\n\n\n\n<p><br>\u25bc Vous trouverez ci-dessous les comptes rendus des SVE de l&rsquo;institut de formation \u25bc<\/p>\n\n\n\n<figure class=\"wp-block-table\"><table><thead><tr><th class=\"has-text-align-center\" data-align=\"center\">Ann\u00e9e 2025<\/th><\/tr><\/thead><tbody><tr><td class=\"has-text-align-center\" data-align=\"center\"><a href=\"https:\/\/www.ifsi-clermont60.fr\/site\/wp-content\/uploads\/2026\/02\/Compte-rendu-1.pdf\" target=\"_blank\" rel=\"noreferrer noopener\">SVE du 20 mars 2025<\/a><br><a href=\"https:\/\/www.ifsi-clermont60.fr\/site\/wp-content\/uploads\/2026\/02\/Copte-rendu-SVE-du-12-juin-2025.pdf\" target=\"_blank\" rel=\"noreferrer noopener\">SVE Juin 2025<\/a><a href=\"https:\/\/www.ifsi-clermont60.fr\/site\/wp-content\/uploads\/2024\/09\/compte-rendu-SVE.pdf\"><br><\/a><a href=\"https:\/\/www.ifsi-clermont60.fr\/site\/wp-content\/uploads\/2026\/02\/Compte-rendu.pdf\" target=\"_blank\" rel=\"noreferrer noopener\">SVE Novembre 2025<\/a><\/td><\/tr><\/tbody><\/table><\/figure>\n\n\n\n<figure class=\"wp-block-table\"><table><thead><tr><th class=\"has-text-align-center\" data-align=\"center\">Ann\u00e9e 2024<\/th><\/tr><\/thead><tbody><tr><td class=\"has-text-align-center\" data-align=\"center\"><a href=\"https:\/\/www.ifsi-clermont60.fr\/site\/wp-content\/uploads\/2024\/09\/compte-rendu-SVE.pdf\">SVE du 28 mars 2024<br><\/a><a href=\"https:\/\/www.ifsi-clermont60.fr\/site\/wp-content\/uploads\/2024\/09\/compte-rendu-du-23-06-2024.pdf\">SVE Juin 2024<\/a><a href=\"https:\/\/www.ifsi-clermont60.fr\/site\/wp-content\/uploads\/2024\/09\/compte-rendu-SVE.pdf\"><br><\/a><a href=\"https:\/\/www.ifsi-clermont60.fr\/site\/wp-content\/uploads\/2026\/02\/compte-rendu-SVE-du-14-11-2024.pdf\" target=\"_blank\" rel=\"noreferrer noopener\">SVE Novembre 2024<\/a><\/td><\/tr><\/tbody><\/table><\/figure>\n\n\n\n<figure class=\"wp-block-table\"><table><thead><tr><th class=\"has-text-align-center\" data-align=\"center\">Ann\u00e9e 2023<\/th><\/tr><\/thead><tbody><tr><td class=\"has-text-align-center\" data-align=\"center\"><a href=\"https:\/\/www.ifsi-clermont60.fr\/site\/wp-content\/uploads\/2024\/03\/Compte-rendu-SVE.pdf\" target=\"_blank\" rel=\"noreferrer noopener\">SVE novembre 2023<\/a><br>Cong\u00e9 menstruel &#8211; en compl\u00e9ment de la mise en place des distributeurs de protections p\u00e9riodiques &#8211; <a href=\"https:\/\/www.ifsi-clermont60.fr\/site\/wp-content\/uploads\/2025\/08\/procedure-V3-conges-menstruels.pdf\" target=\"_blank\" rel=\"noreferrer noopener\">Modalit\u00e9s ici<\/a><\/td><\/tr><tr><td class=\"has-text-align-center\" data-align=\"center\"><a href=\"https:\/\/www.ifsi-clermont60.fr\/site\/wp-content\/uploads\/2023\/11\/Compte-rendu.pdf\">SVE  juin 2023<\/a><\/td><\/tr><tr><td class=\"has-text-align-center\" data-align=\"center\"><a rel=\"noreferrer noopener\" href=\"https:\/\/www.ifsi-clermont60.fr\/site\/wp-content\/uploads\/2023\/05\/compte-rendu-SVE.pdf\" target=\"_blank\">SVE du 22 mars 2023<\/a><\/td><\/tr><\/tbody><\/table><\/figure>\n\n\n\n<figure class=\"wp-block-table\"><table><thead><tr><th class=\"has-text-align-center\" data-align=\"center\">Ann\u00e9e 2022<\/th><\/tr><\/thead><tbody><tr><td class=\"has-text-align-center\" data-align=\"center\"><a href=\"https:\/\/www.ifsi-clermont60.fr\/site\/wp-content\/uploads\/2023\/05\/Compte-rendu-SVE-17-11-2022.pdf\" target=\"_blank\" rel=\"noreferrer noopener\">SVE du 17 novembre 2022<\/a><\/td><\/tr><tr><td class=\"has-text-align-center\" data-align=\"center\"><a href=\"https:\/\/www.ifsi-clermont60.fr\/site\/Compte rendu SVE 16-06-2022.pdf\" target=\"_blank\" rel=\"noreferrer noopener\">SVE du 16 juin 2022<\/a><\/td><\/tr><tr><td class=\"has-text-align-center\" data-align=\"center\"><a href=\"https:\/\/www.ifsi-clermont60.fr\/site\/Compte rendu SVE 03-03-2022.pdf\" target=\"_blank\" rel=\"noreferrer noopener\">SVE du 3 mars 2022<\/a><\/td><\/tr><\/tbody><\/table><\/figure>\n\n\n\n<figure class=\"wp-block-table\"><table><thead><tr><th class=\"has-text-align-center\" data-align=\"center\">Ann\u00e9e 2021<\/th><\/tr><\/thead><tbody><tr><td class=\"has-text-align-center\" data-align=\"center\"><a rel=\"noreferrer noopener\" href=\"https:\/\/www.ifsi-clermont60.fr\/site\/Compte%20rendu%20SVE%2018-11-2021.pdf\" target=\"_blank\">SVE du 18 novembre 2021&nbsp;<\/a><\/td><\/tr><tr><td class=\"has-text-align-center\" data-align=\"center\"><a rel=\"noreferrer noopener\" href=\"https:\/\/www.ifsi-clermont60.fr\/site\/Compte%20rendu%20SVE%2026-05-2021.pdf\" target=\"_blank\">SVE du 26 mai 2021<\/a><\/td><\/tr><tr><td class=\"has-text-align-center\" data-align=\"center\"><a rel=\"noreferrer noopener\" href=\"https:\/\/www.ifsi-clermont60.fr\/site\/Compte%20rendu%20SVE%2017-02-2021.pdf\" target=\"_blank\">SVE du 17 f\u00e9vrier 2021<\/a><\/td><\/tr><\/tbody><\/table><\/figure>\n\n\n\n<figure class=\"wp-block-table\"><table><thead><tr><th class=\"has-text-align-center\" data-align=\"center\">Ann\u00e9e 2020<\/th><\/tr><\/thead><tbody><tr><td class=\"has-text-align-center\" data-align=\"center\"><a rel=\"noreferrer noopener\" href=\"https:\/\/www.ifsi-clermont60.fr\/site\/Compte%20rendu%20SVE%2020-11-2020.pdf\" target=\"_blank\">SVE du 20 novembre 2020<\/a><\/td><\/tr><tr><td class=\"has-text-align-center\" data-align=\"center\"><a rel=\"noreferrer noopener\" href=\"https:\/\/www.ifsi-clermont60.fr\/site\/Compte%20rendu%20SVE%2013-02-2020.pdf\" target=\"_blank\">SVE du 13 f\u00e9vrier 2020<\/a><\/td><\/tr><\/tbody><\/table><\/figure>\n","protected":false},"excerpt":{"rendered":"<p>Section de vie \u00e9tudiante et \u00e9l\u00e8ve &nbsp; La Section de Vie \u00c9tudiante (SVE) et \u00c9l\u00e8ve est un lieu de concertation, de co-construction entre les \u00e9tudiants\/\u00e9l\u00e8ves et les professionnels de l&rsquo;Institut&hellip;<\/p>\n","protected":false},"author":2,"featured_media":0,"parent":0,"menu_order":0,"comment_status":"closed","ping_status":"closed","template":"","meta":{"footnotes":""},"class_list":["post-2143","page","type-page","status-publish","hentry"],"jetpack_sharing_enabled":true,"_links":{"self":[{"href":"https:\/\/www.ifsi-clermont60.fr\/site\/index.php\/wp-json\/wp\/v2\/pages\/2143","targetHints":{"allow":["GET"]}}],"collection":[{"href":"https:\/\/www.ifsi-clermont60.fr\/site\/index.php\/wp-json\/wp\/v2\/pages"}],"about":[{"href":"https:\/\/www.ifsi-clermont60.fr\/site\/index.php\/wp-json\/wp\/v2\/types\/page"}],"author":[{"embeddable":true,"href":"https:\/\/www.ifsi-clermont60.fr\/site\/index.php\/wp-json\/wp\/v2\/users\/2"}],"replies":[{"embeddable":true,"href":"https:\/\/www.ifsi-clermont60.fr\/site\/index.php\/wp-json\/wp\/v2\/comments?post=2143"}],"version-history":[{"count":29,"href":"https:\/\/www.ifsi-clermont60.fr\/site\/index.php\/wp-json\/wp\/v2\/pages\/2143\/revisions"}],"predecessor-version":[{"id":6445,"href":"https:\/\/www.ifsi-clermont60.fr\/site\/index.php\/wp-json\/wp\/v2\/pages\/2143\/revisions\/6445"}],"wp:attachment":[{"href":"https:\/\/www.ifsi-clermont60.fr\/site\/index.php\/wp-json\/wp\/v2\/media?parent=2143"}],"curies":[{"name":"wp","href":"https:\/\/api.w.org\/{rel}","templated":true}]}}