{"id":2128,"date":"2022-02-14T16:06:02","date_gmt":"2022-02-14T15:06:02","guid":{"rendered":"https:\/\/www.ifsi-clermont60.fr\/site\/?page_id=2128"},"modified":"2026-01-08T14:17:30","modified_gmt":"2026-01-08T13:17:30","slug":"logements","status":"publish","type":"page","link":"https:\/\/www.ifsi-clermont60.fr\/site\/index.php\/logements\/","title":{"rendered":"Logements"},"content":{"rendered":"\n<h1 class=\"wp-block-heading has-luminous-vivid-orange-color has-text-color has-medium-font-size\" id=\"46-logements-proposes-par-l-etablissement\"><strong> 22 Logements  \u00c9tudiants Propos\u00e9s par l&rsquo;\u00e9tablissement<\/strong> (FOYER)<\/h1>\n\n\n\n<div class=\"wp-block-jetpack-slideshow aligncenter\" data-effect=\"slide\"><div class=\"wp-block-jetpack-slideshow_container swiper\"><ul class=\"wp-block-jetpack-slideshow_swiper-wrapper swiper-wrapper\"><li class=\"wp-block-jetpack-slideshow_slide swiper-slide\"><figure><img fetchpriority=\"high\" decoding=\"async\" width=\"564\" height=\"229\" alt=\"\" class=\"wp-block-jetpack-slideshow_image wp-image-5113\" data-id=\"5113\" src=\"https:\/\/www.ifsi-clermont60.fr\/site\/wp-content\/uploads\/2025\/05\/image-1.png\" srcset=\"https:\/\/www.ifsi-clermont60.fr\/site\/wp-content\/uploads\/2025\/05\/image-1.png 564w, https:\/\/www.ifsi-clermont60.fr\/site\/wp-content\/uploads\/2025\/05\/image-1-300x122.png 300w\" sizes=\"(max-width: 564px) 100vw, 564px\" \/><\/figure><\/li><li class=\"wp-block-jetpack-slideshow_slide swiper-slide\"><figure><img decoding=\"async\" width=\"516\" height=\"233\" alt=\"\" class=\"wp-block-jetpack-slideshow_image wp-image-5116\" data-id=\"5116\" src=\"https:\/\/www.ifsi-clermont60.fr\/site\/wp-content\/uploads\/2025\/05\/image-4.png\" srcset=\"https:\/\/www.ifsi-clermont60.fr\/site\/wp-content\/uploads\/2025\/05\/image-4.png 516w, https:\/\/www.ifsi-clermont60.fr\/site\/wp-content\/uploads\/2025\/05\/image-4-300x135.png 300w\" sizes=\"(max-width: 516px) 100vw, 516px\" \/><\/figure><\/li><li class=\"wp-block-jetpack-slideshow_slide swiper-slide\"><figure><img decoding=\"async\" width=\"198\" height=\"123\" alt=\"\" class=\"wp-block-jetpack-slideshow_image wp-image-5767\" data-id=\"5767\" src=\"https:\/\/www.ifsi-clermont60.fr\/site\/wp-content\/uploads\/2025\/09\/FOYER-2.jpg\"\/><\/figure><\/li><li class=\"wp-block-jetpack-slideshow_slide swiper-slide\"><figure><img loading=\"lazy\" decoding=\"async\" width=\"190\" height=\"112\" alt=\"\" class=\"wp-block-jetpack-slideshow_image wp-image-5768\" data-id=\"5768\" src=\"https:\/\/www.ifsi-clermont60.fr\/site\/wp-content\/uploads\/2025\/09\/FOYER.jpg\"\/><\/figure><\/li><\/ul><a class=\"wp-block-jetpack-slideshow_button-prev swiper-button-prev swiper-button-white\" role=\"button\"><\/a><a class=\"wp-block-jetpack-slideshow_button-next swiper-button-next swiper-button-white\" role=\"button\"><\/a><a aria-label=\"Pause Slideshow\" class=\"wp-block-jetpack-slideshow_button-pause\" role=\"button\"><\/a><div class=\"wp-block-jetpack-slideshow_pagination swiper-pagination swiper-pagination-white\"><\/div><\/div><\/div>\n\n\n\n<div class=\"wp-block-columns is-layout-flex wp-container-core-columns-is-layout-9d6595d7 wp-block-columns-is-layout-flex\">\n<div class=\"wp-block-column is-layout-flow wp-block-column-is-layout-flow\">\n<div class=\"wp-block-buttons is-layout-flex wp-container-core-buttons-is-layout-6b4e3324 wp-block-buttons-is-layout-flex\">\n<div class=\"wp-block-button\"><a class=\"wp-block-button__link wp-element-button\" href=\"https:\/\/www.ifsi-clermont60.fr\/site\/wp-content\/uploads\/2026\/01\/PLAQUETTE-FOYER-2026.pdf\" target=\"_blank\" rel=\"noreferrer noopener\">Plaquette Foyer des \u00e9tudiants<\/a><\/div>\n<\/div>\n<\/div>\n\n\n\n<div class=\"wp-block-column is-layout-flow wp-block-column-is-layout-flow\">\n<div class=\"wp-block-buttons is-layout-flex wp-block-buttons-is-layout-flex\">\n<div class=\"wp-block-button\"><a class=\"wp-block-button__link wp-element-button\" href=\"https:\/\/www.ifsi-clermont60.fr\/site\/wp-content\/uploads\/2026\/01\/2026-_-Demande-hebergement.pdf\" target=\"_blank\" rel=\"noreferrer noopener\">Fiche demande d&rsquo;h\u00e9bergement<\/a><\/div>\n<\/div>\n<\/div>\n\n\n\n<div class=\"wp-block-column is-layout-flow wp-block-column-is-layout-flow\">\n<div class=\"wp-block-buttons is-layout-flex wp-block-buttons-is-layout-flex\">\n<div class=\"wp-block-button\"><a class=\"wp-block-button__link wp-element-button\" href=\"https:\/\/www.ifsi-clermont60.fr\/site\/wp-content\/uploads\/2022\/04\/Logigramme-procedure-etudiants.pdf\">Proc\u00e9dure demande de logement<\/a><\/div>\n<\/div>\n<\/div>\n<\/div>\n\n\n\n<p>Pour toutes demandes concernant le foyer, vous pouvez contacter le service patrimoine par mail :&nbsp;<a href=\"mailto:patrimoine-st-dal@chi-clermont.fr\">patrimoine-st-dal@chi-clermont.fr<\/a><\/p>\n\n\n\n<hr class=\"wp-block-separator has-text-color has-luminous-vivid-orange-color has-css-opacity has-luminous-vivid-orange-background-color has-background is-style-wide\"\/>\n\n\n\n<p class=\"has-text-align-left has-luminous-vivid-orange-color has-text-color has-medium-font-size\">Offres de logements suppl\u00e9mentaires<strong> hors \u00e9tablissement<\/strong><\/p>\n\n\n\n<figure class=\"wp-block-table is-style-stripes\" style=\"font-size:17px\"><table><thead><tr><th class=\"has-text-align-center\" data-align=\"center\">D\u00e9tails<\/th><th class=\"has-text-align-center\" data-align=\"center\">Lien de l&rsquo;annonce<\/th><\/tr><\/thead><tbody><tr><td class=\"has-text-align-center\" data-align=\"center\">LOGEMENTS ETUDIANTS EN R\u00c9SIDENCE SENIORS<br>R\u00e9sidence de CAUFFRY- Denise Huart<br>1 studio \u00e0 un loyer \u00e0 299\u20ac HC<br>logements T1Bis \u00e0 449\u20ac HC<br><strong>MAJ 26\/06\/2025<\/strong><\/td><td class=\"has-text-align-center\" data-align=\"center\"><a href=\"https:\/\/www.ifsi-clermont60.fr\/site\/wp-content\/uploads\/2025\/06\/Logement-etudiant-en-Residence.pdf\" target=\"_blank\" rel=\"noreferrer noopener\">Modalit\u00e9s ici<\/a><\/td><\/tr><\/tbody><\/table><\/figure>\n\n\n\n<hr class=\"wp-block-separator has-text-color has-luminous-vivid-orange-color has-css-opacity has-luminous-vivid-orange-background-color has-background is-style-wide\"\/>\n\n\n\n<p class=\"has-luminous-vivid-orange-color has-text-color has-medium-font-size\"><strong>Autres liens utiles li\u00e9s \u00e0 votre emm\u00e9nagement:<\/strong><\/p>\n\n\n\n<div class=\"alignnormal\"><div id=\"metaslider-id-5771\" style=\"max-width: 300px;\" class=\"ml-slider-3-108-0 metaslider metaslider-flex metaslider-5771 ml-slider has-dots-nav ms-theme-default-base\" role=\"region\" aria-label=\"Nouveau diaporama\" data-height=\"300\" data-width=\"300\">\n    <div id=\"metaslider_container_5771\">\n        <div id=\"metaslider_5771\">\n            <ul aria-live='off' class='slides'>\n                <li style=\"display: block; width: 100%;\" class=\"slide-5774 ms-image \" aria-roledescription=\"slide\" data-date=\"2025-09-23 15:42:06\" data-filename=\"ACTION-LOGEMENT-1.jpg\" data-slide-type=\"image\"><a href=\"https:\/\/www.actionlogement.fr\/l-aide-mobili-jeune\" target=\"_blank\" aria-label=\"Voir les d\u00e9tails de la diapositive\" class=\"metaslider_image_link\"><img loading=\"lazy\" decoding=\"async\" width=\"282\" height=\"129\" src=\"https:\/\/www.ifsi-clermont60.fr\/site\/wp-content\/uploads\/2025\/09\/ACTION-LOGEMENT-1.jpg\" class=\"slider-5771 slide-5774 msDefaultImage\" alt=\"\" rel=\"\" title=\"ACTION LOGEMENT\" \/><\/a><div class=\"caption-wrap\"><div class=\"caption\"><div>Aide Mobili-jeune<\/div><\/div><\/div><\/li>\n            <\/ul>\n        <\/div>\n        \n    <\/div>\n<\/div><\/div>\n","protected":false},"excerpt":{"rendered":"<p>22 Logements \u00c9tudiants Propos\u00e9s par l&rsquo;\u00e9tablissement (FOYER) Pour toutes demandes concernant le foyer, vous pouvez contacter le service patrimoine par mail :&nbsp;patrimoine-st-dal@chi-clermont.fr Offres de logements suppl\u00e9mentaires hors \u00e9tablissement D\u00e9tails Lien&hellip;<\/p>\n","protected":false},"author":2,"featured_media":0,"parent":0,"menu_order":0,"comment_status":"closed","ping_status":"closed","template":"","meta":{"footnotes":""},"class_list":["post-2128","page","type-page","status-publish","hentry"],"jetpack_sharing_enabled":true,"_links":{"self":[{"href":"https:\/\/www.ifsi-clermont60.fr\/site\/index.php\/wp-json\/wp\/v2\/pages\/2128","targetHints":{"allow":["GET"]}}],"collection":[{"href":"https:\/\/www.ifsi-clermont60.fr\/site\/index.php\/wp-json\/wp\/v2\/pages"}],"about":[{"href":"https:\/\/www.ifsi-clermont60.fr\/site\/index.php\/wp-json\/wp\/v2\/types\/page"}],"author":[{"embeddable":true,"href":"https:\/\/www.ifsi-clermont60.fr\/site\/index.php\/wp-json\/wp\/v2\/users\/2"}],"replies":[{"embeddable":true,"href":"https:\/\/www.ifsi-clermont60.fr\/site\/index.php\/wp-json\/wp\/v2\/comments?post=2128"}],"version-history":[{"count":62,"href":"https:\/\/www.ifsi-clermont60.fr\/site\/index.php\/wp-json\/wp\/v2\/pages\/2128\/revisions"}],"predecessor-version":[{"id":6316,"href":"https:\/\/www.ifsi-clermont60.fr\/site\/index.php\/wp-json\/wp\/v2\/pages\/2128\/revisions\/6316"}],"wp:attachment":[{"href":"https:\/\/www.ifsi-clermont60.fr\/site\/index.php\/wp-json\/wp\/v2\/media?parent=2128"}],"curies":[{"name":"wp","href":"https:\/\/api.w.org\/{rel}","templated":true}]}}