{"id":2064,"date":"2022-02-11T15:48:49","date_gmt":"2022-02-11T14:48:49","guid":{"rendered":"https:\/\/www.ifsi-clermont60.fr\/site\/?page_id=2064"},"modified":"2025-11-04T11:16:25","modified_gmt":"2025-11-04T10:16:25","slug":"stages-et-enseignement-clinique","status":"publish","type":"page","link":"https:\/\/www.ifsi-clermont60.fr\/site\/index.php\/stages-et-enseignement-clinique\/","title":{"rendered":"Stages et enseignement clinique IFSI"},"content":{"rendered":"\n<p>Pour les 3 ann\u00e9es universitaires de la formation en soins infirmiers, 60 semaines de stage, soit 2&nbsp;100 heures r\u00e9partis comme suit&nbsp;:<\/p>\n\n\n<div class=\"wp-block-image\">\n<figure data-wp-context=\"{&quot;imageId&quot;:&quot;69f3e4b3dd6a3&quot;}\" data-wp-interactive=\"core\/image\" data-wp-key=\"69f3e4b3dd6a3\" class=\"aligncenter size-full is-resized wp-lightbox-container\"><img fetchpriority=\"high\" decoding=\"async\" width=\"807\" height=\"154\" data-wp-class--hide=\"state.isContentHidden\" data-wp-class--show=\"state.isContentVisible\" data-wp-init=\"callbacks.setButtonStyles\" data-wp-on--click=\"actions.showLightbox\" data-wp-on--load=\"callbacks.setButtonStyles\" data-wp-on-window--resize=\"callbacks.setButtonStyles\" src=\"https:\/\/www.ifsi-clermont60.fr\/site\/wp-content\/uploads\/2025\/11\/image-3.png\" alt=\"\" class=\"wp-image-6183\" style=\"width:840px;height:auto\" srcset=\"https:\/\/www.ifsi-clermont60.fr\/site\/wp-content\/uploads\/2025\/11\/image-3.png 807w, https:\/\/www.ifsi-clermont60.fr\/site\/wp-content\/uploads\/2025\/11\/image-3-300x57.png 300w, https:\/\/www.ifsi-clermont60.fr\/site\/wp-content\/uploads\/2025\/11\/image-3-768x147.png 768w\" sizes=\"(max-width: 807px) 100vw, 807px\" \/><button\n\t\t\tclass=\"lightbox-trigger\"\n\t\t\ttype=\"button\"\n\t\t\taria-haspopup=\"dialog\"\n\t\t\taria-label=\"Agrandir\"\n\t\t\tdata-wp-init=\"callbacks.initTriggerButton\"\n\t\t\tdata-wp-on--click=\"actions.showLightbox\"\n\t\t\tdata-wp-style--right=\"state.imageButtonRight\"\n\t\t\tdata-wp-style--top=\"state.imageButtonTop\"\n\t\t>\n\t\t\t<svg xmlns=\"http:\/\/www.w3.org\/2000\/svg\" width=\"12\" height=\"12\" fill=\"none\" viewBox=\"0 0 12 12\">\n\t\t\t\t<path fill=\"#fff\" d=\"M2 0a2 2 0 0 0-2 2v2h1.5V2a.5.5 0 0 1 .5-.5h2V0H2Zm2 10.5H2a.5.5 0 0 1-.5-.5V8H0v2a2 2 0 0 0 2 2h2v-1.5ZM8 12v-1.5h2a.5.5 0 0 0 .5-.5V8H12v2a2 2 0 0 1-2 2H8Zm2-12a2 2 0 0 1 2 2v2h-1.5V2a.5.5 0 0 0-.5-.5H8V0h2Z\" \/>\n\t\t\t<\/svg>\n\t\t<\/button><\/figure>\n<\/div>\n\n\n<figure class=\"wp-block-table\"><table class=\"has-fixed-layout\"><thead><tr><th>Les quatre types de stages en soins infirmiers<\/th><\/tr><\/thead><tbody><tr><td><strong>Stages \u00ab&nbsp;Soins de courte dur\u00e9e&nbsp;\u00bb :<\/strong>&nbsp;l\u2019\u00e9tudiant s\u2019adresse \u00e0 des personnes atteintes de pathologies et hospitalis\u00e9es dans des \u00e9tablissements publics ou priv\u00e9s.<\/td><\/tr><tr><td><strong>Stages \u00ab&nbsp;Soins en sant\u00e9 mentale et en psychiatrie&nbsp;\u00bb :<\/strong>&nbsp;l\u2019\u00e9tudiant s\u2019adresse \u00e0 des personnes hospitalis\u00e9es ou non, suivies pour des probl\u00e8mes de sant\u00e9 mentale ou de psychiatrie.&nbsp;<\/td><\/tr><tr><td><strong>Stages \u00ab&nbsp;Soins de longue dur\u00e9e et soins de suite et de r\u00e9adaptation&nbsp;\u00bb :<\/strong>&nbsp;l\u2019\u00e9tudiant s\u2019adresse \u00e0 des personnes qui requi\u00e8rent des soins continus dans le cadre d\u2019un traitement ou d\u2019une surveillance m\u00e9dicale, en \u00e9tablissement dans un but de r\u00e9insertion, ou une surveillance constante et des soins en h\u00e9bergement.<\/td><\/tr><tr><td><strong>Stages \u00ab&nbsp; Soins individuels ou collectifs sur des lieux de vie&nbsp;\u00bb :<\/strong>&nbsp;l\u2019\u00e9tudiant s\u2019adresse \u00e0 des personnes ou des groupes qui se trouvent dans des lieux de vie (domicile, travail, \u00e9cole,\u2026).&nbsp;<\/td><\/tr><\/tbody><\/table><\/figure>\n\n\n\n<details class=\"wp-block-details is-layout-flow wp-block-details-is-layout-flow\"><summary><strong>Les objectifs de stage sont:<\/strong> (Lire la suite)<\/summary>\n<ul class=\"wp-block-list\">\n<li>de confronter ses id\u00e9es, ses opinions et ses mani\u00e8res de faire \u00e0 celle de professionnels et d\u2019autres \u00e9tudiants<\/li>\n\n\n\n<li>d&rsquo;acqu\u00e9rir des connaissances,<\/li>\n\n\n\n<li>d\u2019acqu\u00e9rir une posture r\u00e9flexive, en questionnant la pratique avec l\u2019aide des professionnels,<\/li>\n\n\n\n<li>d\u2019exercer son jugement et ses habilet\u00e9s gestuelles,<\/li>\n\n\n\n<li>de centrer son \u00e9coute sur la personne soign\u00e9e et proposer des soins de qualit\u00e9,<\/li>\n\n\n\n<li>de prendre progressivement des initiatives et des responsabilit\u00e9s,<\/li>\n\n\n\n<li>de reconna\u00eetre ses \u00e9motions et les utiliser avec la distance professionnelle qui s\u2019impose<\/li>\n\n\n\n<li>de prendre la distance n\u00e9cessaire et de canaliser ses \u00e9motions et ses inqui\u00e9tudes,<\/li>\n\n\n\n<li>de mesurer ses acquisitions dans chacune des comp\u00e9tences,<\/li>\n<\/ul>\n<\/details>\n\n\n\n<details class=\"wp-block-details is-layout-flow wp-block-details-is-layout-flow\"><summary><strong>\u00c9valuation des comp\u00e9tences en stage:<\/strong> (Lire la suite)<\/summary>\n<p><strong>Le portfolio de l\u2019\u00e9tudiant<\/strong>&nbsp;est un outil qui sert \u00e0 mesurer la progression de l\u2019\u00e9tudiant en stage. Il comporte plusieurs parties remplies lors de chaque stage: <\/p>\n\n\n\n<ul class=\"wp-block-list\">\n<li>des \u00e9l\u00e9ments sur le cursus de formation de l\u2019\u00e9tudiant<\/li>\n\n\n\n<li>des \u00e9l\u00e9ments d\u2019analyse de la pratique de l\u2019\u00e9tudiant \u00e0 partir des activit\u00e9s r\u00e9alis\u00e9es en stage<\/li>\n\n\n\n<li>des \u00e9l\u00e9ments d\u2019acquisition des comp\u00e9tences au regard des crit\u00e8res attendus qui sont remplis par le tuteur r\u00e9dig\u00e9s en concertation avec l\u2019\u00e9quipe d\u2019encadrement, lors de l\u2019entretien d\u2019\u00e9valuation du stage<\/li>\n\n\n\n<li>des \u00e9l\u00e9ments sur lesquels l\u2019\u00e9tudiant doit progresser,<\/li>\n\n\n\n<li>des \u00e9l\u00e9ments sur la r\u00e9alisation des actes, des activit\u00e9s ou des techniques de soins, \u00e0 remplir par le tuteur, en concertation avec l\u2019\u00e9quipe d\u2019encadrement et l\u2019\u00e9tudiant<\/li>\n\n\n\n<li>un bilan, r\u00e9alis\u00e9 par le tuteur, de la progression de l\u2019\u00e9tudiant lors de chacun des stages.<\/li>\n<\/ul>\n<\/details>\n\n\n\n<details class=\"wp-block-details is-layout-flow wp-block-details-is-layout-flow\"><summary><strong>Indemnit\u00e9s de stage:<\/strong> (Lire la suite)<\/summary>\n<p><strong>Une indemnit\u00e9 de stage est vers\u00e9e aux \u00e9tudiants<\/strong>&nbsp;fix\u00e9e sur la base d&rsquo;une dur\u00e9e de stage de 35 heures&nbsp;:<\/p>\n\n\n\n<ul class=\"wp-block-list\">\n<li>36 euros hebdomadaire en premi\u00e8re ann\u00e9e ;<\/li>\n\n\n\n<li>46 euros hebdomadaire en deuxi\u00e8me ann\u00e9e ;<\/li>\n\n\n\n<li>60 euros hebdomadaire en troisi\u00e8me ann\u00e9e.<\/li>\n<\/ul>\n\n\n\n<p>Tout stage, prescrit par l\u2019Institut de formation, effectu\u00e9 dans le cadre du cursus de formation (stages intervenant durant la formation initiale, en session de rattrapage ou \u00e0 titre compl\u00e9mentaire), ouvre droit \u00e0 une indemnit\u00e9 de stage, sur la base d\u2019une dur\u00e9e maximale de 35h par semaine et dans la limite des heures effectivement r\u00e9alis\u00e9es.<br>Les absences, m\u00eame justifi\u00e9es, ne sont pas \u00e9ligibles. Les modalit\u00e9s de versement des indemnit\u00e9s de stages apparaissent dans le Guide r\u00e8glement int\u00e9rieur de l&rsquo;institut de formation.<br>Les frais de transport des \u00e9tudiants en soins infirmiers, pour se rendre sur les lieux de stage, sont <strong>pris en charge<\/strong> <strong>selon les modalit\u00e9s du r\u00e8glement harmonis\u00e9<\/strong> sur les indemnit\u00e9s de stage et des frais de transport (voir ci dessous).<\/p>\n\n\n\n<div class=\"wp-block-buttons is-content-justification-center is-layout-flex wp-container-core-buttons-is-layout-16018d1d wp-block-buttons-is-layout-flex\">\n<div class=\"wp-block-button is-style-outline is-style-outline--1\"><a class=\"wp-block-button__link wp-element-button\" href=\"https:\/\/www.ifsi-clermont60.fr\/site\/wp-content\/uploads\/2023\/01\/Reglement-harmonise-2022.pdf\" style=\"border-radius:0px\" target=\"_blank\" rel=\"noreferrer noopener\">R\u00e8glement harmonis\u00e9 sur les indemnit\u00e9s de stages et des frais de transport<\/a><\/div>\n<\/div>\n<\/details>\n","protected":false},"excerpt":{"rendered":"<p>Pour les 3 ann\u00e9es universitaires de la formation en soins infirmiers, 60 semaines de stage, soit 2&nbsp;100 heures r\u00e9partis comme suit&nbsp;: Les quatre types de stages en soins infirmiers Stages&hellip;<\/p>\n","protected":false},"author":2,"featured_media":0,"parent":0,"menu_order":0,"comment_status":"closed","ping_status":"closed","template":"","meta":{"footnotes":""},"class_list":["post-2064","page","type-page","status-publish","hentry"],"jetpack_sharing_enabled":true,"_links":{"self":[{"href":"https:\/\/www.ifsi-clermont60.fr\/site\/index.php\/wp-json\/wp\/v2\/pages\/2064","targetHints":{"allow":["GET"]}}],"collection":[{"href":"https:\/\/www.ifsi-clermont60.fr\/site\/index.php\/wp-json\/wp\/v2\/pages"}],"about":[{"href":"https:\/\/www.ifsi-clermont60.fr\/site\/index.php\/wp-json\/wp\/v2\/types\/page"}],"author":[{"embeddable":true,"href":"https:\/\/www.ifsi-clermont60.fr\/site\/index.php\/wp-json\/wp\/v2\/users\/2"}],"replies":[{"embeddable":true,"href":"https:\/\/www.ifsi-clermont60.fr\/site\/index.php\/wp-json\/wp\/v2\/comments?post=2064"}],"version-history":[{"count":28,"href":"https:\/\/www.ifsi-clermont60.fr\/site\/index.php\/wp-json\/wp\/v2\/pages\/2064\/revisions"}],"predecessor-version":[{"id":6185,"href":"https:\/\/www.ifsi-clermont60.fr\/site\/index.php\/wp-json\/wp\/v2\/pages\/2064\/revisions\/6185"}],"wp:attachment":[{"href":"https:\/\/www.ifsi-clermont60.fr\/site\/index.php\/wp-json\/wp\/v2\/media?parent=2064"}],"curies":[{"name":"wp","href":"https:\/\/api.w.org\/{rel}","templated":true}]}}