{"id":2057,"date":"2022-02-11T15:33:43","date_gmt":"2022-02-11T14:33:43","guid":{"rendered":"https:\/\/www.ifsi-clermont60.fr\/site\/?page_id=2057"},"modified":"2026-02-09T16:24:57","modified_gmt":"2026-02-09T15:24:57","slug":"inscriptions-et-modalites-de-selection-pour-admission","status":"publish","type":"page","link":"https:\/\/www.ifsi-clermont60.fr\/site\/index.php\/inscriptions-et-modalites-de-selection-pour-admission\/","title":{"rendered":"Inscriptions et s\u00e9lection IFSI"},"content":{"rendered":"\n<p>DEUX POSSIBILIT\u00c9S: <\/p>\n\n\n\n<figure class=\"wp-block-embed is-type-wp-embed is-provider-bienvenue-sur-le-site-internet-de-l-039-ifsi-ifas-de-clermont-de-l-039-oise wp-block-embed-bienvenue-sur-le-site-internet-de-l-039-ifsi-ifas-de-clermont-de-l-039-oise\"><div class=\"wp-block-embed__wrapper\">\n<blockquote class=\"wp-embedded-content\" data-secret=\"KcqA7bySf7\"><a href=\"https:\/\/www.ifsi-clermont60.fr\/site\/index.php\/parcoursup\/\">Via PARCOURSUP<\/a><\/blockquote><iframe class=\"wp-embedded-content\" sandbox=\"allow-scripts\" security=\"restricted\" style=\"position: absolute; visibility: hidden;\" title=\"\u00ab\u00a0Via PARCOURSUP\u00a0\u00bb &#8212; Bienvenue sur le site internet de l&#039;IFSI\/IFAS de Clermont de l&#039;Oise\" src=\"https:\/\/www.ifsi-clermont60.fr\/site\/index.php\/parcoursup\/embed\/#?secret=IGZ6bJMjvn#?secret=KcqA7bySf7\" data-secret=\"KcqA7bySf7\" width=\"500\" height=\"282\" frameborder=\"0\" marginwidth=\"0\" marginheight=\"0\" scrolling=\"no\"><\/iframe>\n<\/div><\/figure>\n\n\n\n<figure class=\"wp-block-embed is-type-wp-embed is-provider-bienvenue-sur-le-site-internet-de-l-039-ifsi-ifas-de-clermont-de-l-039-oise wp-block-embed-bienvenue-sur-le-site-internet-de-l-039-ifsi-ifas-de-clermont-de-l-039-oise\"><div class=\"wp-block-embed__wrapper\">\n<blockquote class=\"wp-embedded-content\" data-secret=\"N4i5krAEal\"><a href=\"https:\/\/www.ifsi-clermont60.fr\/site\/index.php\/selection-formation-professionnelle-continue-fpc\/\">Via S\u00e9lection &amp; Formation Professionnelle Continue (FPC)<\/a><\/blockquote><iframe class=\"wp-embedded-content\" sandbox=\"allow-scripts\" security=\"restricted\" style=\"position: absolute; visibility: hidden;\" title=\"\u00ab\u00a0Via S\u00e9lection &amp; Formation Professionnelle Continue (FPC)\u00a0\u00bb &#8212; Bienvenue sur le site internet de l&#039;IFSI\/IFAS de Clermont de l&#039;Oise\" src=\"https:\/\/www.ifsi-clermont60.fr\/site\/index.php\/selection-formation-professionnelle-continue-fpc\/embed\/#?secret=LlGL7g9mVm#?secret=N4i5krAEal\" data-secret=\"N4i5krAEal\" width=\"500\" height=\"282\" frameborder=\"0\" marginwidth=\"0\" marginheight=\"0\" scrolling=\"no\"><\/iframe>\n<\/div><\/figure>\n\n\n\n<figure class=\"wp-block-embed is-type-wp-embed is-provider-bienvenue-sur-le-site-internet-de-l-039-ifsi-ifas-de-clermont-de-l-039-oise wp-block-embed-bienvenue-sur-le-site-internet-de-l-039-ifsi-ifas-de-clermont-de-l-039-oise\"><div class=\"wp-block-embed__wrapper\">\n<blockquote class=\"wp-embedded-content\" data-secret=\"M80jQb5R34\"><a href=\"https:\/\/www.ifsi-clermont60.fr\/site\/index.php\/experimentation-pass\/\">Via le PASS (pour une entr\u00e9e en L2)<\/a><\/blockquote><iframe class=\"wp-embedded-content\" sandbox=\"allow-scripts\" security=\"restricted\" style=\"position: absolute; visibility: hidden;\" title=\"\u00ab\u00a0Via le PASS (pour une entr\u00e9e en L2)\u00a0\u00bb &#8212; Bienvenue sur le site internet de l&#039;IFSI\/IFAS de Clermont de l&#039;Oise\" src=\"https:\/\/www.ifsi-clermont60.fr\/site\/index.php\/experimentation-pass\/embed\/#?secret=RbD636VB6c#?secret=M80jQb5R34\" data-secret=\"M80jQb5R34\" width=\"500\" height=\"282\" frameborder=\"0\" marginwidth=\"0\" marginheight=\"0\" scrolling=\"no\"><\/iframe>\n<\/div><\/figure>\n\n\n\n<figure class=\"wp-block-embed is-type-wp-embed is-provider-bienvenue-sur-le-site-internet-de-l-039-ifsi-ifas-de-clermont-de-l-039-oise wp-block-embed-bienvenue-sur-le-site-internet-de-l-039-ifsi-ifas-de-clermont-de-l-039-oise\"><div class=\"wp-block-embed__wrapper\">\n<blockquote class=\"wp-embedded-content\" data-secret=\"FlcH5T8vH1\"><a href=\"https:\/\/www.ifsi-clermont60.fr\/site\/index.php\/via-la-passerelle-aide-soignant-2eme-annee\/\">Via Formation: Parcours sp\u00e9cifique pour Aides-soignants exp\u00e9riment\u00e9s souhaitant int\u00e9grer la L2 de la formation en soins infirmiers<\/a><\/blockquote><iframe class=\"wp-embedded-content\" sandbox=\"allow-scripts\" security=\"restricted\" style=\"position: absolute; visibility: hidden;\" title=\"\u00ab\u00a0Via Formation: Parcours sp\u00e9cifique pour Aides-soignants exp\u00e9riment\u00e9s souhaitant int\u00e9grer la L2 de la formation en soins infirmiers\u00a0\u00bb &#8212; Bienvenue sur le site internet de l&#039;IFSI\/IFAS de Clermont de l&#039;Oise\" src=\"https:\/\/www.ifsi-clermont60.fr\/site\/index.php\/via-la-passerelle-aide-soignant-2eme-annee\/embed\/#?secret=PAmbUkR5Tx#?secret=FlcH5T8vH1\" data-secret=\"FlcH5T8vH1\" width=\"500\" height=\"282\" frameborder=\"0\" marginwidth=\"0\" marginheight=\"0\" scrolling=\"no\"><\/iframe>\n<\/div><\/figure>\n","protected":false},"excerpt":{"rendered":"<p>DEUX POSSIBILIT\u00c9S:<\/p>\n","protected":false},"author":2,"featured_media":0,"parent":0,"menu_order":0,"comment_status":"closed","ping_status":"closed","template":"","meta":{"footnotes":""},"class_list":["post-2057","page","type-page","status-publish","hentry"],"jetpack_sharing_enabled":true,"_links":{"self":[{"href":"https:\/\/www.ifsi-clermont60.fr\/site\/index.php\/wp-json\/wp\/v2\/pages\/2057","targetHints":{"allow":["GET"]}}],"collection":[{"href":"https:\/\/www.ifsi-clermont60.fr\/site\/index.php\/wp-json\/wp\/v2\/pages"}],"about":[{"href":"https:\/\/www.ifsi-clermont60.fr\/site\/index.php\/wp-json\/wp\/v2\/types\/page"}],"author":[{"embeddable":true,"href":"https:\/\/www.ifsi-clermont60.fr\/site\/index.php\/wp-json\/wp\/v2\/users\/2"}],"replies":[{"embeddable":true,"href":"https:\/\/www.ifsi-clermont60.fr\/site\/index.php\/wp-json\/wp\/v2\/comments?post=2057"}],"version-history":[{"count":95,"href":"https:\/\/www.ifsi-clermont60.fr\/site\/index.php\/wp-json\/wp\/v2\/pages\/2057\/revisions"}],"predecessor-version":[{"id":6461,"href":"https:\/\/www.ifsi-clermont60.fr\/site\/index.php\/wp-json\/wp\/v2\/pages\/2057\/revisions\/6461"}],"wp:attachment":[{"href":"https:\/\/www.ifsi-clermont60.fr\/site\/index.php\/wp-json\/wp\/v2\/media?parent=2057"}],"curies":[{"name":"wp","href":"https:\/\/api.w.org\/{rel}","templated":true}]}}