{"id":152,"date":"2017-08-28T09:37:52","date_gmt":"2017-08-28T07:37:52","guid":{"rendered":"http:\/\/ifsiclervf.cluster020.hosting.ovh.net\/site\/?page_id=152"},"modified":"2025-10-24T12:46:30","modified_gmt":"2025-10-24T10:46:30","slug":"demarche-qualite-certification","status":"publish","type":"page","link":"https:\/\/www.ifsi-clermont60.fr\/site\/index.php\/demarche-qualite-certification\/","title":{"rendered":"D\u00e9marche qualit\u00e9 &amp; Certification Qualiopi"},"content":{"rendered":"\n<div class=\"wp-block-columns are-vertically-aligned-center is-layout-flex wp-container-core-columns-is-layout-9d6595d7 wp-block-columns-is-layout-flex\">\n<div class=\"wp-block-column is-vertically-aligned-center is-layout-flow wp-block-column-is-layout-flow\">\n<p class=\"has-text-align-center\">Engag\u00e9 dans une d\u00e9marche\u00a0continue de l\u2019am\u00e9lioration de la qualit\u00e9\u00a0et la gestion des risques de l\u2019offre de formation, l\u2019IFSI\/IFAS\u00a0<strong>est reconnu<\/strong>\u00a0et\u00a0<strong>certifi\u00e9<\/strong> QUALIOPI*<\/p>\n<\/div>\n\n\n\n<div class=\"wp-block-column is-vertically-aligned-center is-layout-flow wp-block-column-is-layout-flow\"><div class=\"wp-block-image\">\n<figure class=\"aligncenter size-full is-resized\"><img fetchpriority=\"high\" decoding=\"async\" width=\"295\" height=\"233\" src=\"https:\/\/www.ifsi-clermont60.fr\/site\/wp-content\/uploads\/2022\/02\/Capture.jpg\" alt=\"\" class=\"wp-image-1930\" style=\"width:195px;height:auto\"\/><figcaption class=\"wp-element-caption\"><strong><a href=\"https:\/\/travail-emploi.gouv.fr\/qualiopi-marque-de-certification-qualite-des-prestataires-de-formation\" target=\"_blank\" rel=\"noreferrer noopener\">Cliquez ici pour en savoir plus sur la certification QUALIOPI<\/a><\/strong><\/figcaption><\/figure>\n<\/div><\/div>\n<\/div>\n\n\n\n<p class=\"has-small-font-size\"><em>*Qualiopi atteste de la qualit\u00e9 du processus mis en \u0153uvre par les prestataires d\u2019actions concourant au d\u00e9veloppement des comp\u00e9tences (PAC) qui souhaitent acc\u00e9der \u00e0 des fonds publics ou mutualis\u00e9s<\/em><\/p>\n\n\n\n<figure class=\"wp-block-embed is-type-video is-provider-youtube wp-block-embed-youtube wp-embed-aspect-16-9 wp-has-aspect-ratio\"><div class=\"wp-block-embed__wrapper\">\n<iframe title=\"Qualiopi : la certification unique qualit\u00e9\" width=\"500\" height=\"281\" src=\"https:\/\/www.youtube.com\/embed\/fuHydG-iMUs?list=PLzy_rfBSJYOqkYZhhTZqSWoNQcYucMSzG\" frameborder=\"0\" allow=\"accelerometer; autoplay; clipboard-write; encrypted-media; gyroscope; picture-in-picture; web-share\" referrerpolicy=\"strict-origin-when-cross-origin\" allowfullscreen><\/iframe>\n<\/div><\/figure>\n\n\n\n<p class=\"has-drop-cap has-normal-font-size\"><em>Centr\u00e9e sur ses clients \u00e9tudiants et \u00e9l\u00e8ves, cette d\u00e9marche a pour but de s\u00e9curiser le parcours des&nbsp; formations, en assurant pour tous et dans tous les domaines p\u00e9dagogique, administratif et logistique, une \u00e9quit\u00e9 de prise en charge et d\u2019accompagnement.<\/em> <br>Elle tend \u00e0 harmoniser les pratiques de toute nature&nbsp; entre l\u2019IFSI et l\u2019IFAS afin de faciliter les organisations et les rendre claires et transparentes pour tous.<\/p>\n\n\n<p><strong>Cette d\u00e9marche d\u2019am\u00e9lioration continue a \u00e9t\u00e9 reconnue par l\u2019AFNOR en juin 2020 avec des audits de suivi en Mars 2022 et Juin 2024 qui confirment la certification jusqu&rsquo;en 2027.<\/strong><\/p>\n\n<div class=\"wp-block-image\">\n<figure class=\"aligncenter size-full is-resized\"><img decoding=\"async\" width=\"549\" height=\"807\" src=\"https:\/\/www.ifsi-clermont60.fr\/site\/wp-content\/uploads\/2025\/09\/image-7.png\" alt=\"\" class=\"wp-image-5623\" style=\"width:258px;height:auto\" srcset=\"https:\/\/www.ifsi-clermont60.fr\/site\/wp-content\/uploads\/2025\/09\/image-7.png 549w, https:\/\/www.ifsi-clermont60.fr\/site\/wp-content\/uploads\/2025\/09\/image-7-204x300.png 204w\" sizes=\"(max-width: 549px) 100vw, 549px\" \/><figcaption class=\"wp-element-caption\"><em>Pour visualiser le certificat en vigueur<a href=\"https:\/\/www.ifsi-clermont60.fr\/site\/wp-content\/uploads\/2025\/04\/Certificat-qualiopi-avril-2025-1.pdf\">,<\/a><\/em><strong><a href=\"https:\/\/www.ifsi-clermont60.fr\/site\/wp-content\/uploads\/2025\/04\/Certificat-qualiopi-avril-2025-1.pdf\">\u00a0cliquer ici<\/a><\/strong><\/figcaption><\/figure>\n<\/div>\n\n\n<figure class=\"wp-block-table is-style-stripes\"><table class=\"has-fixed-layout\"><tbody><tr><td><strong>La qualit\u00e9 c&rsquo;est l&rsquo;affaire de tous !<\/strong><br><br>Elle repose sur la participation effective&nbsp;:<br>\u25ba De tous les membres de l\u2019\u00e9quipe de l\u2019Institut de formation<br>\u25ba Sur les retours des \u00e9tudiants (questionnaires de satisfaction, section de vie \u00e9tudiante et \u00e9l\u00e8ve),<br>\u25ba Sur le remplissage des fiches de suggestion, de fiches \u00e9v\u00e9nements ind\u00e9sirables (FEI) en ligne, des \u00e9tudiants et des membres de l\u2019\u00e9quipe car un probl\u00e8me non connu ne peut \u00eatre trait\u00e9!<br><br>Ainsi apr\u00e8s avoir formalis\u00e9 les proc\u00e9dures et modes op\u00e9ratoires, nous nous sommes engag\u00e9s dans le Processus Am\u00e9lioration de notre d\u00e9marche.<br><br>La gestion des risques:<br>\u25ba A posteriori&nbsp;: d\u00e9claration \u00e9v\u00e9nements ind\u00e9sirables par tous (professionnels et \u00e9tudiants)<br>\u25ba Gestion des risques a priori&nbsp;: cr\u00e9ation d\u2019une cartographie des risques de tous les processus.<\/td><\/tr><\/tbody><\/table><\/figure>\n\n\n\n<hr class=\"wp-block-separator has-css-opacity\"\/>\n\n\n<div class=\"wp-block-image is-resized\">\n<figure class=\"aligncenter size-full\"><img decoding=\"async\" width=\"338\" height=\"221\" src=\"https:\/\/www.ifsi-clermont60.fr\/site\/wp-content\/uploads\/2022\/01\/Capture-6.jpg\" alt=\"\" class=\"wp-image-1860\" srcset=\"https:\/\/www.ifsi-clermont60.fr\/site\/wp-content\/uploads\/2022\/01\/Capture-6.jpg 338w, https:\/\/www.ifsi-clermont60.fr\/site\/wp-content\/uploads\/2022\/01\/Capture-6-300x196.jpg 300w\" sizes=\"(max-width: 338px) 100vw, 338px\" \/><figcaption class=\"wp-element-caption\">Nous avons besoin de vous; \u00e9tudiants\/\u00e9l\u00e8ves; pour effectuer des fiches de suggestions ou d\u00e9clarer des \u00e9v\u00e9nements ind\u00e9sirables sur les fiches mises \u00e0 disposition, car <strong>un probl\u00e8me non connu ne peut \u00eatre trait\u00e9<\/strong>.<br><br>Ainsi vous participez \u00e0 l&rsquo;am\u00e9lioration du dispositif de formation pour vous et pour les futurs les \u00e9tudiants\/\u00e9l\u00e8ves.<\/figcaption><\/figure>\n<\/div>","protected":false},"excerpt":{"rendered":"<p>Engag\u00e9 dans une d\u00e9marche\u00a0continue de l\u2019am\u00e9lioration de la qualit\u00e9\u00a0et la gestion des risques de l\u2019offre de formation, l\u2019IFSI\/IFAS\u00a0est reconnu\u00a0et\u00a0certifi\u00e9 QUALIOPI* *Qualiopi atteste de la qualit\u00e9 du processus mis en \u0153uvre&hellip;<\/p>\n","protected":false},"author":1,"featured_media":0,"parent":0,"menu_order":0,"comment_status":"closed","ping_status":"closed","template":"","meta":{"footnotes":""},"class_list":["post-152","page","type-page","status-publish","hentry"],"jetpack_sharing_enabled":true,"_links":{"self":[{"href":"https:\/\/www.ifsi-clermont60.fr\/site\/index.php\/wp-json\/wp\/v2\/pages\/152","targetHints":{"allow":["GET"]}}],"collection":[{"href":"https:\/\/www.ifsi-clermont60.fr\/site\/index.php\/wp-json\/wp\/v2\/pages"}],"about":[{"href":"https:\/\/www.ifsi-clermont60.fr\/site\/index.php\/wp-json\/wp\/v2\/types\/page"}],"author":[{"embeddable":true,"href":"https:\/\/www.ifsi-clermont60.fr\/site\/index.php\/wp-json\/wp\/v2\/users\/1"}],"replies":[{"embeddable":true,"href":"https:\/\/www.ifsi-clermont60.fr\/site\/index.php\/wp-json\/wp\/v2\/comments?post=152"}],"version-history":[{"count":32,"href":"https:\/\/www.ifsi-clermont60.fr\/site\/index.php\/wp-json\/wp\/v2\/pages\/152\/revisions"}],"predecessor-version":[{"id":5917,"href":"https:\/\/www.ifsi-clermont60.fr\/site\/index.php\/wp-json\/wp\/v2\/pages\/152\/revisions\/5917"}],"wp:attachment":[{"href":"https:\/\/www.ifsi-clermont60.fr\/site\/index.php\/wp-json\/wp\/v2\/media?parent=152"}],"curies":[{"name":"wp","href":"https:\/\/api.w.org\/{rel}","templated":true}]}}