{"id":128,"date":"2017-08-23T15:01:00","date_gmt":"2017-08-23T13:01:00","guid":{"rendered":"http:\/\/ifsiclervf.cluster020.hosting.ovh.net\/site\/?page_id=128"},"modified":"2025-10-29T13:24:07","modified_gmt":"2025-10-29T12:24:07","slug":"formation-continue","status":"publish","type":"page","link":"https:\/\/www.ifsi-clermont60.fr\/site\/index.php\/formation-continue\/","title":{"rendered":"La Formation Continue (FC)"},"content":{"rendered":"\n<figure class=\"wp-block-table is-style-stripes\"><table><thead><tr><th>Les actions de formation que nous proposons \u00e0 l\u2019Institut Lucien Floury :<\/th><\/tr><\/thead><tbody><tr><td>\u25ba Visent le d\u00e9veloppement des comp\u00e9tences pour:<br>&#8211; Accompagner les \u00e9tudiants \/\u00e9l\u00e8ves<br>&#8211; Prendre soin des personnes, en \u00e9quipe pluriprofessionnelle au sein d\u2019une structure ou dans un r\u00e9seau.<\/td><\/tr><tr><td>\u25ba Sont \u00e9labor\u00e9es \u00e0 partir des attentes des usagers, de l\u2019\u00e9volution de l\u2019offre de soin, des textes r\u00e8glementaires des professions, du contexte sanitaire, social, \u00e9conomique et politique.<\/td><\/tr><tr><td>\u25baToutes nos formations continues sont accessibles aux personnes en situation de handicap. Tous documents peuvent \u00eatre adapt\u00e9s sur demande.<\/td><\/tr><\/tbody><\/table><\/figure>\n\n\n\n<p class=\"has-text-align-center has-small-font-size\">Nous r\u00e9pondons \u00e9galement \u00e0 vos besoins sp\u00e9cifiques en analysant votre demande, afin d\u2019\u00e9laborer un cahier des charges et pour un projet de formation personnalis\u00e9.<\/p>\n\n\n\n<div class=\"wp-block-columns is-layout-flex wp-container-core-columns-is-layout-9d6595d7 wp-block-columns-is-layout-flex\">\n<div class=\"wp-block-column is-layout-flow wp-block-column-is-layout-flow\">\n<div class=\"wp-block-cover\"><img decoding=\"async\" class=\"wp-block-cover__image-background\" alt=\"\" src=\"https:\/\/www.ifsi-clermont60.fr\/site\/man-3653346_1280.jpg\" data-object-fit=\"cover\"\/><span aria-hidden=\"true\" class=\"wp-block-cover__background has-background-dim\"><\/span><div class=\"wp-block-cover__inner-container is-layout-flow wp-block-cover-is-layout-flow\">\n<p class=\"has-text-align-center has-medium-font-size\">Pr\u00e9parer aux \u00e9preuves de s\u00e9lection<\/p>\n\n\n\n<p class=\"has-white-color has-text-color has-link-color wp-elements-eb4224c52af3c2171d4d5071349102d3\"><a href=\"https:\/\/www.ifsi-clermont60.fr\/site\/Catalogue%20des%20actions%20de%20formation%20continue%202025-2026%20%C3%A0%20l'IF_page-0011.jpg\" target=\"_blank\" rel=\"noreferrer noopener\">Cliquez ici<\/a><\/p>\n<\/div><\/div>\n<\/div>\n\n\n\n<div class=\"wp-block-column is-layout-flow wp-block-column-is-layout-flow\">\n<div class=\"wp-block-cover\"><img decoding=\"async\" class=\"wp-block-cover__image-background\" alt=\"\" src=\"https:\/\/www.ifsi-clermont60.fr\/site\/hospital-6827347_1280.png\" data-object-fit=\"cover\"\/><span aria-hidden=\"true\" class=\"wp-block-cover__background has-background-dim\"><\/span><div class=\"wp-block-cover__inner-container is-layout-flow wp-block-cover-is-layout-flow\">\n<p class=\"has-text-align-center has-medium-font-size\">Optimiser la prise en soins des patients et\/ou r\u00e9sidents<\/p>\n\n\n\n<p class=\"has-white-color has-text-color has-link-color wp-elements-bfc50d202430e88b804e42914403a64d\"><a href=\"https:\/\/www.ifsi-clermont60.fr\/site\/index.php\/optimiser-la-prise-en-soins-des-patients-et-ou-residents\/\">Cliquez ici<\/a><\/p>\n<\/div><\/div>\n<\/div>\n\n\n\n<div class=\"wp-block-column is-layout-flow wp-block-column-is-layout-flow\">\n<div class=\"wp-block-cover\"><img decoding=\"async\" class=\"wp-block-cover__image-background\" alt=\"\" src=\"https:\/\/www.ifsi-clermont60.fr\/site\/hospital-6700680_1280.png\" data-object-fit=\"cover\"\/><span aria-hidden=\"true\" class=\"wp-block-cover__background has-background-dim\"><\/span><div class=\"wp-block-cover__inner-container is-layout-flow wp-block-cover-is-layout-flow\">\n<p class=\"has-text-align-center has-medium-font-size\">Am\u00e9liorer l&rsquo;encadrement des \u00e9tudiants en soins infirmiers et des \u00e9l\u00e8ves aides-soignants<\/p>\n\n\n\n<p class=\"has-white-color has-text-color has-link-color wp-elements-21521f7701407c7d3f43fad988dfecfd\"><a href=\"https:\/\/www.ifsi-clermont60.fr\/site\/index.php\/ameliorer-lencadrement-des-etudiants-en-soinsinfirmiers-et-des-eleves-aides-soignants\/\">Cliquez ici<\/a><\/p>\n<\/div><\/div>\n<\/div>\n<\/div>\n\n\n\n<hr class=\"wp-block-separator has-text-color has-vivid-green-cyan-color has-css-opacity has-vivid-green-cyan-background-color has-background is-style-wide\"\/>\n\n\n\n<h2 class=\"wp-block-heading has-black-color has-text-color\" id=\"nombre-de-formations-realisees\"><strong>Nombre de formations r\u00e9alis\u00e9es<\/strong> <strong>\u00e0 l&rsquo;institut de formation<\/strong><\/h2>\n\n\n\n<figure class=\"wp-block-embed aligncenter is-type-wp-embed is-provider-genially wp-block-embed-genially\"><div class=\"wp-block-embed__wrapper\">\n<iframe class=\"wp-embedded-content\" sandbox=\"allow-scripts\" security=\"restricted\" title=\"Formation continue 2024\" frameborder='0' width='1200' height='675' src='https:\/\/view.genially.com\/673c834e25dd123cd69ccd03#?secret=uTbURnfSUl' data-secret='uTbURnfSUl' scrolling='yes'><\/iframe>\n<\/div><\/figure>\n\n\n\n<hr class=\"wp-block-separator has-text-color has-vivid-green-cyan-color has-css-opacity has-vivid-green-cyan-background-color has-background is-style-wide\"\/>\n\n\n<div class=\"wp-block-jetpack-rating-star\" style=\"text-align:center\" itemprop=\"reviewRating\" itemscope itemtype=\"http:\/\/schema.org\/Rating\"><p><span aria-hidden=\"true\">\u2b50<\/span><span aria-hidden=\"true\">\u2b50<\/span><span aria-hidden=\"true\">\u2b50<\/span><span aria-hidden=\"true\">\u2b50<\/span><span aria-hidden=\"true\">\u2b50<\/span><\/p><span style=\"display: none;\" itemprop=\"worstRating\" content=\"0.5\"><span>\n<svg xmlns=\"http:\/\/www.w3.org\/2000\/svg\" width=\"24\" height=\"24\" viewBox=\"0 0 24 24\">\n\t<path class=\"\" fill=\"currentColor\" stroke=\"currentColor\" d=\"M12,17.3l6.2,3.7l-1.6-7L22,9.2l-7.2-0.6L12,2L9.2,8.6L2,9.2L7.5,14l-1.6,7L12,17.3z\" \/>\n<\/svg>\n<\/span>\n<span>\n<svg xmlns=\"http:\/\/www.w3.org\/2000\/svg\" width=\"24\" height=\"24\" viewBox=\"0 0 24 24\">\n\t<path class=\"\" fill=\"currentColor\" stroke=\"currentColor\" d=\"M12,17.3l6.2,3.7l-1.6-7L22,9.2l-7.2-0.6L12,2L9.2,8.6L2,9.2L7.5,14l-1.6,7L12,17.3z\" \/>\n<\/svg>\n<\/span><\/span><span style=\"display: none;\" ><span>\n<svg xmlns=\"http:\/\/www.w3.org\/2000\/svg\" width=\"24\" height=\"24\" viewBox=\"0 0 24 24\">\n\t<path class=\"\" fill=\"currentColor\" stroke=\"currentColor\" d=\"M12,17.3l6.2,3.7l-1.6-7L22,9.2l-7.2-0.6L12,2L9.2,8.6L2,9.2L7.5,14l-1.6,7L12,17.3z\" \/>\n<\/svg>\n<\/span>\n<span>\n<svg xmlns=\"http:\/\/www.w3.org\/2000\/svg\" width=\"24\" height=\"24\" viewBox=\"0 0 24 24\">\n\t<path class=\"\" fill=\"currentColor\" stroke=\"currentColor\" d=\"M12,17.3l6.2,3.7l-1.6-7L22,9.2l-7.2-0.6L12,2L9.2,8.6L2,9.2L7.5,14l-1.6,7L12,17.3z\" \/>\n<\/svg>\n<\/span><\/span><span style=\"display: none;\" ><span>\n<svg xmlns=\"http:\/\/www.w3.org\/2000\/svg\" width=\"24\" height=\"24\" viewBox=\"0 0 24 24\">\n\t<path class=\"\" fill=\"currentColor\" stroke=\"currentColor\" d=\"M12,17.3l6.2,3.7l-1.6-7L22,9.2l-7.2-0.6L12,2L9.2,8.6L2,9.2L7.5,14l-1.6,7L12,17.3z\" \/>\n<\/svg>\n<\/span>\n<span>\n<svg xmlns=\"http:\/\/www.w3.org\/2000\/svg\" width=\"24\" height=\"24\" viewBox=\"0 0 24 24\">\n\t<path class=\"\" fill=\"currentColor\" stroke=\"currentColor\" d=\"M12,17.3l6.2,3.7l-1.6-7L22,9.2l-7.2-0.6L12,2L9.2,8.6L2,9.2L7.5,14l-1.6,7L12,17.3z\" \/>\n<\/svg>\n<\/span><\/span><span style=\"display: none;\" ><span>\n<svg xmlns=\"http:\/\/www.w3.org\/2000\/svg\" width=\"24\" height=\"24\" viewBox=\"0 0 24 24\">\n\t<path class=\"\" fill=\"currentColor\" stroke=\"currentColor\" d=\"M12,17.3l6.2,3.7l-1.6-7L22,9.2l-7.2-0.6L12,2L9.2,8.6L2,9.2L7.5,14l-1.6,7L12,17.3z\" \/>\n<\/svg>\n<\/span>\n<span>\n<svg xmlns=\"http:\/\/www.w3.org\/2000\/svg\" width=\"24\" height=\"24\" viewBox=\"0 0 24 24\">\n\t<path class=\"\" fill=\"currentColor\" stroke=\"currentColor\" d=\"M12,17.3l6.2,3.7l-1.6-7L22,9.2l-7.2-0.6L12,2L9.2,8.6L2,9.2L7.5,14l-1.6,7L12,17.3z\" \/>\n<\/svg>\n<\/span><\/span><span style=\"display: none;\" itemprop=\"bestRating\" content=\"5\"><span>\n<svg xmlns=\"http:\/\/www.w3.org\/2000\/svg\" width=\"24\" height=\"24\" viewBox=\"0 0 24 24\">\n\t<path class=\"\" fill=\"currentColor\" stroke=\"currentColor\" d=\"M12,17.3l6.2,3.7l-1.6-7L22,9.2l-7.2-0.6L12,2L9.2,8.6L2,9.2L7.5,14l-1.6,7L12,17.3z\" \/>\n<\/svg>\n<\/span>\n<span>\n<svg xmlns=\"http:\/\/www.w3.org\/2000\/svg\" width=\"24\" height=\"24\" viewBox=\"0 0 24 24\">\n\t<path class=\"\" fill=\"currentColor\" stroke=\"currentColor\" d=\"M12,17.3l6.2,3.7l-1.6-7L22,9.2l-7.2-0.6L12,2L9.2,8.6L2,9.2L7.5,14l-1.6,7L12,17.3z\" \/>\n<\/svg>\n<\/span><\/span><span itemprop=\"ratingValue\" class=\"screen-reader-text\" content=\"5\">Note\u00a0: 5\u00a0sur 5.<\/span><\/div>\n\n<div class=\"alignwide wp-block-ctrb-counters\" id='ctrbCounters-1' data-attributes='{&quot;counters&quot;:[{&quot;background&quot;:{&quot;color&quot;:&quot;#0000&quot;,&quot;type&quot;:&quot;solid&quot;},&quot;icon&quot;:{&quot;class&quot;:&quot;fa-solid fa-percent&quot;,&quot;fontSize&quot;:50,&quot;color&quot;:&quot;#4527a4&quot;},&quot;number&quot;:{&quot;start&quot;:0,&quot;end&quot;:100,&quot;prefix&quot;:&quot;&quot;,&quot;suffix&quot;:&quot;&quot;,&quot;color&quot;:&quot;#4527a4&quot;},&quot;label&quot;:{&quot;text&quot;:&quot;R\\u00e9ussite AFGSU&lt;br&gt;en 2024&lt;br&gt;Participation de 382 apprenants&quot;,&quot;color&quot;:&quot;#4527a4&quot;}}],&quot;theme&quot;:&quot;theme2&quot;,&quot;columns&quot;:{&quot;desktop&quot;:1,&quot;tablet&quot;:2,&quot;mobile&quot;:1},&quot;duration&quot;:2041,&quot;background&quot;:{&quot;color&quot;:&quot;#0000&quot;,&quot;type&quot;:&quot;solid&quot;,&quot;image&quot;:{&quot;url&quot;:&quot;https:\\\/\\\/i.imgur.com\\\/n8bbzIE.jpeg&quot;},&quot;overlayColor&quot;:&quot;#000000b3&quot;},&quot;counterHeight&quot;:&quot;175px&quot;,&quot;iconPosition&quot;:&quot;label&quot;,&quot;labelTypo&quot;:{&quot;fontSize&quot;:{&quot;desktop&quot;:14,&quot;tablet&quot;:20,&quot;mobile&quot;:18},&quot;textTransform&quot;:&quot;none&quot;,&quot;textDecoration&quot;:&quot;auto&quot;,&quot;lineHeight&quot;:&quot;130%&quot;},&quot;counterBorder&quot;:{&quot;radius&quot;:&quot;5px&quot;,&quot;width&quot;:&quot;2px&quot;,&quot;color&quot;:&quot;#4527a4&quot;},&quot;align&quot;:&quot;wide&quot;,&quot;columnGap&quot;:&quot;20px&quot;,&quot;rowGap&quot;:&quot;30px&quot;,&quot;separator&quot;:{&quot;char&quot;:&quot;&quot;},&quot;padding&quot;:{&quot;vertical&quot;:&quot;20px&quot;,&quot;horizontal&quot;:&quot;0px&quot;},&quot;textAlign&quot;:&quot;center&quot;,&quot;counterWidth&quot;:&quot;250px&quot;,&quot;isIcon&quot;:true,&quot;iconSize&quot;:50,&quot;numberTypo&quot;:{&quot;fontSize&quot;:{&quot;desktop&quot;:48,&quot;tablet&quot;:40,&quot;mobile&quot;:32}},&quot;isLabel&quot;:true,&quot;counterPadding&quot;:{&quot;vertical&quot;:&quot;20px&quot;,&quot;horizontal&quot;:&quot;20px&quot;},&quot;counterShadow&quot;:[]}'><\/div>\n\n\n<h2 class=\"wp-block-heading has-text-color\" id=\"indicateurs-de-resultats-de-satisfaction\" style=\"color:#118f03\"><strong>Indicateurs de r\u00e9sultats de satisfaction<\/strong><\/h2>\n\n\n\n<div class=\"alignnormal\"><div id=\"metaslider-id-5532\" style=\"width: 100%;\" class=\"ml-slider-3-108-0 metaslider metaslider-flex metaslider-5532 ml-slider has-dots-nav ms-theme-bitono\" role=\"region\" aria-label=\"Bilan satisfaction Formation Continue\" data-height=\"300\" data-width=\"700\">\n    <div id=\"metaslider_container_5532\">\n        <div id=\"metaslider_5532\">\n            <ul class='slides'>\n                <li style=\"display: block; width: 100%;\" class=\"slide-5536 ms-image \" aria-roledescription=\"slide\" data-date=\"2025-09-05 14:40:44\" data-filename=\"Diapositive1.jpg\" data-slide-type=\"image\"><img fetchpriority=\"high\" decoding=\"async\" width=\"1280\" height=\"720\" src=\"https:\/\/www.ifsi-clermont60.fr\/site\/wp-content\/uploads\/2025\/09\/Diapositive1.jpg\" class=\"slider-5532 slide-5536 msDefaultImage\" alt=\"\" rel=\"\" title=\"Diapositive1\" srcset=\"https:\/\/www.ifsi-clermont60.fr\/site\/wp-content\/uploads\/2025\/09\/Diapositive1.jpg 1280w, https:\/\/www.ifsi-clermont60.fr\/site\/wp-content\/uploads\/2025\/09\/Diapositive1-300x169.jpg 300w, https:\/\/www.ifsi-clermont60.fr\/site\/wp-content\/uploads\/2025\/09\/Diapositive1-1024x576.jpg 1024w, https:\/\/www.ifsi-clermont60.fr\/site\/wp-content\/uploads\/2025\/09\/Diapositive1-768x432.jpg 768w\" sizes=\"(max-width: 1280px) 100vw, 1280px\" \/><\/li>\n                <li style=\"display: none; width: 100%;\" class=\"slide-5537 ms-image \" aria-roledescription=\"slide\" data-date=\"2025-09-05 14:40:44\" data-filename=\"Diapositive2.jpg\" data-slide-type=\"image\"><img decoding=\"async\" width=\"1280\" height=\"720\" src=\"https:\/\/www.ifsi-clermont60.fr\/site\/wp-content\/uploads\/2025\/09\/Diapositive2.jpg\" class=\"slider-5532 slide-5537 msDefaultImage\" alt=\"\" rel=\"\" title=\"Diapositive2\" srcset=\"https:\/\/www.ifsi-clermont60.fr\/site\/wp-content\/uploads\/2025\/09\/Diapositive2.jpg 1280w, https:\/\/www.ifsi-clermont60.fr\/site\/wp-content\/uploads\/2025\/09\/Diapositive2-300x169.jpg 300w, https:\/\/www.ifsi-clermont60.fr\/site\/wp-content\/uploads\/2025\/09\/Diapositive2-1024x576.jpg 1024w, https:\/\/www.ifsi-clermont60.fr\/site\/wp-content\/uploads\/2025\/09\/Diapositive2-768x432.jpg 768w\" sizes=\"(max-width: 1280px) 100vw, 1280px\" \/><\/li>\n                <li style=\"display: none; width: 100%;\" class=\"slide-5538 ms-image \" aria-roledescription=\"slide\" data-date=\"2025-09-05 14:40:44\" data-filename=\"Diapositive3.jpg\" data-slide-type=\"image\"><img decoding=\"async\" width=\"1280\" height=\"720\" src=\"https:\/\/www.ifsi-clermont60.fr\/site\/wp-content\/uploads\/2025\/09\/Diapositive3.jpg\" class=\"slider-5532 slide-5538 msDefaultImage\" alt=\"\" rel=\"\" title=\"Diapositive3\" srcset=\"https:\/\/www.ifsi-clermont60.fr\/site\/wp-content\/uploads\/2025\/09\/Diapositive3.jpg 1280w, https:\/\/www.ifsi-clermont60.fr\/site\/wp-content\/uploads\/2025\/09\/Diapositive3-300x169.jpg 300w, https:\/\/www.ifsi-clermont60.fr\/site\/wp-content\/uploads\/2025\/09\/Diapositive3-1024x576.jpg 1024w, https:\/\/www.ifsi-clermont60.fr\/site\/wp-content\/uploads\/2025\/09\/Diapositive3-768x432.jpg 768w\" sizes=\"(max-width: 1280px) 100vw, 1280px\" \/><\/li>\n            <\/ul>\n        <\/div>\n        \n    <\/div>\n<\/div><\/div>\n\n\n\n<hr class=\"wp-block-separator has-text-color has-vivid-green-cyan-color has-css-opacity has-vivid-green-cyan-background-color has-background is-style-wide\"\/>\n\n\n\n<h2 class=\"wp-block-heading has-black-color has-text-color has-medium-font-size\" id=\"il-nous-ont-fait-confiance\"><strong>Au total, depuis 2021,  1305 professionnels nous ont fait confiance<\/strong> !<\/h2>\n\n\n<div class=\"wp-block-image is-resized\">\n<figure class=\"aligncenter size-large\"><img loading=\"lazy\" decoding=\"async\" width=\"1024\" height=\"1024\" src=\"https:\/\/www.ifsi-clermont60.fr\/site\/wp-content\/uploads\/2022\/02\/image-52-1024x1024.png\" alt=\"\" class=\"wp-image-2608\" style=\"width:506px;height:auto\" srcset=\"https:\/\/www.ifsi-clermont60.fr\/site\/wp-content\/uploads\/2022\/02\/image-52.png 1024w, https:\/\/www.ifsi-clermont60.fr\/site\/wp-content\/uploads\/2022\/02\/image-52-300x300.png 300w, https:\/\/www.ifsi-clermont60.fr\/site\/wp-content\/uploads\/2022\/02\/image-52-150x150.png 150w, https:\/\/www.ifsi-clermont60.fr\/site\/wp-content\/uploads\/2022\/02\/image-52-768x768.png 768w, https:\/\/www.ifsi-clermont60.fr\/site\/wp-content\/uploads\/2022\/02\/image-52-100x100.png 100w\" sizes=\"(max-width: 1024px) 100vw, 1024px\" \/><\/figure>\n<\/div>","protected":false},"excerpt":{"rendered":"<p>Les actions de formation que nous proposons \u00e0 l\u2019Institut Lucien Floury : \u25ba Visent le d\u00e9veloppement des comp\u00e9tences pour:&#8211; Accompagner les \u00e9tudiants \/\u00e9l\u00e8ves&#8211; Prendre soin des personnes, en \u00e9quipe pluriprofessionnelle&hellip;<\/p>\n","protected":false},"author":1,"featured_media":0,"parent":0,"menu_order":0,"comment_status":"closed","ping_status":"closed","template":"","meta":{"footnotes":""},"class_list":["post-128","page","type-page","status-publish","hentry"],"jetpack_sharing_enabled":true,"_links":{"self":[{"href":"https:\/\/www.ifsi-clermont60.fr\/site\/index.php\/wp-json\/wp\/v2\/pages\/128","targetHints":{"allow":["GET"]}}],"collection":[{"href":"https:\/\/www.ifsi-clermont60.fr\/site\/index.php\/wp-json\/wp\/v2\/pages"}],"about":[{"href":"https:\/\/www.ifsi-clermont60.fr\/site\/index.php\/wp-json\/wp\/v2\/types\/page"}],"author":[{"embeddable":true,"href":"https:\/\/www.ifsi-clermont60.fr\/site\/index.php\/wp-json\/wp\/v2\/users\/1"}],"replies":[{"embeddable":true,"href":"https:\/\/www.ifsi-clermont60.fr\/site\/index.php\/wp-json\/wp\/v2\/comments?post=128"}],"version-history":[{"count":109,"href":"https:\/\/www.ifsi-clermont60.fr\/site\/index.php\/wp-json\/wp\/v2\/pages\/128\/revisions"}],"predecessor-version":[{"id":6026,"href":"https:\/\/www.ifsi-clermont60.fr\/site\/index.php\/wp-json\/wp\/v2\/pages\/128\/revisions\/6026"}],"wp:attachment":[{"href":"https:\/\/www.ifsi-clermont60.fr\/site\/index.php\/wp-json\/wp\/v2\/media?parent=128"}],"curies":[{"name":"wp","href":"https:\/\/api.w.org\/{rel}","templated":true}]}}