{"id":106,"date":"2017-04-10T11:06:44","date_gmt":"2017-04-10T09:06:44","guid":{"rendered":"http:\/\/ifsiclervf.cluster020.hosting.ovh.net\/site\/?page_id=106"},"modified":"2025-10-31T14:16:39","modified_gmt":"2025-10-31T13:16:39","slug":"vie-etudiante","status":"publish","type":"page","link":"https:\/\/www.ifsi-clermont60.fr\/site\/index.php\/vie-etudiante\/","title":{"rendered":"Vie \u00e9tudiante"},"content":{"rendered":"\n<figure class=\"wp-block-embed is-type-wp-embed is-provider-bienvenue-sur-le-site-internet-de-l-039-ifsi-ifas-de-clermont-de-l-039-oise wp-block-embed-bienvenue-sur-le-site-internet-de-l-039-ifsi-ifas-de-clermont-de-l-039-oise\"><div class=\"wp-block-embed__wrapper\">\n<blockquote class=\"wp-embedded-content\" data-secret=\"dSJypjHS9v\"><a href=\"https:\/\/www.ifsi-clermont60.fr\/site\/index.php\/guide-pratique-et-reglement-interieur-de-linstitut\/\">Guide pratique et R\u00e8glement Int\u00e9rieur<\/a><\/blockquote><iframe class=\"wp-embedded-content\" sandbox=\"allow-scripts\" security=\"restricted\" style=\"position: absolute; visibility: hidden;\" title=\"\u00ab\u00a0Guide pratique et R\u00e8glement Int\u00e9rieur\u00a0\u00bb &#8212; Bienvenue sur le site internet de l&#039;IFSI\/IFAS de Clermont de l&#039;Oise\" src=\"https:\/\/www.ifsi-clermont60.fr\/site\/index.php\/guide-pratique-et-reglement-interieur-de-linstitut\/embed\/#?secret=7R2yWhcu4b#?secret=dSJypjHS9v\" data-secret=\"dSJypjHS9v\" width=\"500\" height=\"282\" frameborder=\"0\" marginwidth=\"0\" marginheight=\"0\" scrolling=\"no\"><\/iframe>\n<\/div><\/figure>\n\n\n\n<figure class=\"wp-block-embed is-type-wp-embed is-provider-bienvenue-sur-le-site-internet-de-l-039-ifsi-ifas-de-clermont-de-l-039-oise wp-block-embed-bienvenue-sur-le-site-internet-de-l-039-ifsi-ifas-de-clermont-de-l-039-oise\"><div class=\"wp-block-embed__wrapper\">\n<blockquote class=\"wp-embedded-content\" data-secret=\"hx24sGiYKE\"><a href=\"https:\/\/www.ifsi-clermont60.fr\/site\/index.php\/transport\/\">Transports<\/a><\/blockquote><iframe class=\"wp-embedded-content\" sandbox=\"allow-scripts\" security=\"restricted\" style=\"position: absolute; visibility: hidden;\" title=\"\u00ab\u00a0Transports\u00a0\u00bb &#8212; Bienvenue sur le site internet de l&#039;IFSI\/IFAS de Clermont de l&#039;Oise\" src=\"https:\/\/www.ifsi-clermont60.fr\/site\/index.php\/transport\/embed\/#?secret=ANBeBUXAtA#?secret=hx24sGiYKE\" data-secret=\"hx24sGiYKE\" width=\"500\" height=\"282\" frameborder=\"0\" marginwidth=\"0\" marginheight=\"0\" scrolling=\"no\"><\/iframe>\n<\/div><\/figure>\n\n\n\n<figure class=\"wp-block-embed is-type-wp-embed is-provider-bienvenue-sur-le-site-internet-de-l-039-ifsi-ifas-de-clermont-de-l-039-oise wp-block-embed-bienvenue-sur-le-site-internet-de-l-039-ifsi-ifas-de-clermont-de-l-039-oise\"><div class=\"wp-block-embed__wrapper\">\n<blockquote class=\"wp-embedded-content\" data-secret=\"oeH0iUlUrE\"><a href=\"https:\/\/www.ifsi-clermont60.fr\/site\/index.php\/logements\/\">Logements<\/a><\/blockquote><iframe class=\"wp-embedded-content\" sandbox=\"allow-scripts\" security=\"restricted\" style=\"position: absolute; visibility: hidden;\" title=\"\u00ab\u00a0Logements\u00a0\u00bb &#8212; Bienvenue sur le site internet de l&#039;IFSI\/IFAS de Clermont de l&#039;Oise\" src=\"https:\/\/www.ifsi-clermont60.fr\/site\/index.php\/logements\/embed\/#?secret=Bo4N3wknmc#?secret=oeH0iUlUrE\" data-secret=\"oeH0iUlUrE\" width=\"500\" height=\"282\" frameborder=\"0\" marginwidth=\"0\" marginheight=\"0\" scrolling=\"no\"><\/iframe>\n<\/div><\/figure>\n\n\n\n<figure class=\"wp-block-embed is-type-wp-embed is-provider-bienvenue-sur-le-site-internet-de-l-039-ifsi-ifas-de-clermont-de-l-039-oise wp-block-embed-bienvenue-sur-le-site-internet-de-l-039-ifsi-ifas-de-clermont-de-l-039-oise\"><div class=\"wp-block-embed__wrapper\">\n<blockquote class=\"wp-embedded-content\" data-secret=\"meikO3PDjB\"><a href=\"https:\/\/www.ifsi-clermont60.fr\/site\/index.php\/restauration\/\">Restauration<\/a><\/blockquote><iframe class=\"wp-embedded-content\" sandbox=\"allow-scripts\" security=\"restricted\" style=\"position: absolute; visibility: hidden;\" title=\"\u00ab\u00a0Restauration\u00a0\u00bb &#8212; Bienvenue sur le site internet de l&#039;IFSI\/IFAS de Clermont de l&#039;Oise\" src=\"https:\/\/www.ifsi-clermont60.fr\/site\/index.php\/restauration\/embed\/#?secret=yctgUN2gLs#?secret=meikO3PDjB\" data-secret=\"meikO3PDjB\" width=\"500\" height=\"282\" frameborder=\"0\" marginwidth=\"0\" marginheight=\"0\" scrolling=\"no\"><\/iframe>\n<\/div><\/figure>\n\n\n\n<figure class=\"wp-block-embed is-type-wp-embed is-provider-bienvenue-sur-le-site-internet-de-l-039-ifsi-ifas-de-clermont-de-l-039-oise wp-block-embed-bienvenue-sur-le-site-internet-de-l-039-ifsi-ifas-de-clermont-de-l-039-oise\"><div class=\"wp-block-embed__wrapper\">\n<blockquote class=\"wp-embedded-content\" data-secret=\"I4qrPIo6tZ\"><a href=\"https:\/\/www.ifsi-clermont60.fr\/site\/index.php\/aides-financieres-et-soutien\/\">Aides \/ Soutien<\/a><\/blockquote><iframe class=\"wp-embedded-content\" sandbox=\"allow-scripts\" security=\"restricted\" style=\"position: absolute; visibility: hidden;\" title=\"\u00ab\u00a0Aides \/ Soutien\u00a0\u00bb &#8212; Bienvenue sur le site internet de l&#039;IFSI\/IFAS de Clermont de l&#039;Oise\" src=\"https:\/\/www.ifsi-clermont60.fr\/site\/index.php\/aides-financieres-et-soutien\/embed\/#?secret=Dup1I2OeRx#?secret=I4qrPIo6tZ\" data-secret=\"I4qrPIo6tZ\" width=\"500\" height=\"282\" frameborder=\"0\" marginwidth=\"0\" marginheight=\"0\" scrolling=\"no\"><\/iframe>\n<\/div><\/figure>\n\n\n\n<figure class=\"wp-block-embed is-type-wp-embed is-provider-bienvenue-sur-le-site-internet-de-l-039-ifsi-ifas-de-clermont-de-l-039-oise wp-block-embed-bienvenue-sur-le-site-internet-de-l-039-ifsi-ifas-de-clermont-de-l-039-oise\"><div class=\"wp-block-embed__wrapper\">\n<blockquote class=\"wp-embedded-content\" data-secret=\"sDnUhdEOEY\"><a href=\"https:\/\/www.ifsi-clermont60.fr\/site\/index.php\/la-section-de-vie-etudiante-et-eleve\/\">Section de Vie \u00c9tudiante et \u00e9l\u00e8ve\u00a0<\/a><\/blockquote><iframe class=\"wp-embedded-content\" sandbox=\"allow-scripts\" security=\"restricted\" style=\"position: absolute; visibility: hidden;\" title=\"\u00ab\u00a0Section de Vie \u00c9tudiante et \u00e9l\u00e8ve\u00a0\u00a0\u00bb &#8212; Bienvenue sur le site internet de l&#039;IFSI\/IFAS de Clermont de l&#039;Oise\" src=\"https:\/\/www.ifsi-clermont60.fr\/site\/index.php\/la-section-de-vie-etudiante-et-eleve\/embed\/#?secret=Agh79zZNfL#?secret=sDnUhdEOEY\" data-secret=\"sDnUhdEOEY\" width=\"500\" height=\"282\" frameborder=\"0\" marginwidth=\"0\" marginheight=\"0\" scrolling=\"no\"><\/iframe>\n<\/div><\/figure>\n","protected":false},"excerpt":{"rendered":"","protected":false},"author":1,"featured_media":0,"parent":0,"menu_order":0,"comment_status":"closed","ping_status":"closed","template":"","meta":{"footnotes":""},"class_list":["post-106","page","type-page","status-publish","hentry"],"jetpack_sharing_enabled":true,"_links":{"self":[{"href":"https:\/\/www.ifsi-clermont60.fr\/site\/index.php\/wp-json\/wp\/v2\/pages\/106","targetHints":{"allow":["GET"]}}],"collection":[{"href":"https:\/\/www.ifsi-clermont60.fr\/site\/index.php\/wp-json\/wp\/v2\/pages"}],"about":[{"href":"https:\/\/www.ifsi-clermont60.fr\/site\/index.php\/wp-json\/wp\/v2\/types\/page"}],"author":[{"embeddable":true,"href":"https:\/\/www.ifsi-clermont60.fr\/site\/index.php\/wp-json\/wp\/v2\/users\/1"}],"replies":[{"embeddable":true,"href":"https:\/\/www.ifsi-clermont60.fr\/site\/index.php\/wp-json\/wp\/v2\/comments?post=106"}],"version-history":[{"count":183,"href":"https:\/\/www.ifsi-clermont60.fr\/site\/index.php\/wp-json\/wp\/v2\/pages\/106\/revisions"}],"predecessor-version":[{"id":6137,"href":"https:\/\/www.ifsi-clermont60.fr\/site\/index.php\/wp-json\/wp\/v2\/pages\/106\/revisions\/6137"}],"wp:attachment":[{"href":"https:\/\/www.ifsi-clermont60.fr\/site\/index.php\/wp-json\/wp\/v2\/media?parent=106"}],"curies":[{"name":"wp","href":"https:\/\/api.w.org\/{rel}","templated":true}]}}